{"id":2501,"date":"2023-03-10T11:23:42","date_gmt":"2023-03-10T11:23:42","guid":{"rendered":"https:\/\/klbtheme.com\/blonwe\/?page_id=2501"},"modified":"2024-05-23T17:37:48","modified_gmt":"2024-05-23T10:37:48","slug":"contact-us-2","status":"publish","type":"page","link":"https:\/\/thorakao.com\/en\/contact-us-2\/","title":{"rendered":"Contact us"},"content":{"rendered":"<div data-elementor-type=\"wp-page\" data-elementor-id=\"2501\" class=\"elementor elementor-2501\" data-elementor-post-type=\"page\">\n\t\t\t\t\t\t<section class=\"elementor-section elementor-top-section elementor-element elementor-element-aab64be elementor-section-full_width elementor-section-height-default elementor-section-height-default\" data-id=\"aab64be\" data-element_type=\"section\" data-e-type=\"section\">\n\t\t\t\t\t\t<div class=\"elementor-container elementor-column-gap-no\">\n\t\t\t\t\t<div class=\"elementor-column elementor-col-100 elementor-top-column elementor-element elementor-element-520dd43\" data-id=\"520dd43\" data-element_type=\"column\" data-e-type=\"column\">\n\t\t\t<div class=\"elementor-widget-wrap elementor-element-populated\">\n\t\t\t\t\t\t<div class=\"elementor-element elementor-element-ce9fa01 elementor-widget elementor-widget-image\" data-id=\"ce9fa01\" data-element_type=\"widget\" data-e-type=\"widget\" data-widget_type=\"image.default\">\n\t\t\t\t<div class=\"elementor-widget-container\">\n\t\t\t\t\t\t\t\t\t\t\t\t\t\t\t<img fetchpriority=\"high\" decoding=\"async\" width=\"2044\" height=\"384\" src=\"https:\/\/thorakao.com\/wp-content\/uploads\/2024\/02\/Banner-Demo-12.jpg\" class=\"attachment-full size-full wp-image-4244\" alt=\"\" srcset=\"https:\/\/thorakao.com\/wp-content\/uploads\/2024\/02\/Banner-Demo-12.jpg 2044w, https:\/\/thorakao.com\/wp-content\/uploads\/2024\/02\/Banner-Demo-12-90x17.jpg 90w, https:\/\/thorakao.com\/wp-content\/uploads\/2024\/02\/Banner-Demo-12-600x113.jpg 600w, https:\/\/thorakao.com\/wp-content\/uploads\/2024\/02\/Banner-Demo-12-300x56.jpg 300w, https:\/\/thorakao.com\/wp-content\/uploads\/2024\/02\/Banner-Demo-12-1024x192.jpg 1024w, https:\/\/thorakao.com\/wp-content\/uploads\/2024\/02\/Banner-Demo-12-768x144.jpg 768w, https:\/\/thorakao.com\/wp-content\/uploads\/2024\/02\/Banner-Demo-12-1536x289.jpg 1536w\" sizes=\"(max-width: 2044px) 100vw, 2044px\" \/>\t\t\t\t\t\t\t\t\t\t\t\t\t\t\t<\/div>\n\t\t\t\t<\/div>\n\t\t\t\t\t<\/div>\n\t\t<\/div>\n\t\t\t\t\t<\/div>\n\t\t<\/section>\n\t\t\t\t<section class=\"elementor-section elementor-top-section elementor-element elementor-element-0628da3 elementor-section-boxed elementor-section-height-default elementor-section-height-default\" data-id=\"0628da3\" data-element_type=\"section\" data-e-type=\"section\">\n\t\t\t\t\t\t<div class=\"elementor-container elementor-column-gap-extended\">\n\t\t\t\t\t<div class=\"elementor-column elementor-col-33 elementor-top-column elementor-element elementor-element-5f00ec7\" data-id=\"5f00ec7\" data-element_type=\"column\" data-e-type=\"column\">\n\t\t\t<div class=\"elementor-widget-wrap elementor-element-populated\">\n\t\t\t\t\t\t<div class=\"elementor-element elementor-element-e6ff941 for-hero-bg elementor-widget elementor-widget-blonwe-contact-form-7\" data-id=\"e6ff941\" data-element_type=\"widget\" data-e-type=\"widget\" data-widget_type=\"blonwe-contact-form-7.default\">\n\t\t\t\t<div class=\"elementor-widget-container\">\n\t\t\t\t\t<div class=\"klb-contact-form contact-form\"><div class=\"form-header\"><h3 class=\"entry-title\">Contact with Thorakao !<\/h3><div class=\"entry-description\"><p>Contact us for completely free support. <\/p><\/div><\/div>[contact-form-7 id=\"2343\"]<\/div><!-- contact-form -->\t\t\t\t<\/div>\n\t\t\t\t<\/div>\n\t\t\t\t\t<\/div>\n\t\t<\/div>\n\t\t\t\t<div class=\"elementor-column elementor-col-33 elementor-top-column elementor-element elementor-element-708c5c6\" data-id=\"708c5c6\" data-element_type=\"column\" data-e-type=\"column\">\n\t\t\t<div class=\"elementor-widget-wrap\">\n\t\t\t\t\t\t\t<\/div>\n\t\t<\/div>\n\t\t\t\t<div class=\"elementor-column elementor-col-33 elementor-top-column elementor-element elementor-element-3c6f579\" data-id=\"3c6f579\" data-element_type=\"column\" data-e-type=\"column\">\n\t\t\t<div class=\"elementor-widget-wrap elementor-element-populated\">\n\t\t\t\t\t\t<div class=\"elementor-element elementor-element-bb959ff elementor-widget elementor-widget-blonwe-address-box\" data-id=\"bb959ff\" data-element_type=\"widget\" data-e-type=\"widget\" data-widget_type=\"blonwe-address-box.default\">\n\t\t\t\t<div class=\"elementor-widget-container\">\n\t\t\t\t\t<div class=\"klb-address-detail style-3\"><div class=\"address-icon color-red\"><i class=\"klb-ecommerce-icon-online-store-thin\"><\/i><\/div><div class=\"address-detail\"><div class=\"address-title\">Ho Chi Minh City Office<\/div><p class=\"address\">24bis Cach Mang Thang Tam, Ward 04, District 3, Ho Chi Minh City\n\n<\/p><p class=\"phone\"><a href=\"tel:0283 832 7381\">0283 832 7381<\/a><\/p><a href=\"mailto:info@thorakao.com\" class=\"email\">info@thorakao.com<\/a><\/div><\/div>\t\t\t\t<\/div>\n\t\t\t\t<\/div>\n\t\t\t\t<div class=\"elementor-element elementor-element-b269449 elementor-widget elementor-widget-blonwe-address-box\" data-id=\"b269449\" data-element_type=\"widget\" data-e-type=\"widget\" data-widget_type=\"blonwe-address-box.default\">\n\t\t\t\t<div class=\"elementor-widget-container\">\n\t\t\t\t\t<div class=\"klb-address-detail style-3\"><div class=\"address-icon color-red\"><i class=\"klb-ecommerce-icon-online-store-thin\"><\/i><\/div><div class=\"address-detail\"><div class=\"address-title\">Ha Noi Office<\/div><p class=\"address\">24bis Cach Mang Thang Tam, Ward 04, District 3, Ho Chi Minh City\n\n<\/p><p class=\"phone\"><a href=\"tel:0283 832 7381\">0283 832 7381<\/a><\/p><a href=\"mailto:info@thorakao.com\" class=\"email\">info@thorakao.com<\/a><\/div><\/div>\t\t\t\t<\/div>\n\t\t\t\t<\/div>\n\t\t\t\t\t<\/div>\n\t\t<\/div>\n\t\t\t\t\t<\/div>\n\t\t<\/section>\n\t\t\t\t<section class=\"elementor-section elementor-top-section elementor-element elementor-element-f722848 elementor-section-full_width elementor-section-height-default elementor-section-height-default\" data-id=\"f722848\" data-element_type=\"section\" data-e-type=\"section\">\n\t\t\t\t\t\t<div class=\"elementor-container elementor-column-gap-no\">\n\t\t\t\t\t<div class=\"elementor-column elementor-col-100 elementor-top-column elementor-element elementor-element-270d49b\" data-id=\"270d49b\" data-element_type=\"column\" data-e-type=\"column\">\n\t\t\t<div class=\"elementor-widget-wrap elementor-element-populated\">\n\t\t\t\t\t\t<div class=\"elementor-element elementor-element-fb96cbf elementor-widget elementor-widget-html\" data-id=\"fb96cbf\" data-element_type=\"widget\" data-e-type=\"widget\" data-widget_type=\"html.default\">\n\t\t\t\t<div class=\"elementor-widget-container\">\n\t\t\t\t\t<iframe src=\"https:\/\/www.google.com\/maps\/embed?pb=!1m18!1m12!1m3!1d3919.4540284116083!2d106.68109531187837!3d10.776495989327971!2m3!1f0!2f0!3f0!3m2!1i1024!2i768!4f13.1!3m3!1m2!1s0x31752f24c7c39ea1%3A0xd27d30acf440398a!2sTHORAKAO%20COSMETIC!5e0!3m2!1sen!2s!4v1708832248059!5m2!1sen!2s\" width=\"1920\"\" height=\"550\" style=\"border:0;\" allowfullscreen=\"\" loading=\"lazy\" referrerpolicy=\"no-referrer-when-downgrade\"><\/iframe>\t\t\t\t<\/div>\n\t\t\t\t<\/div>\n\t\t\t\t\t<\/div>\n\t\t<\/div>\n\t\t\t\t\t<\/div>\n\t\t<\/section>\n\t\t\t\t<section class=\"elementor-section elementor-top-section elementor-element elementor-element-343fa9a elementor-section-boxed elementor-section-height-default elementor-section-height-default\" data-id=\"343fa9a\" data-element_type=\"section\" data-e-type=\"section\">\n\t\t\t\t\t\t<div class=\"elementor-container elementor-column-gap-extended\">\n\t\t\t\t\t<div class=\"elementor-column elementor-col-25 elementor-top-column elementor-element elementor-element-3f778c3\" data-id=\"3f778c3\" data-element_type=\"column\" data-e-type=\"column\">\n\t\t\t<div class=\"elementor-widget-wrap elementor-element-populated\">\n\t\t\t\t\t\t<div class=\"elementor-element elementor-element-cb81910 elementor-widget elementor-widget-blonwe-icon-box\" data-id=\"cb81910\" data-element_type=\"widget\" data-e-type=\"widget\" data-widget_type=\"blonwe-icon-box.default\">\n\t\t\t\t<div class=\"elementor-widget-container\">\n\t\t\t\t\t<div class=\"klb-module module-iconbox\"><div class=\"module-body\"><div class=\"iconbox-icon\"><i class=\"klb-delivery-icon-ship-o\"><\/i><\/div><div class=\"iconbox-content\"><h4 class=\"entry-title\">Free Shipping<\/h4><p>On orders from 300,000 VND<\/p><\/div> <\/div> <\/div>\t\t\t\t<\/div>\n\t\t\t\t<\/div>\n\t\t\t\t\t<\/div>\n\t\t<\/div>\n\t\t\t\t<div class=\"elementor-column elementor-col-25 elementor-top-column elementor-element elementor-element-02a09c5\" data-id=\"02a09c5\" data-element_type=\"column\" data-e-type=\"column\">\n\t\t\t<div class=\"elementor-widget-wrap elementor-element-populated\">\n\t\t\t\t\t\t<div class=\"elementor-element elementor-element-fc8739c elementor-widget elementor-widget-blonwe-icon-box\" data-id=\"fc8739c\" data-element_type=\"widget\" data-e-type=\"widget\" data-widget_type=\"blonwe-icon-box.default\">\n\t\t\t\t<div class=\"elementor-widget-container\">\n\t\t\t\t\t<div class=\"klb-module module-iconbox\"><div class=\"module-body\"><div class=\"iconbox-icon\"><i class=\"klb-delivery-icon-call-center\"><\/i><\/div><div class=\"iconbox-content\"><h4 class=\"entry-title\">24\/7 Support<\/h4><p>We're always here to help<\/p><\/div> <\/div> <\/div>\t\t\t\t<\/div>\n\t\t\t\t<\/div>\n\t\t\t\t\t<\/div>\n\t\t<\/div>\n\t\t\t\t<div class=\"elementor-column elementor-col-25 elementor-top-column elementor-element elementor-element-bccfd5d\" data-id=\"bccfd5d\" data-element_type=\"column\" data-e-type=\"column\">\n\t\t\t<div class=\"elementor-widget-wrap elementor-element-populated\">\n\t\t\t\t\t\t<div class=\"elementor-element elementor-element-07377ab elementor-widget elementor-widget-blonwe-icon-box\" data-id=\"07377ab\" data-element_type=\"widget\" data-e-type=\"widget\" data-widget_type=\"blonwe-icon-box.default\">\n\t\t\t\t<div class=\"elementor-widget-container\">\n\t\t\t\t\t<div class=\"klb-module module-iconbox\"><div class=\"module-body\"><div class=\"iconbox-icon\"><i class=\"klb-delivery-icon-credit-card\"><\/i><\/div><div class=\"iconbox-content\"><h4 class=\"entry-title\">Refund Policy<\/h4><p>Hassle-free returns and refunds<\/p><\/div> <\/div> <\/div>\t\t\t\t<\/div>\n\t\t\t\t<\/div>\n\t\t\t\t\t<\/div>\n\t\t<\/div>\n\t\t\t\t<div class=\"elementor-column elementor-col-25 elementor-top-column elementor-element elementor-element-20fa492\" data-id=\"20fa492\" data-element_type=\"column\" data-e-type=\"column\">\n\t\t\t<div class=\"elementor-widget-wrap elementor-element-populated\">\n\t\t\t\t\t\t<div class=\"elementor-element elementor-element-854b386 elementor-widget elementor-widget-blonwe-icon-box\" data-id=\"854b386\" data-element_type=\"widget\" data-e-type=\"widget\" data-widget_type=\"blonwe-icon-box.default\">\n\t\t\t\t<div class=\"elementor-widget-container\">\n\t\t\t\t\t<div class=\"klb-module module-iconbox\"><div class=\"module-body\"><div class=\"iconbox-icon\"><i class=\"klb-delivery-icon-shopping-bag\"><\/i><\/div><div class=\"iconbox-content\"><h4 class=\"entry-title\">High-Quality Products<\/h4><p>Trusted products with commitment<\/p><\/div> <\/div> <\/div>\t\t\t\t<\/div>\n\t\t\t\t<\/div>\n\t\t\t\t\t<\/div>\n\t\t<\/div>\n\t\t\t\t\t<\/div>\n\t\t<\/section>\n\t\t\t\t<\/div>","protected":false},"excerpt":{"rendered":"<p>Li\u00ean l\u1ea1c v\u1edbi Thorakao ! H\u00e3y li\u00ean h\u1ec7 v\u1edbi ch\u00fang t\u00f4i \u0111\u1ec3 \u0111\u01b0\u1ee3c h\u1ed7 tr\u1ee3 ho\u00e0n to\u00e0n mi\u1ec5n ph\u00ed. T\u00ean kh\u00e1ch h\u00e0ng * \u0110\u1ecba ch\u1ec9 email * S\u1ed1 \u0111i\u1ec7n tho\u1ea1i * L\u1eddi nh\u1eafn V\u0103n Ph\u00f2ng TPHCM 241bis C\u00e1ch M\u1ea1ng Th\u00e1ng T\u00e1m, Ph\u01b0\u1eddng 04, Qu\u1eadn 3, Tp. HCM 0283 832 7381 info@thorakao.com V\u0103n Ph\u00f2ng H\u00e0 N\u1ed9i<\/p>\n<div class=\"klb-readmore button\"><a class=\"btn link\" href=\"https:\/\/thorakao.com\/en\/contact-us-2\/\">Read More <i class=\"klbth-icon-right-arrow\"><\/i><\/a><\/div>","protected":false},"author":1,"featured_media":0,"parent":0,"menu_order":0,"comment_status":"closed","ping_status":"closed","template":"","meta":{"_acf_changed":false,"footnotes":""},"class_list":["post-2501","page","type-page","status-publish","hentry"],"acf":[],"_links":{"self":[{"href":"https:\/\/thorakao.com\/en\/wp-json\/wp\/v2\/pages\/2501","targetHints":{"allow":["GET"]}}],"collection":[{"href":"https:\/\/thorakao.com\/en\/wp-json\/wp\/v2\/pages"}],"about":[{"href":"https:\/\/thorakao.com\/en\/wp-json\/wp\/v2\/types\/page"}],"author":[{"embeddable":true,"href":"https:\/\/thorakao.com\/en\/wp-json\/wp\/v2\/users\/1"}],"replies":[{"embeddable":true,"href":"https:\/\/thorakao.com\/en\/wp-json\/wp\/v2\/comments?post=2501"}],"version-history":[{"count":0,"href":"https:\/\/thorakao.com\/en\/wp-json\/wp\/v2\/pages\/2501\/revisions"}],"wp:attachment":[{"href":"https:\/\/thorakao.com\/en\/wp-json\/wp\/v2\/media?parent=2501"}],"curies":[{"name":"wp","href":"https:\/\/api.w.org\/{rel}","templated":true}]}}