{"id":8,"date":"2024-02-26T00:24:14","date_gmt":"2024-02-26T00:24:14","guid":{"rendered":"https:\/\/thorakao.com\/cart\/"},"modified":"2024-02-28T22:39:32","modified_gmt":"2024-02-28T15:39:32","slug":"cart-2","status":"publish","type":"page","link":"https:\/\/thorakao.com\/en\/cart-2\/","title":{"rendered":"Gi\u1ecf h\u00e0ng"},"content":{"rendered":"<div data-block-name=\"woocommerce\/cart\" class=\"wp-block-woocommerce-cart alignwide is-loading\">\n<div data-block-name=\"woocommerce\/filled-cart-block\" class=\"wp-block-woocommerce-filled-cart-block\">\n<div data-block-name=\"woocommerce\/cart-items-block\" class=\"wp-block-woocommerce-cart-items-block\">\n<div data-block-name=\"woocommerce\/cart-line-items-block\" class=\"wp-block-woocommerce-cart-line-items-block\"><\/div>\n\n\n\n<div data-block-name=\"woocommerce\/cart-cross-sells-block\" class=\"wp-block-woocommerce-cart-cross-sells-block\">\n<h2 class=\"wp-block-heading has-large-font-size\">You may be interested in\u2026<\/h2>\n\n\n\n<div data-block-name=\"woocommerce\/cart-cross-sells-products-block\" class=\"wp-block-woocommerce-cart-cross-sells-products-block\"><\/div>\n<\/div>\n<\/div>\n\n\n\n<div data-block-name=\"woocommerce\/cart-totals-block\" class=\"wp-block-woocommerce-cart-totals-block\">\n<div data-block-name=\"woocommerce\/cart-order-summary-block\" class=\"wp-block-woocommerce-cart-order-summary-block\">\n<div data-block-name=\"woocommerce\/cart-order-summary-heading-block\" class=\"wp-block-woocommerce-cart-order-summary-heading-block\"><\/div><div data-block-name=\"woocommerce\/cart-order-summary-coupon-form-block\" class=\"wp-block-woocommerce-cart-order-summary-coupon-form-block\"><\/div><div data-block-name=\"woocommerce\/cart-order-summary-totals-block\" class=\"wp-block-woocommerce-cart-order-summary-totals-block\">\n<div data-block-name=\"woocommerce\/cart-order-summary-subtotal-block\" class=\"wp-block-woocommerce-cart-order-summary-subtotal-block\"><\/div>\n<div data-block-name=\"woocommerce\/cart-order-summary-discount-block\" class=\"wp-block-woocommerce-cart-order-summary-discount-block\"><\/div>\n<div data-block-name=\"woocommerce\/cart-order-summary-fee-block\" class=\"wp-block-woocommerce-cart-order-summary-fee-block\"><\/div>\n<div data-block-name=\"woocommerce\/cart-order-summary-shipping-block\" class=\"wp-block-woocommerce-cart-order-summary-shipping-block\"><\/div>\n<div data-block-name=\"woocommerce\/cart-order-summary-taxes-block\" class=\"wp-block-woocommerce-cart-order-summary-taxes-block\"><\/div><\/div>\n<\/div>\n\n\n\n<div data-block-name=\"woocommerce\/cart-express-payment-block\" class=\"wp-block-woocommerce-cart-express-payment-block\"><\/div>\n\n\n\n<div data-block-name=\"woocommerce\/proceed-to-checkout-block\" class=\"wp-block-woocommerce-proceed-to-checkout-block\"><\/div>\n\n\n\n<div data-block-name=\"woocommerce\/cart-accepted-payment-methods-block\" class=\"wp-block-woocommerce-cart-accepted-payment-methods-block\"><\/div>\n<\/div>\n<\/div>\n\n\n\n<div data-block-name=\"woocommerce\/empty-cart-block\" class=\"wp-block-woocommerce-empty-cart-block\">\n<h2 class=\"wp-block-heading has-text-align-center with-empty-cart-icon wc-block-cart__empty-cart__title\">Your cart is currently empty!<\/h2>\n\n\n\n<hr class=\"wp-block-separator has-alpha-channel-opacity is-style-dots\"\/>\n\n\n\n<h2 class=\"wp-block-heading has-text-align-center\">New in store<\/h2>\n\n\n<div data-block-name=\"woocommerce\/product-new\" data-columns=\"4\" data-rows=\"1\" class=\"wc-block-grid wp-block-product-new wp-block-woocommerce-product-new wc-block-product-new has-4-columns\"><ul class=\"wc-block-grid__products\"><li class=\"wc-block-grid__product\">\n\t\t\t\t<a href=\"https:\/\/thorakao.com\/en\/phan-trang-diem-trang-da-9g-2\/\" class=\"wc-block-grid__product-link\">\n\t\t\t\t\t\n\t\t\t\t\t<div class=\"wc-block-grid__product-image\"><img fetchpriority=\"high\" decoding=\"async\" width=\"300\" height=\"300\" src=\"https:\/\/thorakao.com\/wp-content\/uploads\/2024\/02\/65-1-300x300.png\" class=\"attachment-woocommerce_thumbnail size-woocommerce_thumbnail\" alt=\"Ph\u1ea5n trang \u0111i\u1ec3m tr\u1eafng da 9g\" srcset=\"https:\/\/thorakao.com\/wp-content\/uploads\/2024\/02\/65-1-300x300.png 300w, https:\/\/thorakao.com\/wp-content\/uploads\/2024\/02\/65-1-150x150.png 150w, https:\/\/thorakao.com\/wp-content\/uploads\/2024\/02\/65-1-450x450.png 450w\" sizes=\"(max-width: 300px) 100vw, 300px\" \/><\/div>\n\t\t\t\t\t<div class=\"wc-block-grid__product-title\">Ph\u1ea5n trang \u0111i\u1ec3m tr\u1eafng da 9g<\/div>\n\t\t\t\t<\/a>\n\t\t\t\t<div class=\"wc-block-grid__product-price price\"><\/div>\n\t\t\t\t\n\t\t\t\t<div class=\"wp-block-button wc-block-grid__product-add-to-cart\"><a href=\"https:\/\/store.thorakao.com\/product\/phan-trang-diem-trang-da-9g\/\" aria-label=\"Buy \u201cPh\u1ea5n trang \u0111i\u1ec3m tr\u1eafng da 9g\u201d\" data-quantity=\"1\" data-product_id=\"17770\" data-product_sku=\"PHA006_W\" data-price=\"0\" rel=\"nofollow\" class=\"wp-block-button__link  add_to_cart_button\" data-no-translation=\"\" data-trp-gettext=\"\" data-no-translation-aria-label=\"\">Buy product<\/a><\/div>\n\t\t\t<\/li><li class=\"wc-block-grid__product\">\n\t\t\t\t<a href=\"https:\/\/thorakao.com\/en\/combo-goi-xa-2in1-hoa-buoi-bo-ket-400ml\/\" class=\"wc-block-grid__product-link\">\n\t\t\t\t\t\n\t\t\t\t\t<div class=\"wc-block-grid__product-image\"><img decoding=\"async\" width=\"300\" height=\"300\" src=\"https:\/\/thorakao.com\/wp-content\/uploads\/2025\/06\/THORAKAO-WEBSITE-13-300x300.png\" class=\"attachment-woocommerce_thumbnail size-woocommerce_thumbnail\" alt=\"Combo G\u1ed9i X\u1ea3 2in1 Hoa B\u01b0\u1edfi + B\u1ed3 K\u1ebft 400ml\" srcset=\"https:\/\/thorakao.com\/wp-content\/uploads\/2025\/06\/THORAKAO-WEBSITE-13-300x300.png 300w, https:\/\/thorakao.com\/wp-content\/uploads\/2025\/06\/THORAKAO-WEBSITE-13-150x150.png 150w, https:\/\/thorakao.com\/wp-content\/uploads\/2025\/06\/THORAKAO-WEBSITE-13-450x450.png 450w\" sizes=\"(max-width: 300px) 100vw, 300px\" \/><\/div>\n\t\t\t\t\t<div class=\"wc-block-grid__product-title\">Combo G\u1ed9i X\u1ea3 2in1 Hoa B\u01b0\u1edfi + B\u1ed3 K\u1ebft 400ml<\/div>\n\t\t\t\t<\/a>\n\t\t\t\t<div class=\"wc-block-grid__product-price price\"><\/div>\n\t\t\t\t\n\t\t\t\t<div class=\"wp-block-button wc-block-grid__product-add-to-cart\"><a href=\"https:\/\/thorakao.com\/en\/combo-goi-xa-2in1-hoa-buoi-bo-ket-400ml\/\" aria-label=\"Read more about \u201cCombo G\u1ed9i X\u1ea3 2in1 Hoa B\u01b0\u1edfi + B\u1ed3 K\u1ebft 400ml\u201d\" data-quantity=\"1\" data-product_id=\"17756\" data-product_sku=\"CBGX2IN1_W\" data-price=\"0\" rel=\"nofollow\" class=\"wp-block-button__link  add_to_cart_button\" data-no-translation=\"\" data-trp-gettext=\"\" data-no-translation-aria-label=\"\">Read more<\/a><\/div>\n\t\t\t<\/li><li class=\"wc-block-grid__product\">\n\t\t\t\t<a href=\"https:\/\/thorakao.com\/en\/kem-nam-nam-van-chi-thorakao\/\" class=\"wc-block-grid__product-link\">\n\t\t\t\t\t\n\t\t\t\t\t<div class=\"wc-block-grid__product-image\"><img decoding=\"async\" width=\"300\" height=\"300\" src=\"https:\/\/thorakao.com\/wp-content\/uploads\/2024\/11\/185-2-300x300.png\" class=\"attachment-woocommerce_thumbnail size-woocommerce_thumbnail\" alt=\"Thorakao Van Chi Mushroom Melasma Cream\" srcset=\"https:\/\/thorakao.com\/wp-content\/uploads\/2024\/11\/185-2-300x300.png 300w, https:\/\/thorakao.com\/wp-content\/uploads\/2024\/11\/185-2-150x150.png 150w, https:\/\/thorakao.com\/wp-content\/uploads\/2024\/11\/185-2-450x450.png 450w\" sizes=\"(max-width: 300px) 100vw, 300px\" \/><\/div>\n\t\t\t\t\t<div class=\"wc-block-grid__product-title\">Thorakao Van Chi Mushroom Melasma Cream<\/div>\n\t\t\t\t<\/a>\n\t\t\t\t<div class=\"wc-block-grid__product-price price\"><\/div>\n\t\t\t\t\n\t\t\t\t<div class=\"wp-block-button wc-block-grid__product-add-to-cart\"><a href=\"https:\/\/store.thorakao.com\/product\/kem-nam-nam-van-chi-thorakao\/\" aria-label=\"Buy \u201cKem N\u00e1m N\u1ea5m V\u00e2n Chi Thorakao\u201d\" data-quantity=\"1\" data-product_id=\"11840\" data-product_sku=\"KEM036_W\" data-price=\"0\" rel=\"nofollow\" class=\"wp-block-button__link  add_to_cart_button\" data-no-translation=\"\" data-trp-gettext=\"\" data-no-translation-aria-label=\"\">Buy product<\/a><\/div>\n\t\t\t<\/li><li class=\"wc-block-grid__product\">\n\t\t\t\t<a href=\"https:\/\/thorakao.com\/en\/combo-kem-duong-da-sang-min-oc-sen-thorakao-ngay-dem-30g\/\" class=\"wc-block-grid__product-link\">\n\t\t\t\t\t\n\t\t\t\t\t<div class=\"wc-block-grid__product-image\"><img loading=\"lazy\" decoding=\"async\" width=\"300\" height=\"300\" src=\"https:\/\/thorakao.com\/wp-content\/uploads\/2024\/11\/180-300x300.png\" class=\"attachment-woocommerce_thumbnail size-woocommerce_thumbnail\" alt=\"Combo Kem D\u01b0\u1ee1ng Da S\u00e1ng M\u1ecbn \u1ed0c S\u00ean Thorakao Ng\u00e0y &amp; \u0110\u00eam 30g\" srcset=\"https:\/\/thorakao.com\/wp-content\/uploads\/2024\/11\/180-300x300.png 300w, https:\/\/thorakao.com\/wp-content\/uploads\/2024\/11\/180-150x150.png 150w, https:\/\/thorakao.com\/wp-content\/uploads\/2024\/11\/180-450x450.png 450w\" sizes=\"(max-width: 300px) 100vw, 300px\" \/><\/div>\n\t\t\t\t\t<div class=\"wc-block-grid__product-title\">Thorakao Day &amp; Night Snail Brightening Cream Combo 30g<\/div>\n\t\t\t\t<\/a>\n\t\t\t\t<div class=\"wc-block-grid__product-price price\"><\/div>\n\t\t\t\t\n\t\t\t\t<div class=\"wp-block-button wc-block-grid__product-add-to-cart\"><a href=\"https:\/\/store.thorakao.com\/product\/combo-kem-duong-da-sang-min-oc-sen-thorakao-ngay-dem-30g\/\" aria-label=\"Buy \u201cCombo Kem D\u01b0\u1ee1ng Da S\u00e1ng M\u1ecbn \u1ed0c S\u00ean Thorakao Ng\u00e0y &amp; \u0110\u00eam 30g\u201d\" data-quantity=\"1\" data-product_id=\"11637\" data-product_sku=\"KEM025-CB_W\" data-price=\"0\" rel=\"nofollow\" class=\"wp-block-button__link  add_to_cart_button\" data-no-translation=\"\" data-trp-gettext=\"\" data-no-translation-aria-label=\"\">Buy product<\/a><\/div>\n\t\t\t<\/li><\/ul><\/div><\/div>\n<\/div>","protected":false},"excerpt":{"rendered":"","protected":false},"author":1,"featured_media":0,"parent":0,"menu_order":0,"comment_status":"closed","ping_status":"closed","template":"","meta":{"_acf_changed":false,"footnotes":""},"class_list":["post-8","page","type-page","status-publish","hentry"],"acf":[],"_links":{"self":[{"href":"https:\/\/thorakao.com\/en\/wp-json\/wp\/v2\/pages\/8","targetHints":{"allow":["GET"]}}],"collection":[{"href":"https:\/\/thorakao.com\/en\/wp-json\/wp\/v2\/pages"}],"about":[{"href":"https:\/\/thorakao.com\/en\/wp-json\/wp\/v2\/types\/page"}],"author":[{"embeddable":true,"href":"https:\/\/thorakao.com\/en\/wp-json\/wp\/v2\/users\/1"}],"replies":[{"embeddable":true,"href":"https:\/\/thorakao.com\/en\/wp-json\/wp\/v2\/comments?post=8"}],"version-history":[{"count":0,"href":"https:\/\/thorakao.com\/en\/wp-json\/wp\/v2\/pages\/8\/revisions"}],"wp:attachment":[{"href":"https:\/\/thorakao.com\/en\/wp-json\/wp\/v2\/media?parent=8"}],"curies":[{"name":"wp","href":"https:\/\/api.w.org\/{rel}","templated":true}]}}