{"id":11566,"date":"2024-10-29T16:33:18","date_gmt":"2024-10-29T09:33:18","guid":{"rendered":"https:\/\/thorakao.com\/?post_type=product&#038;p=11566"},"modified":"2025-12-12T09:03:12","modified_gmt":"2025-12-12T02:03:12","slug":"sua-rua-mat-tay-trang-2in1-nha-dam","status":"publish","type":"product","link":"https:\/\/thorakao.com\/en\/sua-rua-mat-tay-trang-2in1-nha-dam\/","title":{"rendered":"S\u1eefa r\u1eeda m\u1eb7t t\u1ea9y trang 2in Nha \u0111am"},"content":{"rendered":"<p><strong>TH\u00c0NH PH\u1ea6N S\u1ea2N PH\u1ea8M: <\/strong><\/p>\n<ul>\n<li>Tinh ch\u1ea5t Nha \u0111am thi\u00ean nhi\u00ean lo\u1ea1i b\u1ecf c\u00e1c t\u00e1c nh\u00e2n g\u00e2y h\u1ea1i cho da, b\u1ed5 sung \u0111\u1ed9 \u1ea9m gi\u00fap da lu\u00f4n t\u01b0\u01a1i s\u00e1ng m\u1ecbn m\u00e0ng, gi\u00fap l\u00e0m s\u1ea1ch s\u00e2u v\u00e0 d\u01b0\u1ee1ng \u1ea9m hi\u1ec7u qu\u1ea3.<\/li>\n<li>H\u1ee3p ch\u1ea5t Glycoprotein c\u00f2n h\u1ed7 tr\u1ee3 c\u1ea3i thi\u1ec7n n\u1ebfp nh\u0103n, mang l\u1ea1i l\u00e0n da m\u1ecbn m\u00e0ng, t\u01b0\u01a1i tr\u1ebb.<\/li>\n<\/ul>\n<p><strong>C\u00d4NG D\u1ee4NG S\u1ea2N PH\u1ea8M: <\/strong><\/p>\n<ul>\n<li>T\u1ea9y trang v\u00e0 d\u01b0\u1ee1ng \u1ea9m t\u1ed1t, da kh\u00f4ng nh\u1eefng s\u1ea1ch, s\u00e1ng m\u00e0 c\u00f2n \u1ea9m m\u1ecbn t\u1ef1 nhi\u00ean<\/li>\n<li>L\u00e0m s\u1ea1ch c\u00e1c ch\u1ea5t b\u1ea9n, b\u1ee5i b\u00e1m tr\u00ean da, ng\u0103n ng\u1eeba m\u1ee5n<\/li>\n<li>B\u1ed5 sung \u0111\u1ed9 \u1ea9m, gi\u00fap da m\u1ecbn m\u00e0ng t\u1ef1 nhi\u00ean.<\/li>\n<li>Th\u00e0nh ph\u1ea7n thi\u00ean nhi\u00ean, an to\u00e0n l\u00e0nh t\u00ednh<\/li>\n<\/ul>\n<p><strong>\u0110\u1ed0I T\u01af\u1ee2NG S\u1eec D\u1ee4NG: <\/strong><\/p>\n<ul>\n<li>Ph\u00f9 h\u1ee3p m\u1ecdi lo\u1ea1i da<\/li>\n<\/ul>\n<p><strong>H\u01af\u1edaNG D\u1eaaN S\u1eec D\u1ee4NG: <\/strong><\/p>\n<ol>\n<li>L\u1ea5y m\u1ed9t l\u01b0\u1ee3ng s\u1eefa v\u00e0o b\u00f4ng t\u1ea9y trang, thoa \u0111\u1ec1u kh\u1eafp da m\u1eb7t.<\/li>\n<li>Sau \u0111\u00f3 nh\u1eb9 nh\u00e0ng lau s\u1ea1ch l\u1edbp ph\u1ea5n trang \u0111i\u1ec3m v\u00e0 ch\u1ea5t nh\u1eddn tr\u00ean da.<\/li>\n<li>Massage nh\u1eb9 nh\u00e0ng g\u01b0\u01a1ng m\u1eb7t th\u00eam m\u1ed9t l\u1ea7n n\u1eefa r\u1ed3i r\u1eeda l\u1ea1i b\u1eb1ng n\u01b0\u1edbc s\u1ea1ch th\u1eadt k\u1ef9.<\/li>\n<\/ol>\n<p><strong>NOTES: <\/strong><\/p>\n<ul>\n<li>C\u00f3 th\u1ec3 cho th\u00eam s\u1eefa t\u1ea9y trang v\u00e0 d\u00f9ng mi\u1ebfng b\u00f4ng kh\u00e1c l\u1eb7p l\u1ea1i b\u01b0\u1edbc tr\u00ean cho \u0111\u1ebfn khi s\u1ea1ch h\u1ebft trang \u0111i\u1ec3m.<\/li>\n<li>N\u00ean r\u1eeda m\u1eb7t l\u1ea1i b\u1eb1ng s\u1eefa r\u1eeda m\u1eb7t th\u00f4ng th\u01b0\u1eddng v\u00e0 nhi\u1ec1u n\u01b0\u1edbc \u0111\u1ec3 da s\u1ea1ch h\u1eb3n, sau \u0111\u00f3 d\u00f9ng th\u00eam n\u01b0\u1edbc hoa h\u1ed3ng \u0111\u1ec3 gi\u00fap c\u00e2n b\u1eb1ng da, da b\u1ea1n s\u1ebd \u1ea9m m\u1ecbn t\u1ef1 nhi\u00ean m\u00e0 kh\u00f4ng b\u1ecb kh\u00f4.<\/li>\n<\/ul>\n<p><strong>B\u1ea2O QU\u1ea2N: <\/strong><\/p>\n<ul>\n<li>B\u1ea3o qu\u1ea3n n\u01a1i kh\u00f4 r\u00e1o, tho\u00e1ng m\u00e1t, tr\u00e1nh \u00e1nh n\u1eafng tr\u1ef1c ti\u1ebfp t\u1eeb m\u1eb7t tr\u1eddi.<\/li>\n<li>\u0110\u1ec3 xa t\u1ea7m tay tr\u1ebb em.<\/li>\n<\/ul>","protected":false},"excerpt":{"rendered":"<p><strong>Contents:<\/strong> 140g<br \/>\n<strong>Ph\u00f9 h\u1ee3p:<\/strong> M\u1ecdi lo\u1ea1i da, k\u1ec3 c\u1ea3 da nh\u1ea1y c\u1ea3m<br \/>\n<strong>Uses:<\/strong> S\u1eefa r\u1eeda m\u1eb7t t\u1ea9y trang 2in1 Nha \u0111am k\u1ebft h\u1ee3p s\u1ef1 t\u01b0\u01a1i m\u00e1t t\u1eeb thi\u00ean nhi\u00ean, gi\u00fap l\u00e0m s\u1ea1ch s\u00e2u v\u00e0 ch\u0103m s\u00f3c da m\u1ed9t c\u00e1ch hi\u1ec7u qu\u1ea3, mang l\u1ea1i c\u1ea3m gi\u00e1c d\u1ecbu nh\u1eb9 v\u00e0 s\u1ea3ng kho\u00e1i.<\/p>","protected":false},"featured_media":17624,"comment_status":"open","ping_status":"closed","template":"","meta":{"_acf_changed":false},"product_brand":[],"product_cat":[124],"product_tag":[],"class_list":{"0":"post-11566","1":"product","2":"type-product","3":"status-publish","4":"has-post-thumbnail","6":"product_cat-san-pham-moi","8":"first","9":"instock","10":"shipping-taxable","11":"product-type-external"},"acf":[],"_links":{"self":[{"href":"https:\/\/thorakao.com\/en\/wp-json\/wp\/v2\/product\/11566","targetHints":{"allow":["GET"]}}],"collection":[{"href":"https:\/\/thorakao.com\/en\/wp-json\/wp\/v2\/product"}],"about":[{"href":"https:\/\/thorakao.com\/en\/wp-json\/wp\/v2\/types\/product"}],"replies":[{"embeddable":true,"href":"https:\/\/thorakao.com\/en\/wp-json\/wp\/v2\/comments?post=11566"}],"wp:featuredmedia":[{"embeddable":true,"href":"https:\/\/thorakao.com\/en\/wp-json\/wp\/v2\/media\/17624"}],"wp:attachment":[{"href":"https:\/\/thorakao.com\/en\/wp-json\/wp\/v2\/media?parent=11566"}],"wp:term":[{"taxonomy":"product_brand","embeddable":true,"href":"https:\/\/thorakao.com\/en\/wp-json\/wp\/v2\/product_brand?post=11566"},{"taxonomy":"product_cat","embeddable":true,"href":"https:\/\/thorakao.com\/en\/wp-json\/wp\/v2\/product_cat?post=11566"},{"taxonomy":"product_tag","embeddable":true,"href":"https:\/\/thorakao.com\/en\/wp-json\/wp\/v2\/product_tag?post=11566"}],"curies":[{"name":"wp","href":"https:\/\/api.w.org\/{rel}","templated":true}]}}