{"id":17756,"date":"2025-06-16T10:22:09","date_gmt":"2025-06-16T03:22:09","guid":{"rendered":"https:\/\/thorakao.com\/?post_type=product&#038;p=17756"},"modified":"2025-12-12T09:01:42","modified_gmt":"2025-12-12T02:01:42","slug":"combo-goi-xa-2in1-hoa-buoi-bo-ket-400ml","status":"publish","type":"product","link":"https:\/\/thorakao.com\/en\/combo-goi-xa-2in1-hoa-buoi-bo-ket-400ml\/","title":{"rendered":"Combo G\u1ed9i X\u1ea3 2in1 Hoa B\u01b0\u1edfi + B\u1ed3 K\u1ebft 400ml"},"content":{"rendered":"<h3><strong>TH\u00d4NG TIN S\u1ea2N PH\u1ea8M:<\/strong><\/h3>\n<ul>\n<li><strong>T\u00ean s\u1ea3n ph\u1ea9m:<\/strong> D\u1ea7u G\u1ed9i x\u1ea3 2in1 Hoa B\u01b0\u1edfi 400ml<\/li>\n<li><strong>Dung t\u00edch:<\/strong> 400ml<\/li>\n<li><strong>T\u00ean s\u1ea3n ph\u1ea9m:<\/strong> D\u1ea7u G\u1ed9i X\u1ea3 2\u202fin\u202f1 B\u1ed3 K\u1ebft Thorakao<\/li>\n<li><strong>Dung t\u00edch:<\/strong> 400\u202fml<\/li>\n<\/ul>\n<h3><strong>TH\u00c0NH PH\u1ea6N CH\u00cdNH:<\/strong><\/h3>\n<ul>\n<li><strong>Tinh d\u1ea7u hoa b\u01b0\u1edfi:<\/strong> Gi\u00fap <strong>k\u00edch th\u00edch m\u1ecdc t\u00f3c<\/strong>, <strong>ng\u0103n r\u1ee5ng t\u00f3c<\/strong>, <strong>gi\u1ea3m g\u00e0u<\/strong>, <strong>l\u00e0m s\u1ea1ch da \u0111\u1ea7u<\/strong> v\u00e0 <strong>nu\u00f4i d\u01b0\u1ee1ng t\u00f3c ch\u1eafc kh\u1ecfe<\/strong>.<\/li>\n<li><strong>Chi\u1ebft xu\u1ea5t tr\u00e1i b\u1ed3 k\u1ebft: <\/strong>Ch\u1ee9a saponin t\u1ef1 nhi\u00ean gi\u00fap <strong>l\u00e0m s\u1ea1ch s\u00e2u<\/strong>, <strong>gi\u1ea3m g\u00e0u<\/strong>, <strong>ng\u0103n r\u1ee5ng t\u00f3c<\/strong> v\u00e0 <strong>k\u00edch th\u00edch ch\u00e2n t\u00f3c ph\u00e1t tri\u1ec3n m\u1ea1nh kh\u1ecfe. <\/strong><\/li>\n<\/ul>\n<p><strong>C\u00d4NG D\u1ee4NG S\u1ea2N PH\u1ea8M:<\/strong><\/p>\n<ul>\n<li><strong>L\u00e0m s\u1ea1ch s\u00e2u da \u0111\u1ea7u<\/strong>, lo\u1ea1i b\u1ecf b\u1ee5i, d\u1ea7u nh\u1eddn v\u00e0 g\u00e0u.<\/li>\n<li><strong>Ng\u0103n r\u1ee5ng t\u00f3c hi\u1ec7u qu\u1ea3<\/strong>, k\u00edch th\u00edch m\u1ecdc t\u00f3c, gi\u00fap t\u00f3c <strong>d\u00e0y v\u00e0 \u00f3ng m\u01b0\u1ee3t. <\/strong><\/li>\n<li><strong>D\u01b0\u1ee1ng t\u00f3c m\u1ec1m m\u1ea1i, gi\u1ea3m kh\u00f4 x\u01a1<\/strong>, gi\u1eef pH c\u00e2n b\u1eb1ng, ph\u00f9 h\u1ee3p m\u1ecdi lo\u1ea1i t\u00f3c.<\/li>\n<li><strong>D\u1ec5 d\u00e0ng s\u1eed d\u1ee5ng<\/strong>, t\u00edch h\u1ee3p g\u1ed9i x\u1ea3 trong 1 s\u1ea3n ph\u1ea9m\u2014ti\u1ec7n l\u1ee3i v\u00e0 ti\u1ebft ki\u1ec7m th\u1eddi gian.<a href=\"https:\/\/m.facebook.com\/story.php?id=100064750594488&amp;story_fbid=995175505984127&amp;utm_source=chatgpt.com\" target=\"_blank\" rel=\"noopener\"><br \/>\n<\/a><\/li>\n<li><strong>Gi\u00fap t\u00f3c m\u1ec1m m\u01b0\u1ee3t, \u00f3ng \u1ea3<\/strong>, mang l\u1ea1i c\u1ea3m gi\u00e1c su\u00f4n m\u01b0\u1ee3t t\u1eeb g\u1ed1c \u0111\u1ebfn ng\u1ecdn.<\/li>\n<\/ul>\n<p><strong>\u0110\u1ed0I T\u01af\u1ee2NG S\u1eec D\u1ee4NG:<\/strong><\/p>\n<p>Ph\u00f9 h\u1ee3p cho m\u1ecdi lo\u1ea1i t\u00f3c, \u0111\u1eb7c bi\u1ec7t l\u00e0 <strong>t\u00ecnh tr\u1ea1ng r\u1ee5ng t\u00f3c<\/strong>, <strong>t\u00f3c y\u1ebfu, d\u1ec5 g\u00e3y r\u1ee5ng<\/strong>, ho\u1eb7c ai mu\u1ed1n m\u00e1i t\u00f3c su\u00f4n m\u01b0\u1ee3t t\u1ef1 nhi\u00ean.<\/p>\n<h3><strong>H\u01af\u1edaNG D\u1eaaN S\u1eec D\u1ee4NG:<\/strong><\/h3>\n<ol>\n<li>L\u00e0m \u01b0\u1edbt t\u00f3c.<\/li>\n<li>L\u1ea5y l\u01b0\u1ee3ng v\u1eeba \u0111\u1ee7, t\u1ea1o b\u1ecdt, massage nh\u1eb9 l\u00ean da \u0111\u1ea7u v\u00e0 to\u00e0n b\u1ed9 t\u00f3c.<\/li>\n<li>X\u1ea3 s\u1ea1ch v\u1edbi n\u01b0\u1edbc.<\/li>\n<li>D\u00f9ng 2\u20133 l\u1ea7n\/tu\u1ea7n ho\u1eb7c t\u00f9y theo t\u00ecnh tr\u1ea1ng t\u00f3c.<\/li>\n<\/ol>\n<h3><strong>B\u1ea2O QU\u1ea2N:<\/strong><\/h3>\n<ul>\n<li>\u0110\u1eady k\u00edn n\u1eafp sau khi d\u00f9ng.<\/li>\n<li>B\u1ea3o qu\u1ea3n n\u01a1i kh\u00f4 r\u00e1o, tho\u00e1ng m\u00e1t, tr\u00e1nh \u00e1nh n\u1eafng.<\/li>\n<li>Tr\u00e1nh ti\u1ebfp x\u00fac m\u1eaft; n\u1ebfu d\u00ednh, r\u1eeda ngay b\u1eb1ng n\u01b0\u1edbc s\u1ea1ch.<\/li>\n<\/ul>","protected":false},"excerpt":{"rendered":"<p><strong>Dung t\u00edch:<\/strong> 400ml + 400ml<br \/>\nCombo g\u1ed3m d\u1ea7u g\u1ed9i x\u1ea3 2in1 B\u1ed3 K\u1ebft v\u00e0 B\u01b0\u1edfi v\u1edbi chi\u1ebft xu\u1ea5t t\u1eeb b\u1ed3 k\u1ebft, hoa v\u00e0 v\u1ecf b\u01b0\u1edfi gi\u00fap l\u00e0m s\u1ea1ch s\u00e2u da \u0111\u1ea7u, gi\u1ea3m g\u00e0u, ng\u0103n r\u1ee5ng t\u00f3c, \u0111\u1ed3ng th\u1eddi nu\u00f4i d\u01b0\u1ee1ng m\u00e1i t\u00f3c m\u1ec1m m\u1ea1i, b\u00f3ng kh\u1ecfe v\u00e0 th\u01a1m d\u1ecbu t\u1ef1 nhi\u00ean \u2013 mang \u0111\u1ebfn gi\u1ea3i ph\u00e1p to\u00e0n di\u1ec7n cho m\u00e1i t\u00f3c ch\u1eafc kh\u1ecfe, \u00f3ng \u1ea3 v\u00e0 gi\u1ea3m g\u00e3y r\u1ee5ng hi\u1ec7u qu\u1ea3.<\/p>","protected":false},"featured_media":17713,"comment_status":"open","ping_status":"closed","template":"","meta":{"_acf_changed":false},"product_brand":[],"product_cat":[120,117],"product_tag":[],"class_list":{"0":"post-17756","1":"product","2":"type-product","3":"status-publish","4":"has-post-thumbnail","6":"product_cat-best-selling","7":"product_cat-combo","9":"first","10":"instock","11":"shipping-taxable","12":"product-type-simple"},"acf":[],"_links":{"self":[{"href":"https:\/\/thorakao.com\/en\/wp-json\/wp\/v2\/product\/17756","targetHints":{"allow":["GET"]}}],"collection":[{"href":"https:\/\/thorakao.com\/en\/wp-json\/wp\/v2\/product"}],"about":[{"href":"https:\/\/thorakao.com\/en\/wp-json\/wp\/v2\/types\/product"}],"replies":[{"embeddable":true,"href":"https:\/\/thorakao.com\/en\/wp-json\/wp\/v2\/comments?post=17756"}],"wp:featuredmedia":[{"embeddable":true,"href":"https:\/\/thorakao.com\/en\/wp-json\/wp\/v2\/media\/17713"}],"wp:attachment":[{"href":"https:\/\/thorakao.com\/en\/wp-json\/wp\/v2\/media?parent=17756"}],"wp:term":[{"taxonomy":"product_brand","embeddable":true,"href":"https:\/\/thorakao.com\/en\/wp-json\/wp\/v2\/product_brand?post=17756"},{"taxonomy":"product_cat","embeddable":true,"href":"https:\/\/thorakao.com\/en\/wp-json\/wp\/v2\/product_cat?post=17756"},{"taxonomy":"product_tag","embeddable":true,"href":"https:\/\/thorakao.com\/en\/wp-json\/wp\/v2\/product_tag?post=17756"}],"curies":[{"name":"wp","href":"https:\/\/api.w.org\/{rel}","templated":true}]}}