{"id":17770,"date":"2025-06-16T10:44:12","date_gmt":"2025-06-16T03:44:12","guid":{"rendered":"https:\/\/thorakao.com\/?post_type=product&#038;p=17770"},"modified":"2025-12-12T08:59:21","modified_gmt":"2025-12-12T01:59:21","slug":"phan-trang-diem-trang-da-9g-2","status":"publish","type":"product","link":"https:\/\/thorakao.com\/en\/phan-trang-diem-trang-da-9g-2\/","title":{"rendered":"Ph\u1ea5n trang \u0111i\u1ec3m tr\u1eafng da 9g"},"content":{"rendered":"<p><strong>TH\u00c0NH PH\u1ea6N S\u1ea2N PH\u1ea8M:<\/strong><\/p>\n<ul>\n<li><strong>D\u00e2u T\u1eb1m:<\/strong>\u00a0D\u01b0\u1ee1ng tr\u1eafng v\u00e0 l\u00e0m s\u00e1ng da.<\/li>\n<\/ul>\n<ul>\n<li><strong>C\u00e1m G\u1ea1o:<\/strong>\u00a0Gi\u1eef \u1ea9m, gi\u00fap da m\u1ecbn m\u00e0ng v\u00e0 t\u01b0\u01a1i tr\u1ebb.<\/li>\n<\/ul>\n<p><strong>C\u00d4NG D\u1ee4NG S\u1ea2N PH\u1ea8M:<\/strong><\/p>\n<ul>\n<li>Gi\u00fap da tr\u1eafng s\u00e1ng t\u1ef1 nhi\u00ean.<\/li>\n<li>Th\u1ea5m h\u00fat d\u1ea7u th\u1eeba, gi\u1eef da kh\u00f4 tho\u00e1ng.<\/li>\n<li>T\u1ea1o l\u1edbp ph\u1ee7 trang \u0111i\u1ec3m m\u1ecfng m\u1ecbn, t\u1ef1 nhi\u00ean.<\/li>\n<li>B\u1ea3o v\u1ec7 da tr\u01b0\u1edbc t\u00e1c \u0111\u1ed9ng c\u1ee7a \u00e1nh n\u1eafng m\u1eb7t tr\u1eddi.<\/li>\n<\/ul>\n<p><strong>\u0110\u1ed0I T\u01af\u1ee2NG S\u1eec D\u1ee4NG:<\/strong><br \/>\nPh\u00f9 h\u1ee3p v\u1edbi m\u1ecdi \u0111\u1ed1i t\u01b0\u1ee3ng y\u00eau th\u00edch l\u00e0m \u0111\u1eb9p v\u00e0 mu\u1ed1n c\u00f3 l\u00e0n da s\u00e1ng m\u1ecbn.<\/p>\n<p><strong>H\u01af\u1edaNG D\u1eaaN S\u1eec D\u1ee4NG:<\/strong><\/p>\n<ul>\n<li>S\u1eed d\u1ee5ng b\u00f4ng ph\u1ea5n ch\u1ea5m m\u1ed9t l\u01b0\u1ee3ng ph\u1ea5n v\u1eeba \u0111\u1ee7 v\u00e0 \u0111\u00e1nh \u0111\u1ec1u l\u00ean kh\u1eafp v\u00f9ng da m\u1eb7t.<\/li>\n<li>C\u00f3 hai c\u00e1ch s\u1eed d\u1ee5ng:\n<ol>\n<li><strong>B\u00f4ng ph\u1ea5n \u01b0\u1edbt:<\/strong>\u00a0T\u1ea1o s\u1ef1 s\u1eafc n\u00e9t cho g\u01b0\u01a1ng m\u1eb7t, thay th\u1ebf kem n\u1ec1n.<\/li>\n<li><strong>B\u00f4ng ph\u1ea5n kh\u00f4:<\/strong>\u00a0Mang l\u1ea1i v\u1ebb t\u1ef1 nhi\u00ean, nh\u1eb9 nh\u00e0ng.<\/li>\n<\/ol>\n<\/li>\n<li><em>\u0110\u1ec3 ph\u1ea5n b\u1ec1n l\u00e2u c\u1ea3 ng\u00e0y, h\u00e3y d\u01b0\u1ee1ng \u1ea9m cho da v\u00e0 k\u1ebft h\u1ee3p v\u1edbi kem trang \u0111i\u1ec3m THORAKAO.<\/em><\/li>\n<\/ul>\n<p><strong>B\u1ea2O QU\u1ea2N:<\/strong><\/p>\n<ul>\n<li>B\u1ea3o qu\u1ea3n \u1edf n\u01a1i kh\u00f4 r\u00e1o, tho\u00e1ng m\u00e1t, nhi\u1ec7t \u0111\u1ed9 kh\u00f4ng qu\u00e1 30 \u0111\u1ed9 C.<\/li>\n<li>\u0110\u1ec3 xa t\u1ea7m tay tr\u1ebb em.<\/li>\n<\/ul>","protected":false},"excerpt":{"rendered":"<p><strong>Contents:<\/strong>\u00a09g<br \/>\n<strong>Ph\u00f9 h\u1ee3p:<\/strong>\u00a0M\u1ecdi lo\u1ea1i da<br \/>\n<strong>Uses:<\/strong>\u00a0Ph\u1ea5n trang \u0111i\u1ec3m tr\u1eafng da Two Way Cake Thorakao 9g kh\u00f4ng ch\u1ec9 gi\u00fap l\u00e0n da b\u1ea1n tr\u1eafng s\u00e1ng t\u1ef1 nhi\u00ean m\u00e0 c\u00f2n th\u1ea5m h\u00fat d\u1ea7u th\u1eeba, t\u1ea1o l\u1edbp ph\u1ea5n m\u1ecfng m\u1ecbn. V\u1edbi chi\u1ebft xu\u1ea5t d\u00e2u t\u1eb1m v\u00e0 c\u00e1m g\u1ea1o, ph\u1ea5n trang \u0111i\u1ec3m Thorakao c\u00f2n nu\u00f4i d\u01b0\u1ee1ng v\u00e0 l\u00e0m tr\u1eafng da hi\u1ec7u qu\u1ea3, mang l\u1ea1i v\u1ebb \u0111\u1eb9p t\u1ef1 nhi\u00ean v\u00e0 t\u01b0\u01a1i tr\u1ebb.<\/p>","protected":false},"featured_media":17685,"comment_status":"open","ping_status":"closed","template":"","meta":{"_acf_changed":false},"product_brand":[],"product_cat":[106],"product_tag":[],"class_list":{"0":"post-17770","1":"product","2":"type-product","3":"status-publish","4":"has-post-thumbnail","6":"product_cat-duong-da","7":"pa_tong-mau-pha00701-en","8":"pa_tong-mau-pha00702-en","9":"pa_tong-mau-pha00703-en","10":"pa_tong-mau-pha00601","11":"pa_tong-mau-pha00602","12":"pa_tong-mau-pha00603","13":"pa_tong-mau-pha00701","14":"pa_tong-mau-pha00702","15":"pa_tong-mau-pha00703","16":"pa_tong-mau-pha00901","17":"pa_tong-mau-pha00902","19":"first","20":"instock","21":"shipping-taxable","22":"product-type-external"},"acf":[],"_links":{"self":[{"href":"https:\/\/thorakao.com\/en\/wp-json\/wp\/v2\/product\/17770","targetHints":{"allow":["GET"]}}],"collection":[{"href":"https:\/\/thorakao.com\/en\/wp-json\/wp\/v2\/product"}],"about":[{"href":"https:\/\/thorakao.com\/en\/wp-json\/wp\/v2\/types\/product"}],"replies":[{"embeddable":true,"href":"https:\/\/thorakao.com\/en\/wp-json\/wp\/v2\/comments?post=17770"}],"wp:featuredmedia":[{"embeddable":true,"href":"https:\/\/thorakao.com\/en\/wp-json\/wp\/v2\/media\/17685"}],"wp:attachment":[{"href":"https:\/\/thorakao.com\/en\/wp-json\/wp\/v2\/media?parent=17770"}],"wp:term":[{"taxonomy":"product_brand","embeddable":true,"href":"https:\/\/thorakao.com\/en\/wp-json\/wp\/v2\/product_brand?post=17770"},{"taxonomy":"product_cat","embeddable":true,"href":"https:\/\/thorakao.com\/en\/wp-json\/wp\/v2\/product_cat?post=17770"},{"taxonomy":"product_tag","embeddable":true,"href":"https:\/\/thorakao.com\/en\/wp-json\/wp\/v2\/product_tag?post=17770"}],"curies":[{"name":"wp","href":"https:\/\/api.w.org\/{rel}","templated":true}]}}