{"id":4258,"date":"2024-02-28T21:53:22","date_gmt":"2024-02-28T14:53:22","guid":{"rendered":"https:\/\/thorakao.com\/?post_type=product&#038;p=4258"},"modified":"2025-12-13T14:23:52","modified_gmt":"2025-12-13T07:23:52","slug":"kem-nghe-7g","status":"publish","type":"product","link":"https:\/\/thorakao.com\/en\/kem-nghe-7g\/","title":{"rendered":"Thorakao Turmeric Cream 7g"},"content":{"rendered":"<p><strong>TH\u00c0NH PH\u1ea6N S\u1ea2N PH\u1ea8M:<\/strong><\/p>\n<ul>\n<li><strong>Chi\u1ebft xu\u1ea5t ngh\u1ec7 thi\u00ean nhi\u00ean<\/strong>: Gi\u00e0u ch\u1ea5t ch\u1ed1ng oxy h\u00f3a, kh\u00e1ng vi\u00eam v\u00e0 ch\u1ed1ng l\u00e3o h\u00f3a, ngh\u1ec7 h\u1ed7 tr\u1ee3 ph\u1ee5c h\u1ed3i, b\u1ea3o v\u1ec7 da kh\u1ecfi t\u00e1c \u0111\u1ed9ng t\u1eeb m\u00f4i tr\u01b0\u1eddng, ng\u0103n ng\u1eeba c\u00e1c v\u1ea5n \u0111\u1ec1 m\u1ee5n v\u00e0 l\u00e0m m\u1edd v\u1ebft th\u00e2m, s\u1eb9o.<\/li>\n<\/ul>\n<p><strong>C\u00d4NG D\u1ee4NG S\u1ea2N PH\u1ea8M:<\/strong><\/p>\n<ul>\n<li>Gi\u1ea3m kh\u00f4 da, gi\u00fap da t\u01b0\u01a1i m\u00e1t m\u1ec1m m\u1ea1i<\/li>\n<li>L\u00e0m m\u1edd v\u1ebft th\u00e2m v\u00e0 s\u1eb9o m\u1edbi, gi\u00fap t\u00e1i t\u1ea1o da, l\u00e0m da \u0111\u1ec1u m\u00e0u, s\u00e1ng m\u1ecbn<\/li>\n<li>Th\u00e0nh ph\u1ea7n t\u1ef1 nhi\u00ean an to\u00e0n, l\u00e0nh t\u00ednh, ph\u00f9 h\u1ee3p m\u1ecdi lo\u1ea1i da.<\/li>\n<\/ul>\n<p><strong>\u0110\u1ed0I T\u01af\u1ee2NG S\u1eec D\u1ee4NG:<\/strong><\/p>\n<p>Ph\u00f9 h\u1ee3p cho m\u1ecdi lo\u1ea1i da, \u0111\u1eb7c bi\u1ec7t d\u00e0nh cho ng\u01b0\u1eddi mu\u1ed1n c\u1ea3i thi\u1ec7n t\u00ecnh tr\u1ea1ng da kh\u00f4ng \u0111\u1ec1u m\u00e0u, da c\u00f3 th\u00e2m s\u1eb9o do m\u1ee5n.<\/p>\n<p><strong>H\u01af\u1edaNG D\u1eaaN S\u1eec D\u1ee4NG:<\/strong><\/p>\n<ol>\n<li>R\u1eeda m\u1eb7t s\u1ea1ch b\u1eb1ng s\u1eefa r\u1eeda m\u1eb7t.<\/li>\n<li>Ch\u1ea5m kem ngh\u1ec7 l\u00ean nh\u1eefng v\u00f9ng da b\u1ecb th\u00e2m m\u1ee5n<\/li>\n<li>Sau 2 ti\u1ebfng, r\u1eeda l\u1ea1i b\u1eb1ng n\u01b0\u1edbc s\u1ea1ch, t\u1ed1t nh\u1ea5t l\u00e0 n\u01b0\u1edbc \u1ea5m.<\/li>\n<\/ol>\n<ul>\n<li>S\u1eed d\u1ee5ng 1-2 l\u1ea7n m\u1ed7i ng\u00e0y, kh\u00f4ng \u0111\u1ec3 qu\u00e1 2 ti\u1ebfng tr\u00ean da.<\/li>\n<li>Sau khi r\u1eeda, b\u1ea1n c\u00f3 th\u1ec3 d\u00f9ng th\u00eam toner\/n\u01b0\u1edbc hoa h\u1ed3ng Thorakao \u0111\u1ec3 c\u00e2n b\u1eb1ng da<\/li>\n<\/ul>\n<p><strong>B\u1ea2O QU\u1ea2N:<\/strong><\/p>\n<ul>\n<li>B\u1ea3o qu\u1ea3n n\u01a1i kh\u00f4 r\u00e1o, tho\u00e1ng m\u00e1t, d\u01b0\u1edbi 30 \u0111\u1ed9 C.<\/li>\n<li>\u0110\u1ec3 xa t\u1ea7m tay tr\u1ebb em.<\/li>\n<\/ul>","protected":false},"excerpt":{"rendered":"<p><strong>Contents:<\/strong> 7g<br \/>\n<strong>Ph\u00f9 h\u1ee3p:<\/strong> M\u1ecdi lo\u1ea1i da, \u0111\u1eb7c bi\u1ec7t l\u00e0 da m\u1ee5n, th\u00e2m<br \/>\n<strong>Uses: <\/strong>Kem Ngh\u1ec7 Thorakao 7g ch\u1ee9a th\u00e0nh ph\u1ea7n ngh\u1ec7 thi\u00ean nhi\u00ean gi\u00fap gi\u1ea3m th\u00e2m m\u1ee5n, l\u00e0m \u0111\u1ec1u m\u00e0u da. S\u1ea3n ph\u1ea9m ph\u00f9 h\u1ee3p cho m\u1ecdi lo\u1ea1i da.<\/p>","protected":false},"featured_media":17629,"comment_status":"open","ping_status":"closed","template":"","meta":{"_acf_changed":false},"product_brand":[],"product_cat":[106],"product_tag":[],"class_list":{"0":"post-4258","1":"product","2":"type-product","3":"status-publish","4":"has-post-thumbnail","6":"product_cat-duong-da","8":"first","9":"instock","10":"shipping-taxable","11":"product-type-external"},"acf":[],"_links":{"self":[{"href":"https:\/\/thorakao.com\/en\/wp-json\/wp\/v2\/product\/4258","targetHints":{"allow":["GET"]}}],"collection":[{"href":"https:\/\/thorakao.com\/en\/wp-json\/wp\/v2\/product"}],"about":[{"href":"https:\/\/thorakao.com\/en\/wp-json\/wp\/v2\/types\/product"}],"replies":[{"embeddable":true,"href":"https:\/\/thorakao.com\/en\/wp-json\/wp\/v2\/comments?post=4258"}],"wp:featuredmedia":[{"embeddable":true,"href":"https:\/\/thorakao.com\/en\/wp-json\/wp\/v2\/media\/17629"}],"wp:attachment":[{"href":"https:\/\/thorakao.com\/en\/wp-json\/wp\/v2\/media?parent=4258"}],"wp:term":[{"taxonomy":"product_brand","embeddable":true,"href":"https:\/\/thorakao.com\/en\/wp-json\/wp\/v2\/product_brand?post=4258"},{"taxonomy":"product_cat","embeddable":true,"href":"https:\/\/thorakao.com\/en\/wp-json\/wp\/v2\/product_cat?post=4258"},{"taxonomy":"product_tag","embeddable":true,"href":"https:\/\/thorakao.com\/en\/wp-json\/wp\/v2\/product_tag?post=4258"}],"curies":[{"name":"wp","href":"https:\/\/api.w.org\/{rel}","templated":true}]}}