{"id":4259,"date":"2024-02-28T21:53:24","date_gmt":"2024-02-28T14:53:24","guid":{"rendered":"https:\/\/thorakao.com\/?post_type=product&#038;p=4259"},"modified":"2025-12-12T09:09:00","modified_gmt":"2025-12-12T02:09:00","slug":"kem-nghe-da-sinh-to-leyna-thorakao","status":"publish","type":"product","link":"https:\/\/thorakao.com\/en\/kem-nghe-da-sinh-to-leyna-thorakao\/","title":{"rendered":"Kem Ngh\u1ec7 \u0110a Sinh T\u1ed1 Leyna 25g"},"content":{"rendered":"<p><strong>TH\u00c0NH PH\u1ea6N S\u1ea2N PH\u1ea8M<\/strong><\/p>\n<p>Kem ngh\u1ec7 Leyna Thorakao ch\u1ee9a th\u00e0nh ph\u1ea7n ch\u00ednh l\u00e0 C\u1ee7 ngh\u1ec7, m\u1ed9t d\u01b0\u1ee3c li\u1ec7u t\u1ef1 nhi\u00ean c\u00f3 kh\u1ea3 n\u0103ng ch\u1ed1ng oxy h\u00f3a, kh\u00e1ng vi\u00eam, v\u00e0 ch\u1ed1ng l\u00e3o h\u00f3a, gi\u00fap m\u1edd th\u00e2m, d\u01b0\u1ee1ng \u1ea9m cho da v\u00e0 h\u1ed7 tr\u1ee3 ph\u1ee5c h\u1ed3i v\u1ebft s\u1eb9o.<\/p>\n<p><strong>C\u00d4NG D\u1ee4NG S\u1ea2N PH\u1ea8M<\/strong><\/p>\n<ul>\n<li>Gi\u1ea3m th\u00e2m do m\u1ee5n, l\u00e0m s\u00e1ng da.<\/li>\n<li>Ng\u0103n ng\u1eeba m\u1ee5n, h\u1ed7 tr\u1ee3 ph\u1ee5c h\u1ed3i da t\u1ed5n th\u01b0\u01a1ng.<\/li>\n<li>D\u01b0\u1ee1ng \u1ea9m, ch\u1ed1ng kh\u00f4 da, gi\u00fap da m\u1ecbn m\u00e0ng.<\/li>\n<li>Gi\u00fap l\u00e0m l\u00e0nh s\u1eb9o, \u0111\u1eb7c bi\u1ec7t v\u1edbi s\u1eb9o m\u1edbi.<\/li>\n<li>Ki\u1ec1m d\u1ea7u hi\u1ec7u qu\u1ea3, mang l\u1ea1i l\u00e0n da t\u01b0\u01a1i m\u00e1t.<\/li>\n<li>C\u00f4ng th\u1ee9c \u0111a sinh t\u1ed1 kh\u00f4ng g\u00e2y n\u00f3ng, c\u00f3 th\u1ec3 s\u1eed d\u1ee5ng qua \u0111\u00eam.<\/li>\n<\/ul>\n<p><strong>\u0110\u1ed0I T\u01af\u1ee2NG S\u1eec D\u1ee4NG<\/strong><\/p>\n<ul>\n<li>Ph\u00f9 h\u1ee3p cho m\u1ecdi lo\u1ea1i da, \u0111\u1eb7c bi\u1ec7t l\u00e0 da m\u1ee5n, da th\u00e2m, v\u00e0 da c\u00f3 s\u1eb9o.<\/li>\n<\/ul>\n<p><strong>C\u00c1CH S\u1eec D\u1ee4NG<\/strong><\/p>\n<ul>\n<li data-start=\"328\" data-end=\"436\">D\u00f9ng nh\u01b0 kem d\u01b0\u1ee1ng: thoa m\u1ed9t l\u1edbp m\u1ecfng l\u00ean v\u00f9ng da c\u1ea7n ch\u0103m s\u00f3c ho\u1eb7c to\u00e0n m\u1eb7t sau khi l\u00e0m s\u1ea1ch.<\/li>\n<li data-start=\"328\" data-end=\"436\">Sau khi thoa, b\u1ea1n c\u00f3 th\u1ec3:<br \/>\n+ Gi\u1eef kem tr\u00ean da v\u00e0i gi\u1edd, sau \u0111\u00f3 r\u1eeda s\u1ea1ch b\u1eb1ng n\u01b0\u1edbc.<br \/>\n+ Ho\u1eb7c \u0111\u1ec3 qua \u0111\u00eam, r\u1ed3i r\u1eeda m\u1eb7t l\u1ea1i v\u00e0o s\u00e1ng h\u00f4m sau.<\/li>\n<li style=\"list-style-type: none;\"><\/li>\n<\/ul>\n<p><strong>B\u1ea2O QU\u1ea2N<\/strong><\/p>\n<ul>\n<li>B\u1ea3o qu\u1ea3n n\u01a1i kh\u00f4 r\u00e1o, tho\u00e1ng m\u00e1t, tr\u00e1nh nhi\u1ec7t \u0111\u1ed9 tr\u00ean 30\u00b0C.<\/li>\n<li>\u0110\u1ec3 xa t\u1ea7m tay tr\u1ebb em.<\/li>\n<\/ul>","protected":false},"excerpt":{"rendered":"<p style=\"text-align: left;\"><strong>Contents:<\/strong> 25g<br \/>\n<strong>Ph\u00f9 h\u1ee3p:<\/strong> M\u1ecdi lo\u1ea1i da, \u0111\u1eb7c bi\u1ec7t l\u00e0 da m\u1ee5n, s\u1eb9o v\u00e0 th\u00e2m<br \/>\n<strong>Uses:<\/strong> Kem ngh\u1ec7 Leyna Thorakao 25g v\u1edbi th\u00e0nh ph\u1ea7n ch\u00ednh t\u1eeb c\u1ee7 ngh\u1ec7 thi\u00ean nhi\u00ean, gi\u00e0u ch\u1ea5t ch\u1ed1ng oxy h\u00f3a v\u00e0 kh\u00e1ng vi\u00eam, gi\u00fap l\u00e0m m\u1edd v\u1ebft th\u00e2m, ng\u0103n ng\u1eeba m\u1ee5n, v\u00e0 h\u1ed7 tr\u1ee3 ph\u1ee5c h\u1ed3i da t\u1ed5n th\u01b0\u01a1ng. C\u00f4ng th\u1ee9c \u0111a sinh t\u1ed1 nh\u1eb9 nh\u00e0ng, kh\u00f4ng g\u00e2y n\u00f3ng, ph\u00f9 h\u1ee3p cho m\u1ecdi lo\u1ea1i da, k\u1ec3 c\u1ea3 da nh\u1ea1y c\u1ea3m v\u00e0 da m\u1ee5n.<\/p>","protected":false},"featured_media":17655,"comment_status":"open","ping_status":"closed","template":"","meta":{"_acf_changed":false},"product_brand":[],"product_cat":[106],"product_tag":[],"class_list":{"0":"post-4259","1":"product","2":"type-product","3":"status-publish","4":"has-post-thumbnail","6":"product_cat-duong-da","8":"first","9":"instock","10":"shipping-taxable","11":"product-type-external"},"acf":[],"_links":{"self":[{"href":"https:\/\/thorakao.com\/en\/wp-json\/wp\/v2\/product\/4259","targetHints":{"allow":["GET"]}}],"collection":[{"href":"https:\/\/thorakao.com\/en\/wp-json\/wp\/v2\/product"}],"about":[{"href":"https:\/\/thorakao.com\/en\/wp-json\/wp\/v2\/types\/product"}],"replies":[{"embeddable":true,"href":"https:\/\/thorakao.com\/en\/wp-json\/wp\/v2\/comments?post=4259"}],"wp:featuredmedia":[{"embeddable":true,"href":"https:\/\/thorakao.com\/en\/wp-json\/wp\/v2\/media\/17655"}],"wp:attachment":[{"href":"https:\/\/thorakao.com\/en\/wp-json\/wp\/v2\/media?parent=4259"}],"wp:term":[{"taxonomy":"product_brand","embeddable":true,"href":"https:\/\/thorakao.com\/en\/wp-json\/wp\/v2\/product_brand?post=4259"},{"taxonomy":"product_cat","embeddable":true,"href":"https:\/\/thorakao.com\/en\/wp-json\/wp\/v2\/product_cat?post=4259"},{"taxonomy":"product_tag","embeddable":true,"href":"https:\/\/thorakao.com\/en\/wp-json\/wp\/v2\/product_tag?post=4259"}],"curies":[{"name":"wp","href":"https:\/\/api.w.org\/{rel}","templated":true}]}}