{"id":4260,"date":"2024-02-28T21:53:24","date_gmt":"2024-02-28T14:53:24","guid":{"rendered":"https:\/\/thorakao.com\/?post_type=product&#038;p=4260"},"modified":"2025-12-13T14:24:35","modified_gmt":"2025-12-13T07:24:35","slug":"kem-sam-thorakao-7g","status":"publish","type":"product","link":"https:\/\/thorakao.com\/en\/kem-sam-thorakao-7g\/","title":{"rendered":"Thorakao Ginseng Cream 7g"},"content":{"rendered":"<p><strong>TH\u00c0NH PH\u1ea6N S\u1ea2N PH\u1ea8M<\/strong><\/p>\n<ul>\n<li>Chi\u1ebft xu\u1ea5t t\u1eeb r\u1ec5 S\u00e2m Ng\u1ecdc Linh \u0111\u01b0\u1ee3c s\u1eed d\u1ee5ng trong c\u00e1c s\u1ea3n ph\u1ea9m ch\u0103m s\u00f3c da b\u1edfi v\u00ec n\u00f3 c\u00f3 ch\u1ee9a nhi\u1ec1u d\u01b0\u1ee1ng ch\u1ea5t v\u00e0 vitamin \u0111\u1ec3 duy tr\u00ec \u0111\u1ed9 \u0111\u00e0n h\u1ed3i, s\u1ee9c s\u1ed1ng, gi\u00fap t\u00e1i sinh c\u00e1c t\u1ebf b\u00e0o da v\u00e0 gi\u00fap da gi\u00fap l\u00e0m s\u00e1ng.<\/li>\n<li>B\u1ed9t ng\u1ecdc trai s\u1edf h\u1eefu \u0111\u1eb7c t\u00ednh gi\u1eef \u1ea9m da, h\u01a1n n\u1eefa n\u00f3 gi\u00fap \u0111em l\u1ea1i s\u1ee9c s\u1ed1ng cho da<\/li>\n<li>Acid amin v\u00e0 vitamin gi\u00fap t\u00e1i t\u1ea1o da c\u1eb1n c\u1ed7i tr\u1edf n\u00ean tr\u1eafng tr\u1ebbo, m\u1ecbn m\u00e0ng, ng\u1eeba m\u1ee5n n\u00e1m, t\u00e0n nhang, l\u00e0m cho da th\u00eam t\u01b0\u01a1i s\u00e1ng khi trang \u0111i\u1ec3m v\u00e0 b\u1ea3o v\u1ec7 da d\u01b0\u1edbi \u00e1nh n\u1eafng<\/li>\n<\/ul>\n<p><strong>C\u00d4NG D\u1ee4NG S\u1ea2N PH\u1ea8M<\/strong><strong>:<\/strong><\/p>\n<ul>\n<li>T\u00e1i t\u1ea1o l\u00e0n da: Chuy\u1ec3n h\u00f3a l\u00e0n da c\u1eb1n c\u1ed7i th\u00e0nh l\u00e0n da tr\u1eafng tr\u1ebbo, m\u1ecbn m\u00e0ng.<\/li>\n<li>Ng\u1eeba m\u1ee5n v\u00e0 t\u00e0n nhang: Hi\u1ec7u qu\u1ea3 trong vi\u1ec7c ng\u0103n ng\u1eeba m\u1ee5n, n\u00e1m v\u00e0 t\u00e0n nhang.<\/li>\n<li>D\u01b0\u1ee1ng \u1ea9m: Cung c\u1ea5p \u0111\u1ed9 \u1ea9m c\u1ea7n thi\u1ebft cho da, gi\u1eef cho da lu\u00f4n m\u1ec1m m\u1ea1i.<\/li>\n<li>Gi\u1ea3m l\u00e3o h\u00f3a: Gi\u1ea3m thi\u1ec3u d\u1ea5u hi\u1ec7u l\u00e3o h\u00f3a da, gi\u1eef cho l\u00e0n da lu\u00f4n tr\u1ebb trung.<\/li>\n<li>B\u1ea3o v\u1ec7 da: B\u1ea3o v\u1ec7 da d\u01b0\u1edbi \u00e1nh n\u1eafng m\u1eb7t tr\u1eddi v\u00e0 l\u00e0m kem l\u00f3t khi trang \u0111i\u1ec3m.<\/li>\n<li>Th\u00e0nh ph\u1ea7n t\u1ef1 nhi\u00ean, kh\u00f4ng ch\u1ee9a corticoid. an to\u00e0n v\u1edbi m\u1ecdi lo\u1ea1i da k\u1ec3 c\u1ea3 l\u00e0n da nh\u1ea1y c\u1ea3m, h\u1ea1n ch\u1ebf kh\u1ea3 n\u0103ng k\u00edch \u1ee9ng.<\/li>\n<\/ul>\n<p><strong>\u0110\u1ed0I T\u01af\u1ee2NG S\u1eec D\u1ee4NG<\/strong><strong>: <\/strong>Ph\u00f9 h\u1ee3p v\u1edbi m\u1ecdi lo\u1ea1i da<\/p>\n<p><strong>C\u00c1CH S\u1eec D\u1ee4NG<\/strong><strong>:<br \/>\n<\/strong>B\u01b0\u1edbc 1: Thoa m\u1ed9t l\u01b0\u1ee3ng kem v\u1eeba \u0111\u1ee7 l\u00ean v\u00f9ng da c\u1ea7n d\u01b0\u1ee1ng.<br \/>\nB\u01b0\u1edbc 2: Sau 2 gi\u1edd, d\u00f9ng b\u00f4ng t\u1ea9y trang ho\u1eb7c kh\u0103n s\u1ea1ch lau nh\u1eb9 l\u1edbp kem c\u00f2n l\u1ea1i tr\u00ean da.<br \/>\nB\u01b0\u1edbc 3: R\u1eeda m\u1eb7t s\u1ea1ch l\u1ea1i b\u1eb1ng n\u01b0\u1edbc \u1ea5m ho\u1eb7c s\u1eefa r\u1eeda m\u1eb7t d\u1ecbu nh\u1eb9.<\/p>\n<p><strong>\ud83d\udccc L\u01b0u \u00fd quan tr\u1ecdng:<\/strong><br \/>\n\u2013 Kh\u00f4ng \u0111\u1ec3 kem tr\u00ean da qu\u00e1 2 ti\u1ebfng.<br \/>\n\u2013 Kh\u00f4ng b\u00f4i kem qua \u0111\u00eam.<br \/>\n<strong><em>\u2013 Kh\u00f4ng ph\u00f9 h\u1ee3p v\u1edbi:<\/em><\/strong><br \/>\n+ Da d\u1ea7u nh\u1eddn<br \/>\n+ Da \u0111ang b\u1ecb m\u1ee5n<br \/>\n+ Da c\u00f3 l\u1ed7 ch\u00e2n l\u00f4ng to<\/p>\n<p>\ud83d\udcc5<strong> T\u1ea7n su\u1ea5t s\u1eed d\u1ee5ng:<\/strong><br \/>\n\u2013 C\u00f3 th\u1ec3 d\u00f9ng t\u1ed1i \u0111a 3 l\u1ea7n\/ng\u00e0y, m\u1ed7i l\u1ea7n c\u00e1ch nhau 2\u20133 ti\u1ebfng.<\/p>\n<p>\u2705<strong> Khuy\u1ebfn ngh\u1ecb:<\/strong><br \/>\n\u2013 Lu\u00f4n l\u00e0m s\u1ea1ch da k\u1ef9 tr\u01b0\u1edbc v\u00e0 sau khi s\u1eed d\u1ee5ng \u0111\u1ec3 tr\u00e1nh b\u00edt t\u1eafc l\u1ed7 ch\u00e2n l\u00f4ng.<br \/>\n\u2013 N\u00ean th\u1eed tr\u01b0\u1edbc tr\u00ean m\u1ed9t v\u00f9ng da nh\u1ecf \u0111\u1ec3 ki\u1ec3m tra \u0111\u1ed9 ph\u00f9 h\u1ee3p.<\/p>\n<p><strong>B\u1ea2O QU\u1ea2N<\/strong><strong>:<\/strong><\/p>\n<ul>\n<li>B\u1ea3o qu\u1ea3n n\u01a1i kh\u00f4 r\u00e1o, tho\u00e1ng m\u00e1t, tr\u00e1nh \u00e1nh n\u1eafng tr\u1ef1c ti\u1ebfp t\u1eeb m\u1eb7t tr\u1eddi.<\/li>\n<li>\u0110\u1ec3 xa t\u1ea7m tay tr\u1ebb em.<\/li>\n<\/ul>","protected":false},"excerpt":{"rendered":"<div class=\"woocommerce-product-details__short-description\">\n<p><span data-sheets-root=\"1\"><strong>Contents:<\/strong> 7g<br \/>\n<strong>Uses:<\/strong> <\/span>Kem s\u00e2m Thorakao 7g v\u1edbi chi\u1ebft xu\u1ea5t S\u00e2m Ng\u1ecdc Linh l\u00e0 gi\u1ea3i ph\u00e1p ho\u00e0n h\u1ea3o cho l\u00e0n da t\u01b0\u01a1i tr\u1ebb v\u00e0 r\u1ea1ng r\u1ee1. V\u1edbi th\u00e0nh ph\u1ea7n qu\u00fd gi\u00e1 t\u1eeb S\u00e2m Ng\u1ecdc Linh, kem gi\u00fap d\u01b0\u1ee1ng \u1ea9m s\u00e2u, ng\u1eeba m\u1ee5n, m\u1edd n\u00e1m, gi\u1ea3m n\u1ebfp nh\u0103n, v\u00e0 tr\u1ebb h\u00f3a da, mang l\u1ea1i l\u00e0n da m\u1ecbn m\u00e0ng v\u00e0 s\u0103n ch\u1eafc. Thi\u1ebft k\u1ebf nh\u1ecf g\u1ecdn, ti\u1ec7n l\u1ee3i, ph\u00f9 h\u1ee3p cho vi\u1ec7c ch\u0103m s\u00f3c da h\u00e0ng ng\u00e0y ho\u1eb7c mang theo khi di chuy\u1ec3n.<br \/>\n<strong>L\u01b0u \u00fd: Kh\u00f4ng ph\u00f9 h\u1ee3p da d\u1ea7u nh\u1eddn, da c\u00f3 m\u1ee5n vi\u00eam, m\u1ee5n \u1ea9n, l\u1ed7 ch\u00e2n l\u00f4ng to<\/strong><\/p>\n<p><span data-sheets-root=\"1\">\u00a0<\/span><\/p>\n<\/div>","protected":false},"featured_media":17616,"comment_status":"open","ping_status":"closed","template":"","meta":{"_acf_changed":false},"product_brand":[],"product_cat":[106],"product_tag":[],"class_list":{"0":"post-4260","1":"product","2":"type-product","3":"status-publish","4":"has-post-thumbnail","6":"product_cat-duong-da","8":"first","9":"instock","10":"shipping-taxable","11":"product-type-external"},"acf":[],"_links":{"self":[{"href":"https:\/\/thorakao.com\/en\/wp-json\/wp\/v2\/product\/4260","targetHints":{"allow":["GET"]}}],"collection":[{"href":"https:\/\/thorakao.com\/en\/wp-json\/wp\/v2\/product"}],"about":[{"href":"https:\/\/thorakao.com\/en\/wp-json\/wp\/v2\/types\/product"}],"replies":[{"embeddable":true,"href":"https:\/\/thorakao.com\/en\/wp-json\/wp\/v2\/comments?post=4260"}],"wp:featuredmedia":[{"embeddable":true,"href":"https:\/\/thorakao.com\/en\/wp-json\/wp\/v2\/media\/17616"}],"wp:attachment":[{"href":"https:\/\/thorakao.com\/en\/wp-json\/wp\/v2\/media?parent=4260"}],"wp:term":[{"taxonomy":"product_brand","embeddable":true,"href":"https:\/\/thorakao.com\/en\/wp-json\/wp\/v2\/product_brand?post=4260"},{"taxonomy":"product_cat","embeddable":true,"href":"https:\/\/thorakao.com\/en\/wp-json\/wp\/v2\/product_cat?post=4260"},{"taxonomy":"product_tag","embeddable":true,"href":"https:\/\/thorakao.com\/en\/wp-json\/wp\/v2\/product_tag?post=4260"}],"curies":[{"name":"wp","href":"https:\/\/api.w.org\/{rel}","templated":true}]}}