{"id":4261,"date":"2024-02-28T21:53:24","date_gmt":"2024-02-28T14:53:24","guid":{"rendered":"https:\/\/thorakao.com\/?post_type=product&#038;p=4261"},"modified":"2025-12-12T09:08:36","modified_gmt":"2025-12-12T02:08:36","slug":"sua-rua-mat-hat-nghe-sang-da","status":"publish","type":"product","link":"https:\/\/thorakao.com\/en\/sua-rua-mat-hat-nghe-sang-da\/","title":{"rendered":"S\u1eefa r\u1eeda m\u1eb7t Ngh\u1ec7 s\u00e1ng da 100g"},"content":{"rendered":"<p><strong>TH\u00c0NH PH\u1ea6N <\/strong><strong>S\u1ea2N PH\u1ea8M: <\/strong><\/p>\n<ul>\n<li><strong>Chi\u1ebft xu\u1ea5t h\u1ea1t ngh\u1ec7:<\/strong> Gi\u00e0u Curcumin, gi\u00fap kh\u00e1ng vi\u00eam, ng\u0103n ng\u1eeba m\u1ee5n, gi\u1ea3m th\u00e2m n\u00e1m v\u00e0 h\u1ed7 tr\u1ee3 l\u00e0m l\u00e0nh s\u1eb9o. Curcumin c\u00f2n gi\u00fap da tr\u1edf n\u00ean s\u00e1ng m\u1ecbn, \u0111\u1ec1u m\u00e0u v\u00e0 t\u01b0\u01a1i t\u1eafn h\u01a1n.<\/li>\n<li><strong>Glycerin:<\/strong> Gi\u00fap gi\u1eef \u1ea9m cho da, mang l\u1ea1i c\u1ea3m gi\u00e1c m\u1ec1m m\u1ea1i v\u00e0 c\u0103ng m\u1ecdng, kh\u00f4ng g\u00e2y kh\u00f4 da sau khi r\u1eeda m\u1eb7t.<\/li>\n<\/ul>\n<p><strong>C\u00d4NG D\u1ee4NG S\u1ea2N PH\u1ea8M<\/strong><strong>:<\/strong><\/p>\n<ul>\n<li>Kh\u00e1ng vi\u00eam, \u0111i\u1ec1u tr\u1ecb v\u00e0 ng\u0103n ng\u1eeba m\u1ee5n hi\u1ec7u qu\u1ea3.<\/li>\n<li>M\u1edd th\u00e2m, l\u00e0m l\u00e0nh s\u1eb9o v\u00e0 k\u00edch th\u00edch t\u00e1i t\u1ea1o da.<\/li>\n<li>C\u1ea3i thi\u1ec7n s\u1eafc t\u1ed1 da, \u0111em l\u1ea1i l\u00e0n da tr\u1eafng h\u1ed3ng v\u00e0 \u0111\u1ea9y l\u00f9i l\u00e3o h\u00f3a.<\/li>\n<li>C\u00e2n b\u1eb1ng \u0111\u1ed9 pH, t\u0103ng c\u01b0\u1eddng \u0111\u1ed9 \u1ea9m cho da, gi\u00fap da m\u1ecbn m\u00e0ng v\u00e0 t\u01b0\u01a1i tr\u1ebb.<\/li>\n<li>Lo\u1ea1i b\u1ecf t\u1ebf b\u00e0o ch\u1ebft v\u00e0 b\u00e3 nh\u1eddn t\u00edch t\u1ee5 tr\u00ean b\u1ec1 m\u1eb7t da.<\/li>\n<\/ul>\n<p><strong>\u0110\u1ed0I T\u01af\u1ee2NG S\u1eec D\u1ee4NG<\/strong><strong>: <\/strong><\/p>\n<ul>\n<li>Ng\u01b0\u1eddi mu\u1ed1n l\u00e0m tr\u1eafng da.<\/li>\n<li>Ng\u01b0\u1eddi mu\u1ed1n gi\u1ea3m m\u1ee5n tr\u00ean da.<\/li>\n<\/ul>\n<p><strong>H\u01af\u1edaNG D\u1eaaN S\u1eec D\u1ee4NG<\/strong><strong>: <\/strong><\/p>\n<ol>\n<li>L\u00e0m \u01b0\u1edbt da m\u1eb7t.<\/li>\n<li>Cho m\u1ed9t l\u01b0\u1ee3ng v\u1eeba \u0111\u1ee7 s\u1eefa r\u1eeda m\u1eb7t h\u1ea1t ngh\u1ec7 v\u00e0o l\u00f2ng b\u00e0n tay. H\u00f2a th\u00eam m\u1ed9t \u00edt n\u01b0\u1edbc v\u00e0 massage \u0111\u1ec1u kh\u1eafp m\u1eb7t.<\/li>\n<li>Massage nh\u1eb9 nh\u00e0ng \u1edf nh\u1eefng v\u00f9ng da c\u00f3 m\u1ee5n c\u00e1m. R\u1eeda m\u1eb7t l\u1ea1i th\u1eadt s\u1ea1ch v\u1edbi n\u01b0\u1edbc.<\/li>\n<\/ol>\n<p><strong>B\u1ea2O QU\u1ea2N<\/strong><strong>: <\/strong><\/p>\n<ul>\n<li>B\u1ea3o qu\u1ea3n s\u1ea3n ph\u1ea9m \u1edf n\u01a1i kh\u00f4 r\u00e1o, tho\u00e1ng m\u00e1t, nhi\u1ec7t \u0111\u1ed9 kh\u00f4ng qu\u00e1 30\u00b0C. \u0110\u1ec3 xa t\u1ea7m tay tr\u1ebb em.<\/li>\n<\/ul>","protected":false},"excerpt":{"rendered":"<p><strong>Contents:<\/strong> 100g<br \/>\n<strong>Ph\u00f9 h\u1ee3p:<\/strong> M\u1ecdi lo\u1ea1i da<br \/>\n<strong>Uses:<\/strong> S\u1eefa r\u1eeda m\u1eb7t h\u1ea1t ngh\u1ec7 s\u00e1ng da Thorakao chi\u1ebft xu\u1ea5t t\u1eeb ngh\u1ec7 t\u01b0\u01a1i, mang l\u1ea1i hi\u1ec7u qu\u1ea3 b\u1ea3o v\u1ec7 da kh\u1ecfi t\u00e1c h\u1ea1i m\u00f4i tr\u01b0\u1eddng, ng\u0103n ng\u1eeba m\u1ee5n v\u00e0 t\u00e1i t\u1ea1o l\u00e0n da. H\u1ea1t massage li ti k\u00edch th\u00edch l\u01b0u th\u00f4ng m\u00e1u, mang \u0111\u1ebfn s\u1ef1 th\u01b0 gi\u00e3n tuy\u1ec7t v\u1eddi. V\u1edbi t\u00e1c d\u1ee5ng s\u00e1t tr\u00f9ng, ngh\u1ec7 gi\u00fap ng\u0103n ng\u1eeba m\u1ee5n v\u00e0 lo\u1ea1i b\u1ecf nh\u00e2n m\u1ee5n hi\u1ec7u qu\u1ea3.<\/p>","protected":false},"featured_media":17826,"comment_status":"open","ping_status":"closed","template":"","meta":{"_acf_changed":false},"product_brand":[],"product_cat":[106],"product_tag":[],"class_list":{"0":"post-4261","1":"product","2":"type-product","3":"status-publish","4":"has-post-thumbnail","6":"product_cat-duong-da","8":"first","9":"instock","10":"shipping-taxable","11":"product-type-external"},"acf":[],"_links":{"self":[{"href":"https:\/\/thorakao.com\/en\/wp-json\/wp\/v2\/product\/4261","targetHints":{"allow":["GET"]}}],"collection":[{"href":"https:\/\/thorakao.com\/en\/wp-json\/wp\/v2\/product"}],"about":[{"href":"https:\/\/thorakao.com\/en\/wp-json\/wp\/v2\/types\/product"}],"replies":[{"embeddable":true,"href":"https:\/\/thorakao.com\/en\/wp-json\/wp\/v2\/comments?post=4261"}],"wp:featuredmedia":[{"embeddable":true,"href":"https:\/\/thorakao.com\/en\/wp-json\/wp\/v2\/media\/17826"}],"wp:attachment":[{"href":"https:\/\/thorakao.com\/en\/wp-json\/wp\/v2\/media?parent=4261"}],"wp:term":[{"taxonomy":"product_brand","embeddable":true,"href":"https:\/\/thorakao.com\/en\/wp-json\/wp\/v2\/product_brand?post=4261"},{"taxonomy":"product_cat","embeddable":true,"href":"https:\/\/thorakao.com\/en\/wp-json\/wp\/v2\/product_cat?post=4261"},{"taxonomy":"product_tag","embeddable":true,"href":"https:\/\/thorakao.com\/en\/wp-json\/wp\/v2\/product_tag?post=4261"}],"curies":[{"name":"wp","href":"https:\/\/api.w.org\/{rel}","templated":true}]}}