{"id":4262,"date":"2024-02-28T21:53:24","date_gmt":"2024-02-28T14:53:24","guid":{"rendered":"https:\/\/thorakao.com\/?post_type=product&#038;p=4262"},"modified":"2025-12-12T09:08:26","modified_gmt":"2025-12-12T02:08:26","slug":"sua-rua-mat-hat-nghe-ngua-mun","status":"publish","type":"product","link":"https:\/\/thorakao.com\/en\/sua-rua-mat-hat-nghe-ngua-mun\/","title":{"rendered":"S\u1eefa r\u1eeda m\u1eb7t Ngh\u1ec7 ng\u1eeba m\u1ee5n 100g"},"content":{"rendered":"<p><strong>TH\u00c0NH PH\u1ea6N <\/strong><strong>S\u1ea2N PH\u1ea8M: <\/strong><\/p>\n<ul>\n<li><strong>Chi\u1ebft xu\u1ea5t h\u1ea1t ngh\u1ec7:<\/strong> H\u1ea1t ngh\u1ec7 gi\u00e0u Curcumin, m\u1ed9t ch\u1ea5t ch\u1ed1ng oxy h\u00f3a m\u1ea1nh m\u1ebd gi\u00fap kh\u00e1ng vi\u00eam, ng\u0103n ng\u1eeba m\u1ee5n, gi\u1ea3m th\u00e2m n\u00e1m, v\u00e0 h\u1ed7 tr\u1ee3 l\u00e0m l\u00e0nh s\u1eb9o. Curcumin gi\u00fap da tr\u1edf n\u00ean s\u00e1ng m\u1ecbn, \u0111\u1ec1u m\u00e0u v\u00e0 t\u01b0\u01a1i t\u1eafn h\u01a1n.<\/li>\n<li><strong>H\u1ee3p ch\u1ea5t <\/strong><strong>Glycerin:<\/strong> Gi\u00fap gi\u1eef \u1ea9m cho da, mang \u0111\u1ebfn c\u1ea3m gi\u00e1c m\u1ec1m m\u1ea1i, c\u0103ng m\u1ecdng v\u00e0 kh\u00f4ng b\u1ecb kh\u00f4 sau khi r\u1eeda m\u1eb7t.<\/li>\n<\/ul>\n<p><strong>C\u00d4NG D\u1ee4NG S\u1ea2N PH\u1ea8M<\/strong><strong>:<\/strong><\/p>\n<ul>\n<li><strong>Kh\u00e1ng vi\u00eam, ng\u0103n ng\u1eeba m\u1ee5n:<\/strong> Hi\u1ec7u qu\u1ea3 trong vi\u1ec7c ng\u0103n ng\u1eeba s\u1ef1 xu\u1ea5t hi\u1ec7n c\u1ee7a m\u1ee5n m\u1edbi.<\/li>\n<li><strong>M\u1edd c\u00e1c v\u1ebft th\u00e2m:<\/strong> Ch\u1eefa l\u00e0nh s\u1eb9o do m\u1ee5n, t\u00e1i t\u1ea1o da, c\u1ea3i thi\u1ec7n s\u1eafc t\u1ed1, mang l\u1ea1i l\u00e0n da tr\u1eafng h\u1ed3ng.<\/li>\n<li><strong>C\u00e2n b\u1eb1ng \u0111\u1ed9 pH:<\/strong> T\u0103ng c\u01b0\u1eddng kh\u1ea3 n\u0103ng d\u01b0\u1ee1ng \u1ea9m, gi\u00fap da m\u1ecbn m\u00e0ng v\u00e0 \u0111\u1ec1u m\u00e0u.<\/li>\n<li><strong>Lo\u1ea1i b\u1ecf t\u1ebf b\u00e0o ch\u1ebft:<\/strong> L\u00e0m s\u1ea1ch b\u00e3 nh\u1eddn t\u00edch t\u1ee5 tr\u00ean b\u1ec1 m\u1eb7t da, gi\u00fap da th\u00f4ng tho\u00e1ng.<\/li>\n<\/ul>\n<p><strong>\u0110\u1ed0I T\u01af\u1ee2NG S\u1eec D\u1ee4NG<\/strong><strong>:<\/strong><\/p>\n<p>S\u1eefa r\u1eeda m\u1eb7t h\u1ea1t ngh\u1ec7 ng\u1eeba m\u1ee5n th\u00edch h\u1ee3p cho:<\/p>\n<ul>\n<li>Ng\u01b0\u1eddi mu\u1ed1n c\u1ea3i thi\u1ec7n t\u00ecnh tr\u1ea1ng m\u1ee5n v\u00e0 th\u00e2m tr\u00ean da.<\/li>\n<\/ul>\n<p><strong>H\u01af\u1edaNG D\u1eaaN S\u1eec D\u1ee4NG<\/strong><strong>:<\/strong><\/p>\n<ol>\n<li>L\u00e0m \u01b0\u1edbt da m\u1eb7t.<\/li>\n<li>Cho m\u1ed9t l\u01b0\u1ee3ng v\u1eeba \u0111\u1ee7 s\u1eefa r\u1eeda m\u1eb7t h\u1ea1t ngh\u1ec7 v\u00e0o l\u00f2ng b\u00e0n tay.<\/li>\n<li>H\u00f2a th\u00eam m\u1ed9t \u00edt n\u01b0\u1edbc v\u00e0 massage \u0111\u1ec1u kh\u1eafp m\u1eb7t, ch\u00fa tr\u1ecdng v\u00e0o c\u00e1c v\u00f9ng c\u00f3 m\u1ee5n c\u00e1m.<\/li>\n<li>R\u1eeda m\u1eb7t l\u1ea1i th\u1eadt s\u1ea1ch v\u1edbi n\u01b0\u1edbc.<\/li>\n<\/ol>\n<p><strong>B\u1ea2O QU\u1ea2N<\/strong><strong>:<\/strong><\/p>\n<ul>\n<li>B\u1ea3o qu\u1ea3n s\u1ea3n ph\u1ea9m \u1edf n\u01a1i kh\u00f4 r\u00e1o v\u00e0 tho\u00e1ng m\u00e1t, nhi\u1ec7t \u0111\u1ed9 kh\u00f4ng qu\u00e1 30 \u0111\u1ed9 C.<\/li>\n<li>\u0110\u1ec3 xa t\u1ea7m tay c\u1ee7a tr\u1ebb em.<\/li>\n<\/ul>","protected":false},"excerpt":{"rendered":"<p><strong>Contents: <\/strong>100g<br \/>\n<strong>S\u1eefa r\u1eeda m\u1eb7t h\u1ea1t ngh\u1ec7 ng\u1eeba m\u1ee5n Thorakao 100g<\/strong> l\u00e0 gi\u1ea3i ph\u00e1p ho\u00e0n h\u1ea3o cho l\u00e0n da d\u1ea7u v\u00e0 d\u1ec5 b\u1ecb m\u1ee5n. V\u1edbi th\u00e0nh ph\u1ea7n chi\u1ebft xu\u1ea5t t\u1eeb <strong>c\u1ee7 ngh\u1ec7 t\u01b0\u01a1i thi\u00ean nhi\u00ean<\/strong> v\u00e0 tinh ch\u1ea5t d\u01b0\u1ee1ng da, s\u1ea3n ph\u1ea9m gi\u00fap ng\u0103n ng\u1eeba m\u1ee5n hi\u1ec7u qu\u1ea3, t\u00e1i t\u1ea1o l\u00e0n da, b\u1ed5 sung \u0111\u1ed9 \u1ea9m, \u0111\u1ed3ng th\u1eddi mang l\u1ea1i l\u00e0n da s\u00e1ng \u0111\u1eb9p t\u1ef1 nhi\u00ean.<\/p>","protected":false},"featured_media":17827,"comment_status":"open","ping_status":"closed","template":"","meta":{"_acf_changed":false},"product_brand":[],"product_cat":[106],"product_tag":[],"class_list":{"0":"post-4262","1":"product","2":"type-product","3":"status-publish","4":"has-post-thumbnail","6":"product_cat-duong-da","8":"first","9":"instock","10":"shipping-taxable","11":"product-type-external"},"acf":[],"_links":{"self":[{"href":"https:\/\/thorakao.com\/en\/wp-json\/wp\/v2\/product\/4262","targetHints":{"allow":["GET"]}}],"collection":[{"href":"https:\/\/thorakao.com\/en\/wp-json\/wp\/v2\/product"}],"about":[{"href":"https:\/\/thorakao.com\/en\/wp-json\/wp\/v2\/types\/product"}],"replies":[{"embeddable":true,"href":"https:\/\/thorakao.com\/en\/wp-json\/wp\/v2\/comments?post=4262"}],"wp:featuredmedia":[{"embeddable":true,"href":"https:\/\/thorakao.com\/en\/wp-json\/wp\/v2\/media\/17827"}],"wp:attachment":[{"href":"https:\/\/thorakao.com\/en\/wp-json\/wp\/v2\/media?parent=4262"}],"wp:term":[{"taxonomy":"product_brand","embeddable":true,"href":"https:\/\/thorakao.com\/en\/wp-json\/wp\/v2\/product_brand?post=4262"},{"taxonomy":"product_cat","embeddable":true,"href":"https:\/\/thorakao.com\/en\/wp-json\/wp\/v2\/product_cat?post=4262"},{"taxonomy":"product_tag","embeddable":true,"href":"https:\/\/thorakao.com\/en\/wp-json\/wp\/v2\/product_tag?post=4262"}],"curies":[{"name":"wp","href":"https:\/\/api.w.org\/{rel}","templated":true}]}}