{"id":4264,"date":"2024-02-28T21:53:25","date_gmt":"2024-02-28T14:53:25","guid":{"rendered":"https:\/\/thorakao.com\/?post_type=product&#038;p=4264"},"modified":"2025-12-12T09:08:17","modified_gmt":"2025-12-12T02:08:17","slug":"phan-trang-diem-whitening-thorakao-13g","status":"publish","type":"product","link":"https:\/\/thorakao.com\/en\/phan-trang-diem-whitening-thorakao-13g\/","title":{"rendered":"Ph\u1ea5n Trang \u0110i\u1ec3m Whitening 13g"},"content":{"rendered":"<p><strong>TH\u00c0NH PH\u1ea6N S\u1ea2N PH\u1ea8M: <\/strong><\/p>\n<ul>\n<li>C\u00f4ng th\u1ee9c chi\u1ebft xu\u1ea5t hoa c\u00fac gi\u00fap da tr\u1eafng s\u00e1ng.<\/li>\n<li>Vitamin E gi\u1eef \u1ea9m, mang l\u1ea1i l\u00e0n da m\u1ecbn m\u00e0ng v\u00e0 t\u01b0\u01a1i tr\u1ebb.<\/li>\n<li>S\u1ea3n ph\u1ea9m gi\u00fap th\u1ea5m h\u00fat d\u1ea7u th\u1eeba, t\u1ea1o l\u1edbp n\u1ec1n m\u1ecfng m\u1ecbn, gi\u1eef \u1ea9m v\u00e0 b\u1ea3o v\u1ec7 da tr\u01b0\u1edbc \u00e1nh n\u1eafng m\u1eb7t tr\u1eddi.<\/li>\n<\/ul>\n<p><strong>C\u00d4NG D\u1ee4NG S\u1ea2N PH\u1ea8M: <\/strong><\/p>\n<ul>\n<li>Gi\u00fap da tr\u1eafng s\u00e1ng t\u1ef1 nhi\u00ean.<\/li>\n<li>Th\u1ea5m h\u00fat d\u1ea7u th\u1eeba hi\u1ec7u qu\u1ea3.<\/li>\n<li>T\u1ea1o l\u1edbp ph\u1ee7 trang \u0111i\u1ec3m m\u1ecfng m\u1ecbn.<\/li>\n<li>Gi\u1eef \u1ea9m cho da v\u00e0 b\u1ea3o v\u1ec7 da kh\u1ecfi t\u00e1c \u0111\u1ed9ng c\u1ee7a \u00e1nh n\u1eafng m\u1eb7t tr\u1eddi.<\/li>\n<li>C\u00f3 3 t\u00f4ng m\u00e0u cho s\u1ef1 l\u1ef1a ch\u1ecdn ho\u00e0n h\u1ea3o:\n<ul>\n<li>S\u1ed1 1: Ph\u00f9 h\u1ee3p v\u1edbi da tr\u1eafng s\u00e1ng.<\/li>\n<li>S\u1ed1 2: Gi\u00fap \u0111\u1ec1u m\u00e0u da t\u1ef1 nhi\u00ean.<\/li>\n<li>S\u1ed1 3: Ph\u00f9 h\u1ee3p v\u1edbi da ng\u0103m.<\/li>\n<\/ul>\n<\/li>\n<li>L\u1edbp kim tuy\u1ebfn t\u1ea1o s\u1ef1 l\u1ea5p l\u00e1nh cho g\u01b0\u01a1ng m\u1eb7t.<\/li>\n<\/ul>\n<p><strong>\u0110\u1ed0I T\u01af\u1ee2NG S\u1ea2N PH\u1ea8M: <\/strong><br \/>\nD\u00e0nh cho m\u1ecdi \u0111\u1ed1i t\u01b0\u1ee3ng y\u00eau th\u00edch l\u00e0m \u0111\u1eb9p v\u00e0 ch\u0103m s\u00f3c da.<\/p>\n<p><strong>H\u01af\u1edaNG D\u1eaaN S\u1ea2N PH\u1ea8M: <\/strong><\/p>\n<ul>\n<li>S\u1eed d\u1ee5ng b\u00f4ng ph\u1ea5n \u0111\u1ec3 l\u1ea5y m\u1ed9t l\u01b0\u1ee3ng ph\u1ea5n v\u1eeba \u0111\u1ee7 v\u00e0 \u0111\u00e1nh \u0111\u1ec1u l\u00ean to\u00e0n b\u1ed9 v\u00f9ng da m\u1eb7t.<\/li>\n<li>C\u00f3 hai c\u00e1ch s\u1eed d\u1ee5ng:\n<ul>\n<li>D\u00f9ng b\u00f4ng ph\u1ea5n \u01b0\u1edbt \u0111\u1ec3 t\u1ea1o s\u1ef1 s\u1eafc n\u00e9t, c\u00f3 th\u1ec3 thay th\u1ebf c\u1ea3 kem n\u1ec1n.<\/li>\n<li>D\u00f9ng b\u00f4ng ph\u1ea5n kh\u00f4 \u0111\u1ec3 c\u00f3 l\u1edbp trang \u0111i\u1ec3m t\u1ef1 nhi\u00ean v\u00e0 nh\u1eb9 nh\u00e0ng.<\/li>\n<\/ul>\n<\/li>\n<li>\u0110\u1ec3 gi\u1eef \u0111\u1ed9 b\u1ec1n trang \u0111i\u1ec3m c\u1ea3 ng\u00e0y, n\u00ean d\u01b0\u1ee1ng \u1ea9m cho da b\u1eb1ng c\u00e1c s\u1ea3n ph\u1ea9m kh\u00e1c c\u1ee7a Thorakao v\u00e0 s\u1eed d\u1ee5ng th\u00eam kem trang \u0111i\u1ec3m Thorakao \u0111\u1ec3 t\u1ed1i \u01b0u hi\u1ec7u qu\u1ea3.<\/li>\n<\/ul>\n<p><strong>B\u1ea2O QU\u1ea2N<\/strong><strong>:<\/strong><\/p>\n<ul>\n<li>B\u1ea3o qu\u1ea3n s\u1ea3n ph\u1ea9m \u1edf n\u01a1i kh\u00f4 r\u00e1o, tho\u00e1ng m\u00e1t, nhi\u1ec7t \u0111\u1ed9 kh\u00f4ng qu\u00e1 30 \u0111\u1ed9 C.<\/li>\n<li>\u0110\u1ec3 xa t\u1ea7m tay tr\u1ebb em<\/li>\n<\/ul>","protected":false},"excerpt":{"rendered":"<p><strong>Contents:<\/strong> 13g<br \/>\n<strong>Ph\u00f9 h\u1ee3p:<\/strong> M\u1ecdi \u0111\u1ed1i t\u01b0\u1ee3ng<br \/>\n<strong>Uses:\u00a0<\/strong>Ph\u1ea5n Trang \u0110i\u1ec3m Whitening Thorakao 13g mang \u0111\u1ebfn l\u1edbp n\u1ec1n ho\u00e0n h\u1ea3o v\u1edbi c\u00f4ng th\u1ee9c chi\u1ebft xu\u1ea5t hoa c\u00fac v\u00e0 Vitamin E. Chi\u1ebft xu\u1ea5t hoa c\u00fac gi\u00fap l\u00e0m tr\u1eafng da t\u1ef1 nhi\u00ean, trong khi Vitamin E cung c\u1ea5p \u0111\u1ed9 \u1ea9m, gi\u1eef cho l\u00e0n da lu\u00f4n m\u1ecbn m\u00e0ng v\u00e0 t\u01b0\u01a1i tr\u1ebb. S\u1ea3n ph\u1ea9m kh\u00f4ng ch\u1ec9 n\u00e2ng t\u00f4ng da nh\u1eb9 nh\u00e0ng m\u00e0 c\u00f2n mang l\u1ea1i v\u1ebb ngo\u00e0i kh\u1ecfe kho\u1eafn, r\u1ea1ng r\u1ee1 cho b\u1ea1n.<\/p>","protected":false},"featured_media":17681,"comment_status":"open","ping_status":"closed","template":"","meta":{"_acf_changed":false},"product_brand":[],"product_cat":[106],"product_tag":[],"class_list":{"0":"post-4264","1":"product","2":"type-product","3":"status-publish","4":"has-post-thumbnail","6":"product_cat-duong-da","7":"pa_tong-mau-pha00701","8":"pa_tong-mau-pha00702","9":"pa_tong-mau-pha00703","11":"first","12":"instock","13":"shipping-taxable","14":"product-type-external"},"acf":[],"_links":{"self":[{"href":"https:\/\/thorakao.com\/en\/wp-json\/wp\/v2\/product\/4264","targetHints":{"allow":["GET"]}}],"collection":[{"href":"https:\/\/thorakao.com\/en\/wp-json\/wp\/v2\/product"}],"about":[{"href":"https:\/\/thorakao.com\/en\/wp-json\/wp\/v2\/types\/product"}],"replies":[{"embeddable":true,"href":"https:\/\/thorakao.com\/en\/wp-json\/wp\/v2\/comments?post=4264"}],"wp:featuredmedia":[{"embeddable":true,"href":"https:\/\/thorakao.com\/en\/wp-json\/wp\/v2\/media\/17681"}],"wp:attachment":[{"href":"https:\/\/thorakao.com\/en\/wp-json\/wp\/v2\/media?parent=4264"}],"wp:term":[{"taxonomy":"product_brand","embeddable":true,"href":"https:\/\/thorakao.com\/en\/wp-json\/wp\/v2\/product_brand?post=4264"},{"taxonomy":"product_cat","embeddable":true,"href":"https:\/\/thorakao.com\/en\/wp-json\/wp\/v2\/product_cat?post=4264"},{"taxonomy":"product_tag","embeddable":true,"href":"https:\/\/thorakao.com\/en\/wp-json\/wp\/v2\/product_tag?post=4264"}],"curies":[{"name":"wp","href":"https:\/\/api.w.org\/{rel}","templated":true}]}}