{"id":4267,"date":"2024-02-28T21:53:25","date_gmt":"2024-02-28T14:53:25","guid":{"rendered":"https:\/\/thorakao.com\/?post_type=product&#038;p=4267"},"modified":"2025-12-13T14:25:02","modified_gmt":"2025-12-13T07:25:02","slug":"lotion-duong-toc-tinh-dau-buoi-120ml","status":"publish","type":"product","link":"https:\/\/thorakao.com\/en\/lotion-duong-toc-tinh-dau-buoi-120ml\/","title":{"rendered":"Lotion d\u01b0\u1ee1ng T\u00f3c tinh d\u1ea7u B\u01b0\u1edfi 120ml"},"content":{"rendered":"<p><strong>TH\u00c0NH PH\u1ea6N CH\u00cdNH:<\/strong><\/p>\n<ul>\n<li><strong>Tinh D\u1ea7u V\u1ecf B\u01b0\u1edfi (Citrus Grandis Peel Oil):<\/strong> Ch\u1ee9a vitamin C, gi\u00fap k\u00edch th\u00edch tu\u1ea7n ho\u00e0n m\u00e1u, nu\u00f4i d\u01b0\u1ee1ng nang t\u00f3c, l\u00e0m t\u00f3c m\u1ecdc d\u00e0y v\u00e0 ch\u1eafc kh\u1ecfe, gi\u1ea3m g\u00e3y r\u1ee5ng. T\u00f3c m\u1ec1m m\u01b0\u1ee3t, \u00f3ng \u1ea3 t\u1ef1 nhi\u00ean.<\/li>\n<li><strong>Tinh D\u1ea7u V\u1ecf Cam (Citrus Aurantium Peel Oil):<\/strong> Ki\u1ec3m so\u00e1t d\u1ea7u nh\u1eddn, ng\u0103n ng\u1eeba t\u1eafc l\u1ed7 ch\u00e2n l\u00f4ng, g\u00e0u v\u00e0 vi\u00eam da \u0111\u1ea7u. Kh\u00e1ng khu\u1ea9n, l\u00e0m s\u1ea1ch v\u00e0 ng\u0103n n\u1ea5m da \u0111\u1ea7u.<\/li>\n<li><strong>Silanediol salicylate:<\/strong> T\u0103ng c\u01b0\u1eddng \u0111\u1ed9 ch\u1eafc kh\u1ecfe c\u1ee7a t\u00f3c, lo\u1ea1i b\u1ecf t\u1ebf b\u00e0o ch\u1ebft, gi\u00fap t\u00f3c m\u1ecdc d\u1ec5 d\u00e0ng v\u00e0 b\u1ea3o v\u1ec7 t\u00f3c kh\u1ecfi t\u00e1c \u0111\u1ed9ng m\u00f4i tr\u01b0\u1eddng.<\/li>\n<\/ul>\n<p><strong>\u01afU \u0110I\u1ec2M S\u1ea2N PH\u1ea8M:<\/strong><\/p>\n<ul>\n<li>M\u00f9i th\u01a1m d\u1ec5 ch\u1ecbu, l\u01b0u h\u01b0\u01a1ng l\u00e2u.<\/li>\n<li>D\u01b0\u1ee1ng t\u00f3c m\u1ec1m m\u01b0\u1ee3t, kh\u00f4ng b\u1ebft d\u00ednh.<\/li>\n<li>An to\u00e0n cho da \u0111\u1ea7u.<\/li>\n<li>C\u00e2n b\u1eb1ng \u0111\u1ed9 pH cho da \u0111\u1ea7u.<\/li>\n<\/ul>\n<p><strong>\u0110\u1ed0I T\u01af\u1ee2NG S\u1eec D\u1ee4NG:<\/strong><\/p>\n<ul>\n<li>Ng\u01b0\u1eddi c\u00f3 t\u00f3c m\u1ecfng, y\u1ebfu, d\u1ec5 g\u00e3y r\u1ee5ng.<\/li>\n<li>Ng\u01b0\u1eddi th\u01b0\u1eddng xuy\u00ean s\u1eed d\u1ee5ng h\u00f3a ch\u1ea5t cho t\u00f3c.<\/li>\n<li>Ng\u01b0\u1eddi c\u00f3 da \u0111\u1ea7u nh\u1ea1y c\u1ea3m, d\u1ec5 k\u00edch \u1ee9ng, nhi\u1ec1u g\u00e0u.<\/li>\n<li>Ng\u01b0\u1eddi c\u1ea7n ch\u0103m s\u00f3c m\u00e1i t\u00f3c b\u00f3ng m\u01b0\u1ee3t, ch\u1eafc kh\u1ecfe.<\/li>\n<\/ul>\n<p><strong>C\u00c1CH S\u1eec D\u1ee4NG:<\/strong><\/p>\n<ul>\n<li>B\u01b0\u1edbc 1: L\u1eafc \u0111\u1ec1u chai \u0111\u1ec3 tinh ch\u1ea5t h\u00f2a quy\u1ec7n, gi\u00fap t\u0103ng hi\u1ec7u qu\u1ea3 d\u01b0\u1ee1ng t\u00f3c.<\/li>\n<li>B\u01b0\u1edbc 2: X\u1ecbt tr\u1ef1c ti\u1ebfp lotion l\u00ean da \u0111\u1ea7u v\u00e0 ch\u00e2n t\u00f3c, \u0111\u1eb7c bi\u1ec7t t\u1ea1i c\u00e1c v\u00f9ng t\u00f3c th\u01b0a, d\u1ec5 r\u1ee5ng.<\/li>\n<li>B\u01b0\u1edbc 3: Massage nh\u1eb9 nh\u00e0ng trong 3\u20135 ph\u00fat \u0111\u1ec3 k\u00edch th\u00edch tu\u1ea7n ho\u00e0n m\u00e1u v\u00e0 gi\u00fap tinh ch\u1ea5t th\u1ea9m th\u1ea5u s\u00e2u v\u00e0o nang t\u00f3c.<\/li>\n<\/ul>\n<p><strong>\ud83d\udccc T\u1ea7n su\u1ea5t s\u1eed d\u1ee5ng:<\/strong><\/p>\n<ul>\n<li>\u00a02\u20133 l\u1ea7n\/ng\u00e0y<\/li>\n<li>\u00a0\u0110\u1eb7c bi\u1ec7t hi\u1ec7u qu\u1ea3 khi d\u00f9ng sau khi g\u1ed9i \u0111\u1ea7u, khi da \u0111\u1ea7u s\u1ea1ch v\u00e0 d\u1ec5 h\u1ea5p thu d\u01b0\u1ee1ng ch\u1ea5t h\u01a1n.<\/li>\n<\/ul>\n<p>\u2705 <strong>L\u01b0u \u00fd:\u00a0<\/strong><\/p>\n<ul>\n<li>Ch\u1ec9 s\u1eed d\u1ee5ng khi t\u00f3c s\u1ea1ch, kh\u00f4ng b\u1ebft d\u1ea7u nh\u1eddn, m\u1ed3 h\u00f4i.<\/li>\n<li>Lotion D\u01b0\u1ee1ng T\u00f3c Thorakao ch\u1ec9 h\u1ed7 tr\u1ee3 c\u1ea3i thi\u1ec7n r\u1ee5ng t\u00f3c v\u00e0 kh\u00f4ng thay th\u1ebf thu\u1ed1c ch\u1eefa b\u1ec7nh.<\/li>\n<li>Kh\u00f4ng l\u1ea1m d\u1ee5ng s\u1ebd d\u1ec5 g\u00e2y b\u1ebft t\u00f3c n\u1ebfu kh\u00f4ng g\u1ed9i \u0111\u1ea7u th\u01b0\u1eddng xuy\u00ean.<\/li>\n<\/ul>\n<p><strong>B\u1ea2O QU\u1ea2N:<\/strong><\/p>\n<ul>\n<li>B\u1ea3o qu\u1ea3n n\u01a1i kh\u00f4 r\u00e1o, tho\u00e1ng m\u00e1t, tr\u00e1nh \u00e1nh n\u1eafng tr\u1ef1c ti\u1ebfp.<\/li>\n<li>\u0110\u1ec3 xa t\u1ea7m tay tr\u1ebb em.<\/li>\n<\/ul>","protected":false},"excerpt":{"rendered":"<p><strong>Dung t\u00edch:<\/strong> 120ml<br \/>\n<strong>Ph\u00f9 h\u1ee3p:<\/strong> Th\u00edch h\u1ee3p cho m\u1ecdi lo\u1ea1i t\u00f3c.<br \/>\n<strong>Uses:\u00a0<\/strong> Kh\u00e1m ph\u00e1 b\u00ed quy\u1ebft cho m\u00e1i t\u00f3c d\u00e0y v\u00e0 ch\u1eafc kh\u1ecfe v\u1edbi Lotion D\u01b0\u1ee1ng T\u00f3c Tinh D\u1ea7u B\u01b0\u1edfi Thorakao. V\u1edbi c\u00f4ng th\u1ee9c chi\u1ebft xu\u1ea5t t\u1ef1 nhi\u00ean, s\u1ea3n ph\u1ea9m gi\u00fap gi\u1ea3m r\u1ee5ng t\u00f3c, k\u00edch th\u00edch m\u1ecdc t\u00f3c v\u00e0 b\u1ea3o v\u1ec7 da \u0111\u1ea7u hi\u1ec7u qu\u1ea3<\/p>","protected":false},"featured_media":17678,"comment_status":"open","ping_status":"closed","template":"","meta":{"_acf_changed":false},"product_brand":[],"product_cat":[116],"product_tag":[],"class_list":{"0":"post-4267","1":"product","2":"type-product","3":"status-publish","4":"has-post-thumbnail","6":"product_cat-duong-toc","8":"first","9":"instock","10":"shipping-taxable","11":"product-type-external"},"acf":[],"_links":{"self":[{"href":"https:\/\/thorakao.com\/en\/wp-json\/wp\/v2\/product\/4267","targetHints":{"allow":["GET"]}}],"collection":[{"href":"https:\/\/thorakao.com\/en\/wp-json\/wp\/v2\/product"}],"about":[{"href":"https:\/\/thorakao.com\/en\/wp-json\/wp\/v2\/types\/product"}],"replies":[{"embeddable":true,"href":"https:\/\/thorakao.com\/en\/wp-json\/wp\/v2\/comments?post=4267"}],"wp:featuredmedia":[{"embeddable":true,"href":"https:\/\/thorakao.com\/en\/wp-json\/wp\/v2\/media\/17678"}],"wp:attachment":[{"href":"https:\/\/thorakao.com\/en\/wp-json\/wp\/v2\/media?parent=4267"}],"wp:term":[{"taxonomy":"product_brand","embeddable":true,"href":"https:\/\/thorakao.com\/en\/wp-json\/wp\/v2\/product_brand?post=4267"},{"taxonomy":"product_cat","embeddable":true,"href":"https:\/\/thorakao.com\/en\/wp-json\/wp\/v2\/product_cat?post=4267"},{"taxonomy":"product_tag","embeddable":true,"href":"https:\/\/thorakao.com\/en\/wp-json\/wp\/v2\/product_tag?post=4267"}],"curies":[{"name":"wp","href":"https:\/\/api.w.org\/{rel}","templated":true}]}}