{"id":4269,"date":"2024-02-28T21:53:25","date_gmt":"2024-02-28T14:53:25","guid":{"rendered":"https:\/\/thorakao.com\/?post_type=product&#038;p=4269"},"modified":"2025-12-13T14:25:43","modified_gmt":"2025-12-13T07:25:43","slug":"kem-gac","status":"publish","type":"product","link":"https:\/\/thorakao.com\/en\/kem-gac\/","title":{"rendered":"Kem d\u01b0\u1ee1ng da G\u1ea5c 3g"},"content":{"rendered":"<p><strong>TH\u00c0NH PH\u1ea6N S\u1ea2N PH\u1ea8M:<\/strong><\/p>\n<ul>\n<li>Kem D\u01b0\u1ee1ng Da G\u1ea5c \u0111\u01b0\u1ee3c chi\u1ebft xu\u1ea5t t\u1eeb tinh d\u1ea7u qu\u1ea3 g\u1ea5c, gi\u00e0u Vitamin A, E, v\u00e0 B3, cung c\u1ea5p d\u01b0\u1ee1ng ch\u1ea5t thi\u1ebft y\u1ebfu cho l\u00e0n da, gi\u00fap l\u00e0m m\u1ec1m m\u1ecbn v\u00e0 c\u1ea3i thi\u1ec7n s\u1ee9c kh\u1ecfe da hi\u1ec7u qu\u1ea3.<\/li>\n<li>G\u1ea5c ch\u1ee9a lycopen, c\u00f3 t\u00e1c d\u1ee5ng ch\u1ed1ng l\u00e3o h\u00f3a, gi\u1ea3m s\u1ea1m da, v\u00e0 ng\u0103n ng\u1eeba m\u1ee5n tr\u1ee9ng c\u00e1. Vitamin v\u00e0 d\u01b0\u1ee1ng ch\u1ea5t trong g\u1ea5c gi\u00fap da tr\u1edf n\u00ean t\u01b0\u01a1i tr\u1ebb v\u00e0 r\u1ea1ng ng\u1eddi.<\/li>\n<li>Chi\u1ebft xu\u1ea5t t\u1eeb tr\u00e1i g\u1ea5c thi\u00ean nhi\u00ean cung c\u1ea5p nhi\u1ec1u vitamin v\u00e0 d\u01b0\u1ee1ng ch\u1ea5t, gi\u00fap d\u01b0\u1ee1ng da s\u00e1ng \u0111\u1eb9p, m\u1ecbn m\u00e0ng.<\/li>\n<\/ul>\n<p><strong>C\u00d4NG D\u1ee4NG S\u1ea2N PH\u1ea8M:<\/strong><\/p>\n<ul>\n<li>Ng\u0103n ng\u1eeba l\u00e3o h\u00f3a: B\u1ed5 sung d\u01b0\u1ee1ng ch\u1ea5t, gi\u00fap da duy tr\u00ec s\u1ef1 t\u01b0\u01a1i tr\u1ebb.<\/li>\n<li>D\u01b0\u1ee1ng \u1ea9m s\u00e2u: C\u00e2n b\u1eb1ng \u0111\u1ed9 \u1ea9m, ch\u1ed1ng kh\u00f4 da, mang l\u1ea1i s\u1ef1 m\u1ec1m m\u1ea1i.<\/li>\n<li>H\u1ed7 tr\u1ee3 ng\u0103n m\u1ee5n: Gi\u1ea3m nguy c\u01a1 m\u1ee5n tr\u1ee9ng c\u00e1 v\u00e0 l\u00e0m s\u1ea1ch da.<\/li>\n<li>S\u00e1ng h\u1ed3ng t\u1ef1 nhi\u00ean: Vitamin l\u00e0m da tr\u1edf n\u00ean s\u00e1ng h\u1ed3ng v\u00e0 \u0111\u1ec1u m\u00e0u.<\/li>\n<li>L\u00e0n da m\u1ecbn m\u00e0ng: Cung c\u1ea5p \u0111\u1ed9 \u1ea9m v\u00e0 l\u00e0m da t\u01b0\u01a1i m\u00e1t.<\/li>\n<li>M\u00f9i th\u01a1m nh\u1eb9 nh\u00e0ng.<\/li>\n<li>N\u1ec1n kem s\u00e1p m\u1ecbn: \u0110\u1eb7c bi\u1ec7t l\u00e0nh t\u00ednh, c\u1ea3i thi\u1ec7n r\u00f5 r\u1ec7t c\u1ee7a l\u00e0n da.<\/li>\n<li>S\u1ea3n ph\u1ea9m kh\u00f4ng ch\u1ee9a corticoid.<\/li>\n<\/ul>\n<p><strong>\u0110\u1ed0I T\u01af\u1ee2NG S\u1eec D\u1ee4NG:<\/strong><\/p>\n<ul>\n<li>Ph\u00f9 h\u1ee3p v\u1edbi m\u1ecdi lo\u1ea1i da.<\/li>\n<\/ul>\n<p><span data-sheets-root=\"1\"><strong>C\u00c1CH S\u1eec D\u1ee4NG:<\/strong><\/span><\/p>\n<ul>\n<li><span data-sheets-root=\"1\"><strong>B\u01b0\u1edbc 1:<\/strong> Thoa m\u1ed9t l\u01b0\u1ee3ng kem v\u1eeba \u0111\u1ee7 l\u00ean v\u00f9ng da c\u1ea7n d\u01b0\u1ee1ng.<\/span><\/li>\n<li><span data-sheets-root=\"1\"><strong>B\u01b0\u1edbc 2:<\/strong> Sau 2 gi\u1edd, d\u00f9ng b\u00f4ng t\u1ea9y trang ho\u1eb7c kh\u0103n s\u1ea1ch lau nh\u1eb9 l\u1edbp kem c\u00f2n l\u1ea1i tr\u00ean da.<\/span><\/li>\n<li style=\"text-align: left;\"><span data-sheets-root=\"1\"><span data-sheets-root=\"1\"><strong>B\u01b0\u1edbc 3:<\/strong> R\u1eeda m\u1eb7t s\u1ea1ch l\u1ea1i b\u1eb1ng n\u01b0\u1edbc \u1ea5m ho\u1eb7c s\u1eefa r\u1eeda m\u1eb7t d\u1ecbu nh\u1eb9<\/span><\/span>&nbsp;\n<p><span data-sheets-root=\"1\"><span data-sheets-root=\"1\"><strong>\ud83d\udccc L\u01b0u \u00fd quan tr\u1ecdng:<\/strong><br \/>\n\u2013 Kh\u00f4ng \u0111\u1ec3 kem tr\u00ean da qu\u00e1 2 ti\u1ebfng.<br \/>\n\u2013 Kh\u00f4ng b\u00f4i kem qua \u0111\u00eam.<br \/>\n<em><strong>\u2013 Kh\u00f4ng ph\u00f9 h\u1ee3p v\u1edbi:<\/strong><\/em><br \/>\n+ Da d\u1ea7u nh\u1eddn<br \/>\n+ Da \u0111ang b\u1ecb m\u1ee5n<br \/>\n+ Da c\u00f3 l\u1ed7 ch\u00e2n l\u00f4ng to<\/span><\/span>\ud83d\udcc5<strong> T\u1ea7n su\u1ea5t s\u1eed d\u1ee5ng:<\/strong><br \/>\n\u2013 C\u00f3 th\u1ec3 d\u00f9ng t\u1ed1i \u0111a 3 l\u1ea7n\/ng\u00e0y, m\u1ed7i l\u1ea7n c\u00e1ch nhau 2\u20133 ti\u1ebfng.<\/p>\n<p><strong>\u2705 Khuy\u1ebfn ngh\u1ecb:<\/strong><br \/>\n\u2013 Lu\u00f4n l\u00e0m s\u1ea1ch da k\u1ef9 tr\u01b0\u1edbc v\u00e0 sau khi s\u1eed d\u1ee5ng \u0111\u1ec3 tr\u00e1nh b\u00edt t\u1eafc l\u1ed7 ch\u00e2n l\u00f4ng.<br \/>\n\u2013 N\u00ean th\u1eed tr\u01b0\u1edbc tr\u00ean m\u1ed9t v\u00f9ng da nh\u1ecf \u0111\u1ec3 ki\u1ec3m tra \u0111\u1ed9 ph\u00f9 h\u1ee3p.<\/li>\n<\/ul>\n<p><strong>B\u1ea2O QU\u1ea2N:<\/strong><\/p>\n<ul>\n<li>B\u1ea3o qu\u1ea3n n\u01a1i kh\u00f4 r\u00e1o, tho\u00e1ng m\u00e1t, tr\u00e1nh \u00e1nh n\u1eafng tr\u1ef1c ti\u1ebfp t\u1eeb m\u1eb7t tr\u1eddi.<\/li>\n<li>\u0110\u1ec3 xa t\u1ea7m tay tr\u1ebb em.<\/li>\n<\/ul>","protected":false},"excerpt":{"rendered":"<p><strong>Contents:<\/strong> 3g<br \/>\n<strong>Ph\u00f9 h\u1ee3p:<\/strong> Kh\u00f4ng ph\u00f9 h\u1ee3p cho da d\u1ea7u nh\u1eddn &#8211; M\u1ee5n vi\u00eam &#8211;\u00a0 M\u1ee5n \u1ea9n<br \/>\n<strong>Uses: <\/strong>Kem D\u01b0\u1ee1ng Da G\u1ea5c Thorakao 3g gi\u00fap nu\u00f4i d\u01b0\u1ee1ng l\u00e0n da m\u1ecbn m\u00e0ng, gi\u1ea3m thi\u1ec3u d\u1ea5u hi\u1ec7u l\u00e3o h\u00f3a v\u00e0 t\u0103ng c\u01b0\u1eddng \u0111\u1ed9 \u1ea9m, mang l\u1ea1i l\u00e0n da t\u01b0\u01a1i tr\u1ebb, r\u1ea1ng ng\u1eddi. V\u1edbi c\u00f4ng th\u1ee9c nh\u1eb9 d\u1ecbu, kem d\u01b0\u1ee1ng da G\u1ea5c Thorakao ph\u00f9 h\u1ee3p cho m\u1ecdi lo\u1ea1i da, b\u1ea3o v\u1ec7 da kh\u1ecfi c\u00e1c t\u00e1c nh\u00e2n g\u00e2y h\u1ea1i t\u1eeb m\u00f4i tr\u01b0\u1eddng, duy tr\u00ec v\u1ebb \u0111\u1eb9p t\u1ef1 nhi\u00ean v\u00e0 cung c\u1ea5p \u0111\u1ed9 \u1ea9m hi\u1ec7u qu\u1ea3.<\/p>","protected":false},"featured_media":17677,"comment_status":"open","ping_status":"closed","template":"","meta":{"_acf_changed":false},"product_brand":[],"product_cat":[106],"product_tag":[],"class_list":{"0":"post-4269","1":"product","2":"type-product","3":"status-publish","4":"has-post-thumbnail","6":"product_cat-duong-da","8":"first","9":"instock","10":"shipping-taxable","11":"product-type-external"},"acf":[],"_links":{"self":[{"href":"https:\/\/thorakao.com\/en\/wp-json\/wp\/v2\/product\/4269","targetHints":{"allow":["GET"]}}],"collection":[{"href":"https:\/\/thorakao.com\/en\/wp-json\/wp\/v2\/product"}],"about":[{"href":"https:\/\/thorakao.com\/en\/wp-json\/wp\/v2\/types\/product"}],"replies":[{"embeddable":true,"href":"https:\/\/thorakao.com\/en\/wp-json\/wp\/v2\/comments?post=4269"}],"wp:featuredmedia":[{"embeddable":true,"href":"https:\/\/thorakao.com\/en\/wp-json\/wp\/v2\/media\/17677"}],"wp:attachment":[{"href":"https:\/\/thorakao.com\/en\/wp-json\/wp\/v2\/media?parent=4269"}],"wp:term":[{"taxonomy":"product_brand","embeddable":true,"href":"https:\/\/thorakao.com\/en\/wp-json\/wp\/v2\/product_brand?post=4269"},{"taxonomy":"product_cat","embeddable":true,"href":"https:\/\/thorakao.com\/en\/wp-json\/wp\/v2\/product_cat?post=4269"},{"taxonomy":"product_tag","embeddable":true,"href":"https:\/\/thorakao.com\/en\/wp-json\/wp\/v2\/product_tag?post=4269"}],"curies":[{"name":"wp","href":"https:\/\/api.w.org\/{rel}","templated":true}]}}