{"id":4272,"date":"2024-02-28T21:53:26","date_gmt":"2024-02-28T14:53:26","guid":{"rendered":"https:\/\/thorakao.com\/?post_type=product&#038;p=4272"},"modified":"2025-12-12T09:06:45","modified_gmt":"2025-12-12T02:06:45","slug":"kem-duong-da-white-sua-de-ngoc-trai-thorakao","status":"publish","type":"product","link":"https:\/\/thorakao.com\/en\/kem-duong-da-white-sua-de-ngoc-trai-thorakao\/","title":{"rendered":"Kem d\u01b0\u1ee1ng da White S\u1eefa D\u00ea &#038; Ng\u1ecdc Trai 30g"},"content":{"rendered":"<p><strong>TH\u00c0NH PH\u1ea6N S\u1ea2N PH\u1ea8M:<\/strong><\/p>\n<ul>\n<li><strong>S\u1eefa d\u00ea:<\/strong> D\u01b0\u1ee1ng \u1ea9m, l\u00e0m m\u1ec1m da, cung c\u1ea5p vitamin v\u00e0 kho\u00e1ng ch\u1ea5t gi\u00fap da kh\u1ecfe m\u1ea1nh.<\/li>\n<li><strong>Ng\u1ecdc trai:<\/strong> L\u00e0m s\u00e1ng da, gi\u1ea3m th\u00e2m n\u00e1m, h\u1ed7 tr\u1ee3 t\u00e1i t\u1ea1o l\u00e0n da m\u1ecbn m\u00e0ng v\u00e0 \u0111\u1ec1u m\u00e0u.<\/li>\n<li><strong>Cam th\u1ea3o:<\/strong> L\u00e0m d\u1ecbu da, ng\u0103n ng\u1eeba k\u00edch \u1ee9ng, gi\u00fap da s\u00e1ng t\u1ef1 nhi\u00ean v\u00e0 gi\u1ea3m th\u00e2m.<\/li>\n<li><strong>Tinh ch\u1ea5t tr\u00e1i c\u00e2y:<\/strong> Cung c\u1ea5p vitamin, d\u01b0\u1ee1ng \u1ea9m, ch\u1ed1ng oxy h\u00f3a, gi\u00fap da t\u01b0\u01a1i tr\u1ebb v\u00e0 s\u00e1ng m\u1ecbn.<\/li>\n<li><strong>Tinh ch\u1ea5t hoa:<\/strong> L\u00e0m d\u1ecbu da, kh\u00e1ng vi\u00eam, mang l\u1ea1i h\u01b0\u01a1ng th\u01a1m nh\u1eb9 nh\u00e0ng v\u00e0 c\u1ea3m gi\u00e1c th\u01b0 gi\u00e3n.<\/li>\n<li><strong>Tinh ch\u1ea5t t\u1ea3o bi\u1ec3n:<\/strong> D\u01b0\u1ee1ng \u1ea9m s\u00e2u, h\u1ed7 tr\u1ee3 t\u00e1i t\u1ea1o da, gi\u00fap da s\u0103n ch\u1eafc v\u00e0 kh\u1ecfe m\u1ea1nh.<\/li>\n<\/ul>\n<p><strong>C\u00d4NG D\u1ee4NG S\u1ea2N PH\u1ea8M:<\/strong><\/p>\n<ul>\n<li>Tr\u1eafng da an to\u00e0n, ng\u0103n ng\u1eeba l\u00e3o h\u00f3a da hi\u1ec7u qu\u1ea3.<\/li>\n<li>Gi\u00fap l\u00e0n da tr\u1edf n\u00ean s\u0103n ch\u1eafc v\u00e0 c\u0103ng m\u1ecbn.<\/li>\n<li>Duy tr\u00ec \u0111\u1ed9 \u1ea9m t\u1ef1 nhi\u00ean v\u00e0 t\u00e1i t\u1ea1o l\u00e0n da m\u1edbi tr\u1eafng s\u00e1ng.<\/li>\n<li>Chi\u1ebft xu\u1ea5t th\u00e0nh ph\u1ea7n thi\u00ean nhi\u00ean an to\u00e0n, kh\u00f4ng g\u00e2y k\u00edch \u1ee9ng.<\/li>\n<li>H\u01b0\u01a1ng th\u01a1m d\u1ecbu nh\u1eb9, mang l\u1ea1i c\u1ea3m gi\u00e1c tho\u1ea3i m\u00e1i.<\/li>\n<li>\u0110em l\u1ea1i l\u00e0n da s\u00e1ng kh\u1ecfe, m\u1ecbn m\u00e0ng, th\u00f4ng tho\u00e1ng v\u00e0 kh\u00f4ng nh\u1eddn r\u00edt, th\u00edch h\u1ee3p cho m\u1ecdi lo\u1ea1i da.<\/li>\n<\/ul>\n<p><strong>\u0110\u1ed0I T\u01af\u1ee2NG S\u1eec D\u1ee4NG:<\/strong><\/p>\n<ul>\n<li>Ph\u00f9 h\u1ee3p v\u1edbi m\u1ecdi lo\u1ea1i da, \u0111\u1eb7c bi\u1ec7t cho ng\u01b0\u1eddi c\u00f3 nhu c\u1ea7u l\u00e0m tr\u1eafng v\u00e0 c\u1ea5p \u1ea9m cho da.<\/li>\n<\/ul>\n<p><b>C\u00c1CH S\u1eec D\u1ee4NG:<\/b><\/p>\n<ul>\n<li><strong>B\u01b0\u1edbc 1:<\/strong> Sau khi r\u1eeda m\u1eb7t s\u1ea1ch, l\u1ea5y m\u1ed9t l\u01b0\u1ee3ng kem v\u1eeba \u0111\u1ee7, thoa \u0111\u1ec1u m\u1ed9t l\u1edbp m\u1ecfng nh\u1eb9 l\u00ean da.<\/li>\n<li><strong>B\u01b0\u1edbc 2:<\/strong> Massage nh\u1eb9 nh\u00e0ng theo chi\u1ec1u n\u00e2ng c\u01a1 (t\u1eeb d\u01b0\u1edbi l\u00ean, trong ra ngo\u00e0i) \u0111\u1ec3 gi\u00fap kem th\u1ea9m th\u1ea5u hi\u1ec7u qu\u1ea3 h\u01a1n.<\/li>\n<li><strong>B\u01b0\u1edbc 3:<\/strong> S\u1eed d\u1ee5ng 2 l\u1ea7n\/ng\u00e0y: s\u00e1ng v\u00e0 t\u1ed1i \u0111\u1ec3 \u0111\u1ea1t hi\u1ec7u qu\u1ea3 d\u01b0\u1ee1ng da t\u1ed1i \u01b0u.<\/li>\n<\/ul>\n<p>\ud83d\udccc Ban ng\u00e0y, n\u00ean k\u1ebft h\u1ee3p s\u1eed d\u1ee5ng th\u00eam kem ch\u1ed1ng n\u1eafng sau khi thoa kem d\u01b0\u1ee1ng \u0111\u1ec3 b\u1ea3o v\u1ec7 da kh\u1ecfi t\u00e1c h\u1ea1i t\u1eeb tia UV.<\/p>\n<p>\u2705<strong> M\u1eb9o nh\u1ecf:<\/strong><br \/>\n\u2013 C\u00f3 th\u1ec3 k\u1ebft h\u1ee3p c\u00f9ng toner tr\u01b0\u1edbc b\u01b0\u1edbc kem d\u01b0\u1ee1ng \u0111\u1ec3 t\u0103ng kh\u1ea3 n\u0103ng h\u1ea5p th\u1ee5.<br \/>\n\u2013 B\u1ea3o qu\u1ea3n n\u01a1i kh\u00f4 r\u00e1o, tr\u00e1nh \u00e1nh n\u1eafng tr\u1ef1c ti\u1ebfp v\u00e0 nhi\u1ec7t \u0111\u1ed9 cao.<\/p>\n<p><strong>NOTES:<\/strong><\/p>\n<ul>\n<li>C\u1ea9n th\u1eadn tr\u00e1nh \u0111\u1ec3 kem d\u00ednh v\u00e0o m\u1eaft.<\/li>\n<\/ul>\n<p><strong>B\u1ea2O QU\u1ea2N:<\/strong><\/p>\n<ul>\n<li>B\u1ea3o qu\u1ea3n n\u01a1i kh\u00f4 r\u00e1o, tho\u00e1ng m\u00e1t, tr\u00e1nh \u00e1nh n\u1eafng tr\u1ef1c ti\u1ebfp t\u1eeb m\u1eb7t tr\u1eddi.<\/li>\n<li>\u0110\u1ec3 xa t\u1ea7m tay tr\u1ebb em.<\/li>\n<\/ul>","protected":false},"excerpt":{"rendered":"<p><strong>Contents:<\/strong> 30g<br \/>\n<strong>Ph\u00f9 h\u1ee3p:<\/strong> M\u1ecdi lo\u1ea1i da, \u0111\u1eb7c bi\u1ec7t da c\u1ea7n d\u01b0\u1ee1ng tr\u1eafng s\u00e1ng, c\u1ea5p \u1ea9m s\u00e2u, l\u00e0m m\u1ecbn v\u00e0 ng\u1eeba l\u00e3o h\u00f3a.<br \/>\n<strong>Uses:<\/strong> Kem D\u01b0\u1ee1ng Da White S\u1eefa D\u00ea &amp; Ng\u1ecdc Trai Thorakao 30g l\u00e0 s\u1ea3n ph\u1ea9m d\u01b0\u1ee1ng da ho\u00e0n h\u1ea3o v\u1edbi s\u1ef1 k\u1ebft h\u1ee3p \u0111\u1ed9c \u0111\u00e1o gi\u1eefa tinh ch\u1ea5t s\u1eefa d\u00ea v\u00e0 ng\u1ecdc trai, gi\u00fap d\u01b0\u1ee1ng \u1ea9m s\u00e2u, l\u00e0m s\u00e1ng da v\u00e0 mang l\u1ea1i l\u00e0n da m\u1ecbn m\u00e0ng, t\u01b0\u01a1i tr\u1ebb. S\u1ea3n ph\u1ea9m kh\u00f4ng ch\u1ec9 gi\u00fap c\u1ea3i thi\u1ec7n m\u00e0u da m\u00e0 c\u00f2n cung c\u1ea5p \u0111\u1ed9 \u1ea9m c\u1ea7n thi\u1ebft cho da, gi\u1eef cho l\u00e0n da lu\u00f4n c\u0103ng m\u1ecbn v\u00e0 r\u1ea1ng r\u1ee1.<\/p>","protected":false},"featured_media":17611,"comment_status":"open","ping_status":"closed","template":"","meta":{"_acf_changed":false},"product_brand":[],"product_cat":[106],"product_tag":[],"class_list":{"0":"post-4272","1":"product","2":"type-product","3":"status-publish","4":"has-post-thumbnail","6":"product_cat-duong-da","8":"first","9":"instock","10":"shipping-taxable","11":"product-type-external"},"acf":[],"_links":{"self":[{"href":"https:\/\/thorakao.com\/en\/wp-json\/wp\/v2\/product\/4272","targetHints":{"allow":["GET"]}}],"collection":[{"href":"https:\/\/thorakao.com\/en\/wp-json\/wp\/v2\/product"}],"about":[{"href":"https:\/\/thorakao.com\/en\/wp-json\/wp\/v2\/types\/product"}],"replies":[{"embeddable":true,"href":"https:\/\/thorakao.com\/en\/wp-json\/wp\/v2\/comments?post=4272"}],"wp:featuredmedia":[{"embeddable":true,"href":"https:\/\/thorakao.com\/en\/wp-json\/wp\/v2\/media\/17611"}],"wp:attachment":[{"href":"https:\/\/thorakao.com\/en\/wp-json\/wp\/v2\/media?parent=4272"}],"wp:term":[{"taxonomy":"product_brand","embeddable":true,"href":"https:\/\/thorakao.com\/en\/wp-json\/wp\/v2\/product_brand?post=4272"},{"taxonomy":"product_cat","embeddable":true,"href":"https:\/\/thorakao.com\/en\/wp-json\/wp\/v2\/product_cat?post=4272"},{"taxonomy":"product_tag","embeddable":true,"href":"https:\/\/thorakao.com\/en\/wp-json\/wp\/v2\/product_tag?post=4272"}],"curies":[{"name":"wp","href":"https:\/\/api.w.org\/{rel}","templated":true}]}}