{"id":4273,"date":"2024-02-28T21:53:26","date_gmt":"2024-02-28T14:53:26","guid":{"rendered":"https:\/\/thorakao.com\/?post_type=product&#038;p=4273"},"modified":"2025-12-12T09:06:56","modified_gmt":"2025-12-12T02:06:56","slug":"kem-thoa-tay-80g","status":"publish","type":"product","link":"https:\/\/thorakao.com\/en\/kem-thoa-tay-80g\/","title":{"rendered":"Hand Cream 80g"},"content":{"rendered":"<p><strong>TH\u00c0NH PH\u1ea6N <\/strong><strong>S\u1ea2N PH\u1ea8M: <\/strong><\/p>\n<ul>\n<li><strong>B\u01a1 h\u1ea1t m\u1ee1<\/strong> trong kem d\u01b0\u1ee1ng tay c\u00f3 t\u00e1c d\u1ee5ng nu\u00f4i d\u01b0\u1ee1ng v\u00e0 c\u1ea5p \u1ea9m s\u00e2u cho da, gi\u00fap l\u00e0m m\u1ec1m da kh\u00f4 r\u00e1p, ng\u0103n ng\u1eeba n\u1ee9t n\u1ebb.<\/li>\n<li><strong>B\u01a1 h\u1ea1t m\u1ee1<\/strong> c\u00f2n ch\u1ee9a c\u00e1c vitamin v\u00e0 ch\u1ea5t ch\u1ed1ng oxy h\u00f3a gi\u00fap b\u1ea3o v\u1ec7 da tay kh\u1ecfi c\u00e1c t\u00e1c nh\u00e2n g\u00e2y h\u1ea1i t\u1eeb m\u00f4i tr\u01b0\u1eddng, \u0111\u1ed3ng th\u1eddi ph\u1ee5c h\u1ed3i v\u00e0 l\u00e0m d\u1ecbu da b\u1ecb t\u1ed5n th\u01b0\u01a1ng do kh\u00f4 r\u00e1t ho\u1eb7c ti\u1ebfp x\u00fac v\u1edbi h\u00f3a ch\u1ea5t.<\/li>\n<\/ul>\n<p><strong>C\u00d4NG D\u1ee4NG S\u1ea2N PH\u1ea8M<\/strong><strong>: <\/strong><\/p>\n<ul>\n<li>Nu\u00f4i d\u01b0\u1ee1ng b\u1ea3o v\u1ec7 da tay tr\u00e1nh kh\u00f4 r\u00e1t n\u1ee9t n\u1ebb<\/li>\n<li>C\u1ea5p \u1ea9m s\u00e2u cho da tay<\/li>\n<li>D\u01b0\u1ee1ng da m\u1ec1m m\u1ea1i, m\u1ecbn m\u00e0ng kh\u00f4ng b\u1ecb kh\u00f4 r\u00e1t b\u1edfi th\u01b0\u1eddng xuy\u00ean ti\u1ebfp x\u00fac v\u1edbi c\u00e1c h\u00f3a ch\u1ea5t trong nh\u1eefng lo\u1ea1i x\u00e0 b\u00f4ng gi\u1eb7t, ch\u1ea5t t\u1ea9y r\u1eeda ho\u1eb7c kh\u00ed h\u1eadu l\u1ea1nh l\u00e0m da b\u1ecb kh\u00f4 m\u1ed1c, n\u1ee9t n\u1ebb kh\u00f3 ch\u1ecbu.<\/li>\n<li>S\u1ea3n ph\u1ea9m ch\u1ea5t l\u01b0\u1ee3ng cao, v\u1edbi nguy\u00ean li\u1ec7u tinh t\u00fay t\u1eeb thi\u00ean nhi\u00ean.<\/li>\n<\/ul>\n<p><strong>\u0110\u1ed0I T\u01af\u1ee2NG S\u1eec D\u1ee4NG<\/strong><\/p>\n<ul>\n<li>Ph\u00f9 h\u1ee3p m\u1ecdi lo\u1ea1i da<\/li>\n<\/ul>\n<p><strong>H\u01af\u1edaNG D\u1eaaN S\u1eec D\u1ee4NG <\/strong><\/p>\n<ul>\n<li>D\u00f9ng kem thoa nh\u1eb9 \u0111\u1ec1u kh\u1eafp da tay, c\u00e1nh tay \u0111\u1ec3 t\u1ed1i \u01b0u hi\u1ec7u qu\u1ea3 cho da tay.<\/li>\n<\/ul>\n<p><strong>NOTES: <\/strong><\/p>\n<ul>\n<li>Tr\u00e1nh ti\u1ebfp x\u00fac v\u1edbi m\u1eaft, n\u1ebfu c\u00f3 r\u1eeda ngay b\u1eb1ng n\u01b0\u1edbc s\u1ea1ch.<\/li>\n<li>Ng\u01b0ng s\u1eed d\u1ee5ng khi da b\u1ecb k\u00edch \u1ee9ng.<\/li>\n<\/ul>\n<p><strong>B\u1ea2O QU\u1ea2N <\/strong><\/p>\n<ul>\n<li>B\u1ea3o qu\u1ea3n s\u1ea3n ph\u1ea9m \u1edf n\u01a1i kh\u00f4 r\u00e1o v\u00e0 tho\u00e1ng m\u00e1t, nhi\u1ec7t \u0111\u1ed9 kh\u00f4ng qu\u00e1 30 \u0111\u1ed9.<\/li>\n<li>\u0110\u1ec3 xa t\u1ea7m tay c\u1ee7a tr\u1ebb em.<\/li>\n<\/ul>","protected":false},"excerpt":{"rendered":"<p><strong>Contents:<\/strong> 80g<br \/>\n<strong>Ph\u00f9 h\u1ee3p:<\/strong> Th\u00edch h\u1ee3p cho m\u1ecdi lo\u1ea1i da<br \/>\n<strong>Uses:<\/strong> Kem Thoa Tay Thorakao 80g v\u1edbi chi\u1ebft xu\u1ea5t B\u01a1 H\u1ea1t M\u1ee1 cung c\u1ea5p \u0111\u1ed9 \u1ea9m s\u00e2u, gi\u00fap l\u00e0m m\u1ec1m v\u00e0 b\u1ea3o v\u1ec7 \u0111\u00f4i tay c\u1ee7a b\u1ea1n kh\u1ecfi kh\u00f4 r\u00e1p. Th\u00e0nh ph\u1ea7n t\u1ef1 nhi\u00ean t\u1eeb b\u01a1 h\u1ea1t m\u1ee1 gi\u00e0u d\u01b0\u1ee1ng ch\u1ea5t nu\u00f4i d\u01b0\u1ee1ng da, mang l\u1ea1i \u0111\u00f4i tay m\u1ec1m m\u1ea1i, m\u1ecbn m\u00e0ng su\u1ed1t c\u1ea3 ng\u00e0y.<\/p>","protected":false},"featured_media":17829,"comment_status":"open","ping_status":"closed","template":"","meta":{"_acf_changed":false},"product_brand":[],"product_cat":[106],"product_tag":[],"class_list":{"0":"post-4273","1":"product","2":"type-product","3":"status-publish","4":"has-post-thumbnail","6":"product_cat-duong-da","8":"first","9":"instock","10":"shipping-taxable","11":"product-type-external"},"acf":[],"_links":{"self":[{"href":"https:\/\/thorakao.com\/en\/wp-json\/wp\/v2\/product\/4273","targetHints":{"allow":["GET"]}}],"collection":[{"href":"https:\/\/thorakao.com\/en\/wp-json\/wp\/v2\/product"}],"about":[{"href":"https:\/\/thorakao.com\/en\/wp-json\/wp\/v2\/types\/product"}],"replies":[{"embeddable":true,"href":"https:\/\/thorakao.com\/en\/wp-json\/wp\/v2\/comments?post=4273"}],"wp:featuredmedia":[{"embeddable":true,"href":"https:\/\/thorakao.com\/en\/wp-json\/wp\/v2\/media\/17829"}],"wp:attachment":[{"href":"https:\/\/thorakao.com\/en\/wp-json\/wp\/v2\/media?parent=4273"}],"wp:term":[{"taxonomy":"product_brand","embeddable":true,"href":"https:\/\/thorakao.com\/en\/wp-json\/wp\/v2\/product_brand?post=4273"},{"taxonomy":"product_cat","embeddable":true,"href":"https:\/\/thorakao.com\/en\/wp-json\/wp\/v2\/product_cat?post=4273"},{"taxonomy":"product_tag","embeddable":true,"href":"https:\/\/thorakao.com\/en\/wp-json\/wp\/v2\/product_tag?post=4273"}],"curies":[{"name":"wp","href":"https:\/\/api.w.org\/{rel}","templated":true}]}}