{"id":4274,"date":"2024-02-28T21:53:26","date_gmt":"2024-02-28T14:53:26","guid":{"rendered":"https:\/\/thorakao.com\/?post_type=product&#038;p=4274"},"modified":"2025-12-12T09:07:12","modified_gmt":"2025-12-12T02:07:12","slug":"kem-ngua-nut-got-chan-50g","status":"publish","type":"product","link":"https:\/\/thorakao.com\/en\/kem-ngua-nut-got-chan-50g\/","title":{"rendered":"Cracked Heel Preventing Cream 50g"},"content":{"rendered":"<p><strong>TH\u00c0NH PH\u1ea6N S\u1ea2N PH\u1ea8M:<\/strong><\/p>\n<p>Tinh d\u1ea7u M\u00f9 U l\u00e0 th\u00e0nh ph\u1ea7n ch\u00ednh trong kem ng\u1eeba n\u1ee9t g\u00f3t ch\u00e2n, gi\u00fap d\u01b0\u1ee1ng \u1ea9m v\u00e0 l\u00e0m m\u1ec1m da, gi\u1ea3m t\u00ecnh tr\u1ea1ng kh\u00f4 r\u00e1p. Tinh d\u1ea7u M\u00f9 U gi\u1eef cho l\u00e0n da g\u00f3t ch\u00e2n lu\u00f4n m\u1ec1m m\u1ea1i, m\u1ecbn m\u00e0ng, ng\u0103n ng\u1eeba v\u00e0 h\u1ea1n ch\u1ebf n\u1ee9t n\u1ebb hi\u1ec7u qu\u1ea3.<\/p>\n<p><strong>C\u00d4NG D\u1ee4NG S\u1ea2N PH\u1ea8M:<\/strong><\/p>\n<ul>\n<li>Ng\u1eeba kh\u00f4 r\u00e1t, n\u1ee9t n\u1ebb, v\u00e0 t\u00ecnh tr\u1ea1ng n\u01b0\u1edbc \u0103n ch\u00e2n.<\/li>\n<li>Gi\u00fap m\u1ec1m da, d\u01b0\u1ee1ng \u1ea9m, gi\u1ea3m kh\u00f4 r\u00e1t, n\u1ee9t n\u1ebb kh\u00f3 ch\u1ecbu.<\/li>\n<li>Kh\u00e1ng vi\u00eam, l\u00e0m d\u1ecbu c\u00e1c v\u1ebft n\u1ee9t \u0111au r\u00e1t.<\/li>\n<li>Th\u00fac \u0111\u1ea9y qu\u00e1 tr\u00ecnh t\u00e1i t\u1ea1o da, gi\u00fap l\u00e0m l\u00e0nh c\u00e1c v\u1ebft n\u1ee9t nhanh h\u01a1n.<\/li>\n<li>\u0110em l\u1ea1i c\u1ea3m gi\u00e1c tho\u1ea3i m\u00e1i d\u1ec5 ch\u1ecbu cho \u0111\u00f4i b\u00e0n ch\u00e2n c\u1ee7a b\u1ea1n.<\/li>\n<\/ul>\n<p><strong>\u0110\u1ed0I T\u01af\u1ee2NG S\u1eec D\u1ee4NG:<\/strong><\/p>\n<ul>\n<li>Ph\u00f9 h\u1ee3p cho nh\u1eefng ng\u01b0\u1eddi c\u00f3 l\u00e0n da g\u00f3t ch\u00e2n kh\u00f4 r\u00e1p, n\u1ee9t n\u1ebb v\u00e0 d\u1ec5 bong tr\u00f3c.<\/li>\n<li>Ng\u01b0\u1eddi th\u01b0\u1eddng xuy\u00ean \u0111\u1ee9ng ho\u1eb7c \u0111i l\u1ea1i nhi\u1ec1u, ti\u1ebfp x\u00fac v\u1edbi m\u00f4i tr\u01b0\u1eddng kh\u00f4 hanh ho\u1eb7c l\u1ea1nh.<\/li>\n<\/ul>\n<p><strong>H\u01af\u1edaNG D\u1eaaN S\u1eec D\u1ee4NG:<\/strong><\/p>\n<ul>\n<li>R\u1eeda s\u1ea1ch ch\u00e2n, lau kh\u00f4 v\u00f9ng da g\u00f3t ch\u00e2n b\u1ecb kh\u00f4 n\u1ee9t.<\/li>\n<li>Thoa kem t\u1eeb 2-3 l\u1ea7n m\u1ed7i ng\u00e0y \u0111\u1ec3 \u0111\u1ea1t hi\u1ec7u qu\u1ea3 t\u1ed1t nh\u1ea5t.<\/li>\n<\/ul>\n<p><strong>B\u1ea2O QU\u1ea2N:<\/strong><\/p>\n<ul>\n<li>B\u1ea3o qu\u1ea3n s\u1ea3n ph\u1ea9m \u1edf n\u01a1i kh\u00f4 r\u00e1o v\u00e0 tho\u00e1ng m\u00e1t.<\/li>\n<li>\u0110\u1ec3 xa t\u1ea7m tay c\u1ee7a tr\u1ebb em.<\/li>\n<\/ul>","protected":false},"excerpt":{"rendered":"<p><strong>Contents:<\/strong>\u00a050g<br \/>\n<strong>Ph\u00f9 h\u1ee3p:<\/strong> Th\u00edch h\u1ee3p cho m\u1ecdi lo\u1ea1i da<br \/>\n<strong>Uses:<\/strong> Kem ng\u1eeba n\u1ee9t g\u00f3t ch\u00e2n Thorakao 50g \u0111\u01b0\u1ee3c chi\u1ebft xu\u1ea5t t\u1eeb tinh d\u1ea7u M\u00f9 U, n\u1ed5i b\u1eadt v\u1edbi kh\u1ea3 n\u0103ng l\u00e0m m\u1ec1m v\u00e0 nu\u00f4i d\u01b0\u1ee1ng da ch\u00e2n, \u0111\u1eb7c bi\u1ec7t l\u00e0 v\u00f9ng g\u00f3t ch\u00e2n kh\u00f4 r\u00e1p v\u00e0 n\u1ee9t n\u1ebb. S\u1ea3n ph\u1ea9m ch\u1ee9a c\u00e1c d\u01b0\u1ee1ng ch\u1ea5t c\u1ea5p \u1ea9m gi\u00fap ng\u0103n ng\u1eeba t\u00ecnh tr\u1ea1ng n\u1ee9t n\u1ebb, mang l\u1ea1i \u0111\u00f4i g\u00f3t ch\u00e2n m\u1ecbn m\u00e0ng v\u00e0 kh\u1ecfe m\u1ea1nh. V\u1edbi c\u00f4ng th\u1ee9c th\u1ea9m th\u1ea5u nhanh, s\u1ea3n ph\u1ea9m kh\u00f4ng g\u00e2y nh\u1eddn r\u00edt v\u00e0 an to\u00e0n cho m\u1ecdi lo\u1ea1i da, gi\u00fap b\u1ea1n t\u1ef1 tin h\u01a1n v\u1edbi \u0111\u00f4i ch\u00e2n c\u1ee7a m\u00ecnh.<\/p>","protected":false},"featured_media":17830,"comment_status":"open","ping_status":"closed","template":"","meta":{"_acf_changed":false},"product_brand":[],"product_cat":[106],"product_tag":[],"class_list":{"0":"post-4274","1":"product","2":"type-product","3":"status-publish","4":"has-post-thumbnail","6":"product_cat-duong-da","8":"first","9":"instock","10":"shipping-taxable","11":"product-type-external"},"acf":[],"_links":{"self":[{"href":"https:\/\/thorakao.com\/en\/wp-json\/wp\/v2\/product\/4274","targetHints":{"allow":["GET"]}}],"collection":[{"href":"https:\/\/thorakao.com\/en\/wp-json\/wp\/v2\/product"}],"about":[{"href":"https:\/\/thorakao.com\/en\/wp-json\/wp\/v2\/types\/product"}],"replies":[{"embeddable":true,"href":"https:\/\/thorakao.com\/en\/wp-json\/wp\/v2\/comments?post=4274"}],"wp:featuredmedia":[{"embeddable":true,"href":"https:\/\/thorakao.com\/en\/wp-json\/wp\/v2\/media\/17830"}],"wp:attachment":[{"href":"https:\/\/thorakao.com\/en\/wp-json\/wp\/v2\/media?parent=4274"}],"wp:term":[{"taxonomy":"product_brand","embeddable":true,"href":"https:\/\/thorakao.com\/en\/wp-json\/wp\/v2\/product_brand?post=4274"},{"taxonomy":"product_cat","embeddable":true,"href":"https:\/\/thorakao.com\/en\/wp-json\/wp\/v2\/product_cat?post=4274"},{"taxonomy":"product_tag","embeddable":true,"href":"https:\/\/thorakao.com\/en\/wp-json\/wp\/v2\/product_tag?post=4274"}],"curies":[{"name":"wp","href":"https:\/\/api.w.org\/{rel}","templated":true}]}}