{"id":4276,"date":"2024-02-28T21:53:26","date_gmt":"2024-02-28T14:53:26","guid":{"rendered":"https:\/\/thorakao.com\/?post_type=product&#038;p=4276"},"modified":"2025-12-12T09:07:20","modified_gmt":"2025-12-12T02:07:20","slug":"sua-rua-mat-sua-tuoi-dua-leo","status":"publish","type":"product","link":"https:\/\/thorakao.com\/en\/sua-rua-mat-sua-tuoi-dua-leo\/","title":{"rendered":"S\u1eefa r\u1eeda m\u1eb7t s\u1eefa t\u01b0\u01a1i d\u01b0a leo 100g"},"content":{"rendered":"<p><strong>TH\u00c0NH PH\u1ea6N S\u1ea2N PH\u1ea8M:<\/strong><\/p>\n<ul>\n<li>Tinh ch\u1ea5t s\u1eefa t\u01b0\u01a1i: Cung c\u1ea5p \u0111\u1ed9 \u1ea9m, nu\u00f4i d\u01b0\u1ee1ng da m\u1ec1m m\u1ecbn, t\u00e1i t\u1ea1o l\u00e0n da v\u00e0 mang l\u1ea1i v\u1ebb s\u00e1ng kh\u1ecfe t\u1ef1 nhi\u00ean.<\/li>\n<li>Chi\u1ebft xu\u1ea5t d\u01b0a leo: Gi\u00fap l\u00e0m m\u00e1t, se kh\u00edt l\u1ed7 ch\u00e2n l\u00f4ng, c\u00e2n b\u1eb1ng d\u1ea7u th\u1eeba v\u00e0 h\u1ed7 tr\u1ee3 l\u00e0m s\u1ea1ch s\u00e2u, gi\u00fap da lu\u00f4n t\u01b0\u01a1i t\u1eafn v\u00e0 ng\u0103n ng\u1eeba m\u1ee5n hi\u1ec7u qu\u1ea3.<\/li>\n<\/ul>\n<p><strong>C\u00d4NG D\u1ee4NG S\u1ea2N PH\u1ea8M:<\/strong><\/p>\n<ul>\n<li>L\u00e0m s\u1ea1ch d\u1ea7u nh\u1eddn v\u00e0 b\u1ee5i b\u1ea9n tr\u00ean b\u1ec1 m\u1eb7t da.<\/li>\n<li>D\u01b0\u1ee1ng \u1ea9m v\u00e0 ng\u0103n ng\u1eeba m\u1ee5n hi\u1ec7u qu\u1ea3.<\/li>\n<li>Gi\u00fap s\u00e1ng da, c\u00e2n b\u1eb1ng \u0111\u1ed9 \u1ea9m, cho l\u00e0n da m\u1ec1m m\u1ecbn.<\/li>\n<li>Se kh\u00edt l\u1ed7 ch\u00e2n l\u00f4ng v\u00e0 c\u00e2n b\u1eb1ng \u0111\u1ed9 pH cho b\u1ec1 m\u1eb7t da.<\/li>\n<\/ul>\n<p><strong>\u0110\u1ed0I T\u01af\u1ee2NG S\u1eec D\u1ee4NG<\/strong><strong>: <\/strong><\/p>\n<ul>\n<li>Ph\u00f9 h\u1ee3p cho da th\u01b0\u1eddng v\u00e0 da nh\u1eddn.<\/li>\n<\/ul>\n<p><strong>H\u01af\u1edaNG D\u1eaaN S\u1eec D\u1ee4NG<\/strong><strong>: <\/strong><\/p>\n<ol>\n<li>Th\u1ea5m n\u01b0\u1edbc \u0111\u1ec1u tr\u00ean m\u1eb7t v\u00e0 tay.<\/li>\n<li>Cho m\u1ed9t l\u01b0\u1ee3ng s\u1eefa r\u1eeda m\u1eb7t v\u1eeba \u0111\u1ee7 v\u00e0o l\u00f2ng b\u00e0n tay, \u0111\u00e1nh \u0111\u1ec1u \u0111\u1ec3 t\u1ea1o b\u1ecdt, r\u1ed3i xoa l\u00ean m\u1eb7t.<\/li>\n<li>R\u1eeda l\u1ea1i b\u1eb1ng n\u01b0\u1edbc s\u1ea1ch.<\/li>\n<li>Th\u1ef1c hi\u1ec7n c\u00e1c b\u01b0\u1edbc d\u01b0\u1ee1ng da ti\u1ebfp theo.<\/li>\n<\/ol>\n<p><strong>NOTES:<\/strong><\/p>\n<ul>\n<li>N\u00ean k\u1ebft h\u1ee3p v\u1edbi c\u00e1c s\u1ea3n ph\u1ea9m d\u01b0\u1ee1ng da kh\u00e1c c\u1ee7a Thorakao \u0111\u1ec3 t\u0103ng hi\u1ec7u qu\u1ea3.<\/li>\n<\/ul>\n<p><strong>B\u1ea2O QU\u1ea2N:<\/strong><\/p>\n<ul>\n<li>B\u1ea3o qu\u1ea3n n\u01a1i kh\u00f4 r\u00e1o, tho\u00e1ng m\u00e1t, tr\u00e1nh \u00e1nh n\u1eafng tr\u1ef1c ti\u1ebfp.<\/li>\n<li>\u0110\u1ec3 xa t\u1ea7m tay tr\u1ebb em.<\/li>\n<\/ul>\n<p>&nbsp;<\/p>","protected":false},"excerpt":{"rendered":"<p><strong>Contents:<\/strong> 100g<br \/>\n<strong>Ph\u00f9 h\u1ee3p:<\/strong> M\u1ecdi lo\u1ea1i da, \u0111\u1eb7c bi\u1ec7t ph\u00f9 h\u1ee3p v\u1edbi dau d\u1ea7u nh\u1eddn<br \/>\n<strong>Uses:<\/strong> S\u1eefa r\u1eeda m\u1eb7t S\u1eefa t\u01b0\u01a1i v\u00e0 D\u01b0a leo Thorakao 100g l\u00e0 gi\u1ea3i ph\u00e1p ho\u00e0n h\u1ea3o cho l\u00e0n da nh\u1eddn v\u00e0 h\u1ed7n h\u1ee3p. V\u1edbi chi\u1ebft xu\u1ea5t t\u1eeb s\u1eefa t\u01b0\u01a1i v\u00e0 d\u01b0a leo t\u1ef1 nhi\u00ean, s\u1ea3n ph\u1ea9m kh\u00f4ng ch\u1ec9 l\u00e0m s\u1ea1ch s\u00e2u m\u00e0 c\u00f2n lo\u1ea1i b\u1ecf nh\u1eddn th\u1eeba v\u00e0 b\u1ee5i b\u1ea9n, \u0111\u1ed3ng th\u1eddi cung c\u1ea5p \u0111\u1ed9 \u1ea9m t\u1ef1 nhi\u00ean. S\u1eefa r\u1eeda m\u1eb7t n\u00e0y gi\u00fap da b\u1ea1n tr\u1edf n\u00ean m\u1ecbn m\u00e0ng, t\u01b0\u01a1i s\u00e1ng v\u00e0 h\u1ed7 tr\u1ee3 ng\u0103n ng\u1eeba m\u1ee5n hi\u1ec7u qu\u1ea3.<\/p>\n<p>&nbsp;<\/p>","protected":false},"featured_media":17828,"comment_status":"open","ping_status":"closed","template":"","meta":{"_acf_changed":false},"product_brand":[],"product_cat":[106],"product_tag":[],"class_list":{"0":"post-4276","1":"product","2":"type-product","3":"status-publish","4":"has-post-thumbnail","6":"product_cat-duong-da","8":"first","9":"instock","10":"shipping-taxable","11":"product-type-external"},"acf":[],"_links":{"self":[{"href":"https:\/\/thorakao.com\/en\/wp-json\/wp\/v2\/product\/4276","targetHints":{"allow":["GET"]}}],"collection":[{"href":"https:\/\/thorakao.com\/en\/wp-json\/wp\/v2\/product"}],"about":[{"href":"https:\/\/thorakao.com\/en\/wp-json\/wp\/v2\/types\/product"}],"replies":[{"embeddable":true,"href":"https:\/\/thorakao.com\/en\/wp-json\/wp\/v2\/comments?post=4276"}],"wp:featuredmedia":[{"embeddable":true,"href":"https:\/\/thorakao.com\/en\/wp-json\/wp\/v2\/media\/17828"}],"wp:attachment":[{"href":"https:\/\/thorakao.com\/en\/wp-json\/wp\/v2\/media?parent=4276"}],"wp:term":[{"taxonomy":"product_brand","embeddable":true,"href":"https:\/\/thorakao.com\/en\/wp-json\/wp\/v2\/product_brand?post=4276"},{"taxonomy":"product_cat","embeddable":true,"href":"https:\/\/thorakao.com\/en\/wp-json\/wp\/v2\/product_cat?post=4276"},{"taxonomy":"product_tag","embeddable":true,"href":"https:\/\/thorakao.com\/en\/wp-json\/wp\/v2\/product_tag?post=4276"}],"curies":[{"name":"wp","href":"https:\/\/api.w.org\/{rel}","templated":true}]}}