{"id":4281,"date":"2024-02-28T21:53:27","date_gmt":"2024-02-28T14:53:27","guid":{"rendered":"https:\/\/thorakao.com\/?post_type=product&#038;p=4281"},"modified":"2025-12-12T09:06:35","modified_gmt":"2025-12-12T02:06:35","slug":"sua-rua-mat-tinh-chat-sua-bo","status":"publish","type":"product","link":"https:\/\/thorakao.com\/en\/sua-rua-mat-tinh-chat-sua-bo\/","title":{"rendered":"S\u1eefa r\u1eeda m\u1eb7t tinh ch\u1ea5t s\u1eefa b\u00f2 120g"},"content":{"rendered":"<p><strong>TH\u00c0NH PH\u1ea6N S\u1ea2N PH\u1ea8M<\/strong><\/p>\n<ul>\n<li>Th\u00e0nh ph\u1ea7n s\u1eefa b\u00f2 nguy\u00ean ch\u1ea5t trong s\u1eefa r\u1eeda m\u1eb7t c\u00f3 c\u00f4ng d\u1ee5ng nu\u00f4i d\u01b0\u1ee1ng l\u00e0n da m\u1ec1m m\u1ecbn, b\u1ed5 sung \u0111\u1ed9 \u1ea9m t\u1ef1 nhi\u00ean, gi\u00fap da lu\u00f4n c\u0103ng m\u1ecbn.<\/li>\n<li>S\u1eefa b\u00f2 ch\u1ee9a nhi\u1ec1u vitamin v\u00e0 kho\u00e1ng ch\u1ea5t gi\u00fap l\u00e0m s\u00e1ng da, l\u00e0m d\u1ecbu c\u00e1c v\u1ebft th\u00e2m, ng\u0103n ng\u1eeba m\u1ee5n, v\u00e0 t\u00e1i t\u1ea1o l\u00e0n da kh\u1ecfe m\u1ea1nh.<\/li>\n<\/ul>\n<p><strong>C\u00d4NG D\u1ee4NG S\u1ea2N PH\u1ea8M: <\/strong><\/p>\n<ul>\n<li>Ng\u0103n ng\u1eeba m\u1ee5n, gi\u1ea3m nh\u1eddn th\u1eeba, lo\u1ea1i b\u1ecf c\u00e1c ch\u1ea5t b\u1ea9n tr\u00ean da.<\/li>\n<li>T\u00e1i t\u1ea1o l\u00e0n da m\u1ecbn m\u00e0ng, b\u1ed5 sung \u0111\u1ed9 \u1ea9m v\u00e0 gi\u00fap da s\u00e1ng \u0111\u1eb9p t\u1ef1 nhi\u00ean.<\/li>\n<li>Gi\u00fap l\u00e0m s\u1ea1ch da t\u1ed1i \u01b0u, l\u1ea5y \u0111i b\u1ee5i b\u1ea9n, b\u00e3 nh\u1eddn nh\u01b0ng kh\u00f4ng l\u00e0m m\u1ea5t \u0111\u1ed9 \u1ea9m t\u1ef1 nhi\u00ean c\u1ee7a da.<\/li>\n<li>\u00a0\u00cam d\u1ecbu, kh\u00f4ng t\u1ea1o b\u1ecdt, h\u01b0\u01a1ng th\u01a1m ng\u1ecdt ng\u00e0o.<\/li>\n<li>C\u00e2n b\u1eb1ng \u0111\u1ed9 pH, gi\u00fap da lu\u00f4n \u1ea9m m\u1ecbn t\u1ef1 nhi\u00ean kh\u00f4ng kh\u00f4 c\u0103ng, g\u00e2y kh\u00f3 ch\u1ecbu,<\/li>\n<\/ul>\n<p><strong>\u0110\u1ed0I T\u01af\u1ee2NG S\u1eec D\u1ee4NG<\/strong><\/p>\n<ul>\n<li>Ph\u00f9 h\u1ee3p m\u1ecdi lo\u1ea1i da<\/li>\n<\/ul>\n<p><strong>H\u01af\u1edaNG D\u1eaaN S\u1eec D\u1ee4NG<\/strong><\/p>\n<ul>\n<li>L\u1ea5y m\u1ed9t l\u01b0\u1ee3ng s\u1eefa r\u1eeda m\u1eb7t v\u1eeba \u0111\u1ee7 v\u00e0o v\u00e0o l\u00f2ng b\u00e0n tay, h\u00f2a th\u00eam m\u1ed9t \u00edt n\u01b0\u1edbc v\u00e0 thoa \u0111\u1ec1u kh\u1eafp m\u1eb7t k\u1ebft h\u1ee3p massage nh\u1eb9 nh\u00e0ng.<\/li>\n<li>R\u1eeda m\u1eb7t l\u1ea1i th\u1eadt s\u1ea1ch v\u1edbi n\u01b0\u1edbc.<\/li>\n<li>Th\u1ef1c hi\u1ec7n c\u00e1c b\u01b0\u1edbc d\u01b0\u1ee1ng da ti\u1ebfp theo.<\/li>\n<\/ul>\n<p><strong>NOTES: <\/strong><\/p>\n<ul>\n<li>Sau khi r\u1eeda m\u1eb7t xong, n\u00ean d\u00f9ng th\u00eam n\u01b0\u1edbc hoa h\u1ed3ng Thorakao \u0111\u1ec3 gi\u00fap c\u00e2n b\u1eb1ng da t\u1ed1t nh\u1ea5t, gi\u00fap da h\u1ea5p th\u1ee5 t\u1ed1t h\u01a1n c\u00e1c ch\u1ea5t dinh d\u01b0\u1ee1ng v\u00e0 thu nh\u1ecf l\u1ed7 ch\u00e2n l\u00f4ng hi\u1ec7u qu\u1ea3 nh\u1ea5t<\/li>\n<\/ul>\n<p><strong>B\u1ea2O QU\u1ea2N<\/strong><\/p>\n<ul>\n<li>B\u1ea3o qu\u1ea3n n\u01a1i kh\u00f4 r\u00e1o, tho\u00e1ng m\u00e1t, tr\u00e1nh \u00e1nh n\u1eafng tr\u1ef1c ti\u1ebfp t\u1eeb m\u1eb7t tr\u1eddi.<\/li>\n<li>\u0110\u1ec3 xa t\u1ea7m tay tr\u1ebb em.<\/li>\n<\/ul>","protected":false},"excerpt":{"rendered":"<p><strong>Contents:<\/strong> 120g<br \/>\n<strong>Ph\u00f9 h\u1ee3p:<\/strong> M\u1ecdi lo\u1ea1i da<br \/>\n<strong>Uses:<\/strong> S\u1eefa r\u1eeda m\u1eb7t tinh ch\u1ea5t s\u1eefa b\u00f2 Thorakao 120g ch\u1ee9a chi\u1ebft xu\u1ea5t t\u1eeb s\u1eefa b\u00f2, gi\u00fap ng\u0103n ng\u1eeba m\u1ee5n, gi\u1ea3m nh\u1eddn v\u00e0 t\u00e1i t\u1ea1o l\u00e0n da m\u1ecbn m\u00e0ng, s\u00e1ng \u0111\u1eb9p t\u1ef1 nhi\u00ean. S\u1ea3n ph\u1ea9m c\u00f2n t\u00edch h\u1ee3p c\u00e1c h\u1ea1t massage nh\u1eb9 nh\u00e0ng, h\u1ed7 tr\u1ee3 l\u00e0m s\u1ea1ch s\u00e2u v\u00e0 mang l\u1ea1i l\u00e0n da t\u01b0\u01a1i m\u1edbi.<\/p>","protected":false},"featured_media":17610,"comment_status":"open","ping_status":"closed","template":"","meta":{"_acf_changed":false},"product_brand":[],"product_cat":[106],"product_tag":[],"class_list":{"0":"post-4281","1":"product","2":"type-product","3":"status-publish","4":"has-post-thumbnail","6":"product_cat-duong-da","8":"first","9":"instock","10":"shipping-taxable","11":"product-type-external"},"acf":[],"_links":{"self":[{"href":"https:\/\/thorakao.com\/en\/wp-json\/wp\/v2\/product\/4281","targetHints":{"allow":["GET"]}}],"collection":[{"href":"https:\/\/thorakao.com\/en\/wp-json\/wp\/v2\/product"}],"about":[{"href":"https:\/\/thorakao.com\/en\/wp-json\/wp\/v2\/types\/product"}],"replies":[{"embeddable":true,"href":"https:\/\/thorakao.com\/en\/wp-json\/wp\/v2\/comments?post=4281"}],"wp:featuredmedia":[{"embeddable":true,"href":"https:\/\/thorakao.com\/en\/wp-json\/wp\/v2\/media\/17610"}],"wp:attachment":[{"href":"https:\/\/thorakao.com\/en\/wp-json\/wp\/v2\/media?parent=4281"}],"wp:term":[{"taxonomy":"product_brand","embeddable":true,"href":"https:\/\/thorakao.com\/en\/wp-json\/wp\/v2\/product_brand?post=4281"},{"taxonomy":"product_cat","embeddable":true,"href":"https:\/\/thorakao.com\/en\/wp-json\/wp\/v2\/product_cat?post=4281"},{"taxonomy":"product_tag","embeddable":true,"href":"https:\/\/thorakao.com\/en\/wp-json\/wp\/v2\/product_tag?post=4281"}],"curies":[{"name":"wp","href":"https:\/\/api.w.org\/{rel}","templated":true}]}}