{"id":4282,"date":"2024-02-28T21:53:27","date_gmt":"2024-02-28T14:53:27","guid":{"rendered":"https:\/\/thorakao.com\/?post_type=product&#038;p=4282"},"modified":"2025-12-12T09:06:24","modified_gmt":"2025-12-12T02:06:24","slug":"dau-goi-toi-moi-400ml","status":"publish","type":"product","link":"https:\/\/thorakao.com\/en\/dau-goi-toi-moi-400ml\/","title":{"rendered":"D\u1ea7u G\u1ed9i T\u1ecfi 400ml"},"content":{"rendered":"<p><strong>TH\u00c0NH PH\u1ea6N S\u1ea2N PH\u1ea8M:<\/strong><\/p>\n<ul>\n<li>Ch\u1ea5t Iodized Garlic Extract chi\u1ebft xu\u1ea5t t\u1eeb c\u1ee7 t\u1ecfi t\u01b0\u01a1i, gi\u00fap t\u00f3c b\u00f3ng m\u01b0\u1ee3t, s\u1ea1ch g\u00e0u v\u00e0 k\u00edch th\u00edch s\u1ef1 t\u0103ng tr\u01b0\u1edfng c\u1ee7a ch\u00e2n t\u00f3c hi\u1ec7u qu\u1ea3.<\/li>\n<\/ul>\n<p><strong>C\u00d4NG D\u1ee4NG S\u1ea2N PH\u1ea8M:<\/strong><\/p>\n<ul>\n<li>Gi\u00fap t\u00f3c b\u00f3ng m\u01b0\u1ee3t, s\u1ea1ch g\u00e0u, m\u1ec1m m\u1ea1i v\u00e0 d\u1ec5 ch\u1ea3i.<\/li>\n<li>K\u00edch th\u00edch s\u1ef1 t\u0103ng tr\u01b0\u1edfng c\u1ee7a ch\u00e2n t\u00f3c, ng\u0103n r\u1ee5ng t\u00f3c hi\u1ec7u qu\u1ea3.<\/li>\n<li>Ng\u0103n g\u00e0u, tr\u1ecb g\u00e0u h\u1eefu hi\u1ec7u.<\/li>\n<li>L\u01b0u gi\u1eef h\u01b0\u01a1ng th\u01a1m l\u00e2u cho t\u00f3c.<\/li>\n<li>An to\u00e0n, l\u00e0nh t\u00ednh v\u00e0 c\u00e2n b\u1eb1ng \u0111\u1ed9 pH cho da \u0111\u1ea7u.<\/li>\n<\/ul>\n<p><strong>\u0110\u1ed0I T\u01af\u1ee2NG S\u1eec D\u1ee4NG:<\/strong><\/p>\n<ul>\n<li>Ph\u00f9 h\u1ee3p cho m\u1ecdi lo\u1ea1i t\u00f3c.<\/li>\n<\/ul>\n<p><strong>H\u01af\u1edaNG D\u1eaaN S\u1eec D\u1ee4NG:<\/strong><\/p>\n<ul>\n<li>L\u00e0m \u01b0\u1edbt t\u00f3c, cho m\u1ed9t l\u01b0\u1ee3ng v\u1eeba \u0111\u1ee7 d\u1ea7u g\u1ed9i v\u00e0o l\u00f2ng b\u00e0n tay.<\/li>\n<li>T\u1ea1o b\u1ecdt v\u00e0 thoa \u0111\u1ec1u l\u00ean t\u00f3c v\u00e0 da \u0111\u1ea7u.<\/li>\n<li>Massage nh\u1eb9 nh\u00e0ng \u0111\u1ec3 l\u00e0m s\u1ea1ch, sau \u0111\u00f3 x\u1ea3 s\u1ea1ch v\u1edbi n\u01b0\u1edbc.<\/li>\n<li>S\u1eed d\u1ee5ng 2-3 l\u1ea7n m\u1ed7i tu\u1ea7n ho\u1eb7c t\u00f9y theo nhu c\u1ea7u v\u00e0 t\u00ecnh tr\u1ea1ng t\u00f3c.<\/li>\n<\/ul>\n<p><strong>NOTES:<\/strong><\/p>\n<ul>\n<li>Kh\u00f4ng s\u1eed d\u1ee5ng tr\u00ean da \u0111\u1ea7u b\u1ecb t\u1ed5n th\u01b0\u01a1ng ho\u1eb7c b\u1ecb nhi\u1ec5m tr\u00f9ng.<\/li>\n<\/ul>\n<p><strong>B\u1ea2O QU\u1ea2N:<\/strong><\/p>\n<ul>\n<li>B\u1ea3o qu\u1ea3n n\u01a1i kh\u00f4 r\u00e1o, tho\u00e1ng m\u00e1t, tr\u00e1nh \u00e1nh n\u1eafng tr\u1ef1c ti\u1ebfp t\u1eeb m\u1eb7t tr\u1eddi.<\/li>\n<li>\u0110\u1ec3 xa t\u1ea7m tay tr\u1ebb em.<\/li>\n<\/ul>","protected":false},"excerpt":{"rendered":"<p><strong>Dung t\u00edch:<\/strong> 400ml<br \/>\n<strong>Ph\u00f9 h\u1ee3p:<\/strong> Th\u00edch h\u1ee3p cho m\u1ecdi lo\u1ea1i t\u00f3c<br \/>\n<strong>Uses:<\/strong> D\u1ea7u G\u1ed9i X\u1ea3 2in1 T\u1ecfi Thorakao 400ml l\u00e0 s\u1ef1 k\u1ebft h\u1ee3p ho\u00e0n h\u1ea3o gi\u1eefa d\u1ea7u g\u1ed9i v\u00e0 d\u1ea7u x\u1ea3, mang l\u1ea1i s\u1ef1 ti\u1ec7n l\u1ee3i v\u00e0 hi\u1ec7u qu\u1ea3. Chi\u1ebft xu\u1ea5t t\u1ecfi thi\u00ean nhi\u00ean gi\u00e0u d\u01b0\u1ee1ng ch\u1ea5t gi\u00fap nu\u00f4i d\u01b0\u1ee1ng t\u00f3c ch\u1eafc kh\u1ecfe, ng\u0103n r\u1ee5ng t\u00f3c v\u00e0 b\u1ea3o v\u1ec7 ch\u1ed1ng n\u1ea5m da \u0111\u1ea7u n, \u0111\u1ed3ng th\u1eddi k\u00edch th\u00edch m\u1ecdc t\u00f3c. S\u1ea3n ph\u1ea9m d\u01b0\u1ee1ng t\u00f3c b\u00f3ng kh\u1ecfe, \u00f3ng \u1ea3, m\u1ec1m m\u01b0\u1ee3t t\u1eeb g\u1ed1c \u0111\u1ebfn ng\u1ecdn.<\/p>","protected":false},"featured_media":17649,"comment_status":"open","ping_status":"closed","template":"","meta":{"_acf_changed":false},"product_brand":[],"product_cat":[116],"product_tag":[],"class_list":{"0":"post-4282","1":"product","2":"type-product","3":"status-publish","4":"has-post-thumbnail","6":"product_cat-duong-toc","8":"first","9":"instock","10":"shipping-taxable","11":"product-type-external"},"acf":[],"_links":{"self":[{"href":"https:\/\/thorakao.com\/en\/wp-json\/wp\/v2\/product\/4282","targetHints":{"allow":["GET"]}}],"collection":[{"href":"https:\/\/thorakao.com\/en\/wp-json\/wp\/v2\/product"}],"about":[{"href":"https:\/\/thorakao.com\/en\/wp-json\/wp\/v2\/types\/product"}],"replies":[{"embeddable":true,"href":"https:\/\/thorakao.com\/en\/wp-json\/wp\/v2\/comments?post=4282"}],"wp:featuredmedia":[{"embeddable":true,"href":"https:\/\/thorakao.com\/en\/wp-json\/wp\/v2\/media\/17649"}],"wp:attachment":[{"href":"https:\/\/thorakao.com\/en\/wp-json\/wp\/v2\/media?parent=4282"}],"wp:term":[{"taxonomy":"product_brand","embeddable":true,"href":"https:\/\/thorakao.com\/en\/wp-json\/wp\/v2\/product_brand?post=4282"},{"taxonomy":"product_cat","embeddable":true,"href":"https:\/\/thorakao.com\/en\/wp-json\/wp\/v2\/product_cat?post=4282"},{"taxonomy":"product_tag","embeddable":true,"href":"https:\/\/thorakao.com\/en\/wp-json\/wp\/v2\/product_tag?post=4282"}],"curies":[{"name":"wp","href":"https:\/\/api.w.org\/{rel}","templated":true}]}}