{"id":4284,"date":"2024-02-28T21:53:28","date_gmt":"2024-02-28T14:53:28","guid":{"rendered":"https:\/\/thorakao.com\/?post_type=product&#038;p=4284"},"modified":"2025-12-12T09:06:00","modified_gmt":"2025-12-12T02:06:00","slug":"dau-goi-cu-sa-man-trau-400ml","status":"publish","type":"product","link":"https:\/\/thorakao.com\/en\/dau-goi-cu-sa-man-trau-400ml\/","title":{"rendered":"Lemongrass &amp; Eleusine Indica Shampoo 400ml"},"content":{"rendered":"<p><strong>TH\u00c0NH PH\u1ea6N S\u1ea2N PH\u1ea8M:<\/strong><\/p>\n<ul>\n<li><strong>C\u1ee7 S\u1ea3:<\/strong> Ch\u1ee9a tinh d\u1ea7u gi\u00fap l\u00e0m s\u1ea1ch da \u0111\u1ea7u, gi\u1ea3m t\u00ecnh tr\u1ea1ng b\u1ebft d\u1ea7u v\u00e0 g\u00e0u, \u0111\u1ed3ng th\u1eddi k\u00edch th\u00edch l\u01b0u th\u00f4ng m\u00e1u, gi\u00fap t\u00f3c ch\u1eafc kh\u1ecfe. Tinh d\u1ea7u s\u1ea3 c\u00f2n c\u00f3 kh\u1ea3 n\u0103ng l\u00e0m d\u1ecbu da \u0111\u1ea7u, gi\u1ea3m ng\u1ee9a v\u00e0 ng\u0103n ng\u1eeba vi khu\u1ea9n.<\/li>\n<li><strong>M\u1ea7n Tr\u1ea7u:<\/strong> D\u01b0\u1ee3c li\u1ec7u quen thu\u1ed9c, gi\u00fap nu\u00f4i d\u01b0\u1ee1ng da \u0111\u1ea7u, ng\u0103n ng\u1eeba r\u1ee5ng t\u00f3c, gi\u1ea3m g\u00e0u v\u00e0 k\u00edch th\u00edch m\u1ecdc t\u00f3c. M\u1ea7n tr\u1ea7u c\u0169ng gi\u00fap l\u00e0m \u0111en t\u00f3c t\u1ef1 nhi\u00ean v\u00e0 ch\u1ed1ng l\u1ea1i qu\u00e1 tr\u00ecnh t\u00f3c b\u1ea1c s\u1edbm.<\/li>\n<\/ul>\n<p><strong>C\u00d4NG D\u1ee4NG S\u1ea2N PH\u1ea8M:<\/strong><\/p>\n<ul>\n<li>L\u00e0m d\u1ecbu da \u0111\u1ea7u, ng\u0103n ng\u1eeba m\u1ea9n ng\u1ee9a.<\/li>\n<li>Lo\u1ea1i b\u1ecf g\u00e0u v\u00e0 gi\u1eef da \u0111\u1ea7u th\u00f4ng tho\u00e1ng.<\/li>\n<li>\u0110\u1ea9y l\u00f9i qu\u00e1 tr\u00ecnh t\u00f3c b\u1ea1c s\u1edbm.<\/li>\n<li>Gi\u1ea3m kh\u00f4, x\u01a1 r\u1ed1i khi g\u1ed9i \u0111\u1ea7u, gi\u00fap t\u00f3c m\u1ec1m m\u01b0\u1ee3t, d\u1ec5 ch\u1ea3i.<\/li>\n<li>Ng\u0103n r\u1ee5ng t\u00f3c, nu\u00f4i d\u01b0\u1ee1ng t\u00f3c ch\u1eafc kh\u1ecfe.<\/li>\n<li>Mang l\u1ea1i m\u00e1i t\u00f3c d\u00e0y v\u00e0 c\u1ea3m gi\u00e1c th\u01b0 gi\u00e3n, d\u1ec5 ch\u1ecbu.<\/li>\n<li>L\u01b0u gi\u1eef h\u01b0\u01a1ng l\u00e2u cho t\u00f3c.<\/li>\n<li>An to\u00e0n l\u00e0nh t\u00ednh, c\u00e2n b\u1eb1ng \u0111\u1ed9 pH cho da \u0111\u1ea7u.<\/li>\n<\/ul>\n<p><strong>\u0110\u1ed0I T\u01af\u1ee2NG S\u1eec D\u1ee4NG:<\/strong><\/p>\n<ul>\n<li>Ng\u01b0\u1eddi c\u00f3 t\u00ecnh tr\u1ea1ng t\u00f3c d\u1ec5 g\u00e3y r\u1ee5ng.<\/li>\n<li>Ng\u01b0\u1eddi mu\u1ed1n l\u00e0m s\u1ea1ch da \u0111\u1ea7u.<\/li>\n<li>M\u00e1i t\u00f3c nhi\u1ec1u g\u00e0u, m\u1ecfng, y\u1ebfu.<\/li>\n<\/ul>\n<p><strong>H\u01af\u1edaNG D\u1eaaN S\u1eec D\u1ee4NG:<\/strong><\/p>\n<ul>\n<li>L\u00e0m \u01b0\u1edbt t\u00f3c, l\u1eafc \u0111\u1ec1u chai, l\u1ea5y m\u1ed9t l\u01b0\u1ee3ng v\u1eeba \u0111\u1ee7.<\/li>\n<li>Thoa \u0111\u1ec1u l\u00ean t\u00f3c v\u00e0 massage nh\u1eb9 nh\u00e0ng da \u0111\u1ea7u.<\/li>\n<li>X\u1ea3 s\u1ea1ch v\u1edbi n\u01b0\u1edbc.<\/li>\n<\/ul>\n<p><strong>NOTES:<\/strong><\/p>\n<ul>\n<li>Ch\u1ed1ng ch\u1ec9 \u0111\u1ecbnh v\u1edbi ng\u01b0\u1eddi c\u00f3 da \u0111\u1ea7u k\u00edch \u1ee9ng v\u1edbi th\u00e0nh ph\u1ea7n trong d\u1ea7u g\u1ed9i.<\/li>\n<\/ul>\n<p><strong>B\u1ea2O QU\u1ea2N:<\/strong><\/p>\n<ul>\n<li>B\u1ea3o qu\u1ea3n n\u01a1i kh\u00f4 r\u00e1o, tho\u00e1ng m\u00e1t, tr\u00e1nh \u00e1nh n\u1eafng tr\u1ef1c ti\u1ebfp t\u1eeb m\u1eb7t tr\u1eddi.<\/li>\n<li>\u0110\u1ec3 xa t\u1ea7m tay tr\u1ebb em.<\/li>\n<\/ul>","protected":false},"excerpt":{"rendered":"<p><strong>Dung t\u00edch:<\/strong> 400ml<br \/>\n<strong>Ph\u00f9 h\u1ee3p:<\/strong> Da \u0111\u1ea7u nhi\u1ec1u g\u00e0u, d\u1ec5 k\u00edch \u1ee9ng, t\u00f3c d\u1ec5 g\u00e3y r\u1ee5ng<br \/>\n<strong>Uses:<\/strong> D\u1ea7u G\u1ed9i X\u1ea3 2in1 C\u1ee7 S\u1ea3 M\u1ea7n Tr\u1ea7u Thorakao 400ml l\u00e0 s\u1ef1 k\u1ebft h\u1ee3p ho\u00e0n h\u1ea3o gi\u1eefa chi\u1ebft xu\u1ea5t t\u1eeb c\u1ee7 s\u1ea3 v\u00e0 m\u1ea7n tr\u1ea7u, gi\u00fap ng\u0103n ng\u1eeba n\u1ea5m v\u00e0 m\u1ea9n ng\u1ee9a da \u0111\u1ea7u, mang l\u1ea1i da \u0111\u1ea7u kh\u1ecfe m\u1ea1nh v\u00e0 t\u00f3c \u0111\u1eb9p t\u1ef1 nhi\u00ean. S\u1ea3n ph\u1ea9m gi\u00fap lo\u1ea1i b\u1ecf g\u00e0u, nu\u00f4i d\u01b0\u1ee1ng t\u00f3c ch\u1eafc kh\u1ecfe, v\u00e0 mang l\u1ea1i c\u1ea3m gi\u00e1c th\u01b0 gi\u00e3n d\u1ec5 ch\u1ecbu m\u1ed7i khi g\u1ed9i \u0111\u1ea7u.<\/p>","protected":false},"featured_media":17787,"comment_status":"open","ping_status":"closed","template":"","meta":{"_acf_changed":false},"product_brand":[],"product_cat":[116],"product_tag":[],"class_list":{"0":"post-4284","1":"product","2":"type-product","3":"status-publish","4":"has-post-thumbnail","6":"product_cat-duong-toc","8":"first","9":"instock","10":"shipping-taxable","11":"product-type-external"},"acf":[],"_links":{"self":[{"href":"https:\/\/thorakao.com\/en\/wp-json\/wp\/v2\/product\/4284","targetHints":{"allow":["GET"]}}],"collection":[{"href":"https:\/\/thorakao.com\/en\/wp-json\/wp\/v2\/product"}],"about":[{"href":"https:\/\/thorakao.com\/en\/wp-json\/wp\/v2\/types\/product"}],"replies":[{"embeddable":true,"href":"https:\/\/thorakao.com\/en\/wp-json\/wp\/v2\/comments?post=4284"}],"wp:featuredmedia":[{"embeddable":true,"href":"https:\/\/thorakao.com\/en\/wp-json\/wp\/v2\/media\/17787"}],"wp:attachment":[{"href":"https:\/\/thorakao.com\/en\/wp-json\/wp\/v2\/media?parent=4284"}],"wp:term":[{"taxonomy":"product_brand","embeddable":true,"href":"https:\/\/thorakao.com\/en\/wp-json\/wp\/v2\/product_brand?post=4284"},{"taxonomy":"product_cat","embeddable":true,"href":"https:\/\/thorakao.com\/en\/wp-json\/wp\/v2\/product_cat?post=4284"},{"taxonomy":"product_tag","embeddable":true,"href":"https:\/\/thorakao.com\/en\/wp-json\/wp\/v2\/product_tag?post=4284"}],"curies":[{"name":"wp","href":"https:\/\/api.w.org\/{rel}","templated":true}]}}