{"id":4285,"date":"2024-02-28T21:53:28","date_gmt":"2024-02-28T14:53:28","guid":{"rendered":"https:\/\/thorakao.com\/?post_type=product&#038;p=4285"},"modified":"2025-12-13T14:20:34","modified_gmt":"2025-12-13T07:20:34","slug":"dau-goi-chanh-xa-bac-ha-400ml","status":"publish","type":"product","link":"https:\/\/thorakao.com\/en\/dau-goi-chanh-xa-bac-ha-400ml\/","title":{"rendered":"Herbal Shampoo with Lemon and Mint 400ml"},"content":{"rendered":"<p><strong>TH\u00c0NH PH\u1ea6N S\u1ea2N PH\u1ea8M:<\/strong><\/p>\n<ul>\n<li>Chi\u1ebft xu\u1ea5t t\u1eeb chanh v\u00e0 s\u1ea3 gi\u00fap l\u00e0m d\u1ecbu da \u0111\u1ea7u, b\u1ea3o v\u1ec7 ch\u00e2n t\u00f3c ch\u1eafc kh\u1ecfe v\u00e0 gi\u1ea3m thi\u1ec3u r\u1ee5ng t\u00f3c.<\/li>\n<li>Chi\u1ebft xu\u1ea5t b\u1ea1c h\u00e0 gi\u00fap th\u00f4ng tho\u00e1ng da \u0111\u1ea7u v\u00e0 ng\u0103n ng\u1eeba g\u00e0u, mang l\u1ea1i gi\u1ea3i ph\u00e1p ho\u00e0n h\u1ea3o cho t\u00f3c y\u1ebfu d\u1ec5 g\u00e3y r\u1ee5ng.<\/li>\n<\/ul>\n<p><strong>C\u00d4NG D\u1ee4NG S\u1ea2N PH\u1ea8M:<\/strong><\/p>\n<ul>\n<li>L\u00e0m s\u1ea1ch t\u00f3c v\u00e0 da \u0111\u1ea7u, b\u1ea3o v\u1ec7 t\u00f3c ch\u1eafc kh\u1ecfe.<\/li>\n<li>Ng\u0103n ng\u1eeba r\u1ee5ng t\u00f3c v\u00e0 g\u00e0u hi\u1ec7u qu\u1ea3.<\/li>\n<li>Nu\u00f4i d\u01b0\u1ee1ng m\u00e1i t\u00f3c su\u00f4n m\u01b0\u1ee3t, gi\u00fap t\u00f3c m\u1ec1m m\u01b0\u1ee3t, d\u1ec5 ch\u1ea3i.<\/li>\n<li>L\u01b0u gi\u1eef h\u01b0\u01a1ng l\u00e2u cho t\u00f3c.<\/li>\n<li>An to\u00e0n, l\u00e0nh t\u00ednh, v\u00e0 c\u00e2n b\u1eb1ng \u0111\u1ed9 pH cho da \u0111\u1ea7u.<\/li>\n<\/ul>\n<p><strong>\u0110\u1ed0I T\u01af\u1ee2NG S\u1eec D\u1ee4NG:<\/strong><\/p>\n<ul>\n<li>Ng\u01b0\u1eddi c\u00f3 t\u00ecnh tr\u1ea1ng t\u00f3c d\u1ec5 g\u00e3y r\u1ee5ng.<\/li>\n<li>Ng\u01b0\u1eddi mu\u1ed1n l\u00e0m s\u1ea1ch da \u0111\u1ea7u.<\/li>\n<li>M\u00e1i t\u00f3c nhi\u1ec1u g\u00e0u, m\u1ecfng, y\u1ebfu.<\/li>\n<\/ul>\n<p><strong>H\u01af\u1edaNG D\u1eaaN S\u1eec D\u1ee4NG:<\/strong><\/p>\n<ul>\n<li>L\u00e0m \u01b0\u1edbt t\u00f3c, l\u1eafc \u0111\u1ec1u chai, l\u1ea5y m\u1ed9t l\u01b0\u1ee3ng d\u1ea7u g\u1ed9i v\u1eeba \u0111\u1ee7.<\/li>\n<li>Thoa \u0111\u1ec1u l\u00ean t\u00f3c v\u00e0 m\u00e1t-xa nh\u1eb9 nh\u00e0ng da \u0111\u1ea7u.<\/li>\n<li>X\u1ea3 s\u1ea1ch v\u1edbi n\u01b0\u1edbc.<\/li>\n<\/ul>\n<p><strong>NOTES:<\/strong><\/p>\n<ul>\n<li>Ch\u1ed1ng ch\u1ec9 \u0111\u1ecbnh v\u1edbi ng\u01b0\u1eddi c\u00f3 da \u0111\u1ea7u k\u00edch \u1ee9ng v\u1edbi th\u00e0nh ph\u1ea7n trong d\u1ea7u g\u1ed9i.<\/li>\n<\/ul>\n<p><strong>B\u1ea2O QU\u1ea2N:<\/strong><\/p>\n<ul>\n<li>B\u1ea3o qu\u1ea3n n\u01a1i kh\u00f4 r\u00e1o, tho\u00e1ng m\u00e1t, tr\u00e1nh \u00e1nh n\u1eafng tr\u1ef1c ti\u1ebfp t\u1eeb m\u1eb7t tr\u1eddi.<\/li>\n<li>\u0110\u1ec3 xa t\u1ea7m tay tr\u1ebb em.<\/li>\n<\/ul>","protected":false},"excerpt":{"rendered":"<p><strong>Dung t\u00edch:<\/strong> 400ml<br \/>\n<strong>Ph\u00f9 h\u1ee3p:<\/strong> Da \u0111\u1ea7u d\u1ea7u, da \u0111\u1ea7u g\u00e0u, t\u00f3c d\u1ec5 b\u1ebft<br \/>\n<strong>Uses:<\/strong> D\u1ea7u G\u1ed9i X\u1ea3 2in1 Chanh S\u1ea3 B\u1ea1c H\u00e0 Thorakao 400ml l\u00e0 s\u1ea3n ph\u1ea9m ch\u0103m s\u00f3c t\u00f3c ho\u00e0n h\u1ea3o v\u1edbi chi\u1ebft xu\u1ea5t t\u1ef1 nhi\u00ean t\u1eeb chanh, s\u1ea3 v\u00e0 b\u1ea1c h\u00e0. S\u1ea3n ph\u1ea9m gi\u00fap l\u00e0m s\u1ea1ch s\u00e2u, lo\u1ea1i b\u1ecf b\u1ee5i b\u1ea9n v\u00e0 d\u1ea7u th\u1eeba, \u0111\u1ed3ng th\u1eddi cung c\u1ea5p \u0111\u1ed9 \u1ea9m v\u00e0 nu\u00f4i d\u01b0\u1ee1ng t\u00f3c m\u1ec1m m\u01b0\u1ee3t. \u0110\u1eb7c bi\u1ec7t, h\u01b0\u01a1ng th\u01a1m t\u1ef1 nhi\u00ean d\u1ec5 ch\u1ecbu s\u1ebd mang \u0111\u1ebfn cho b\u1ea1n tr\u1ea3i nghi\u1ec7m th\u01b0 gi\u00e3n tuy\u1ec7t v\u1eddi trong m\u1ed7i l\u1ea7n g\u1ed9i \u0111\u1ea7u, gi\u00fap t\u00f3c lu\u00f4n t\u01b0\u01a1i m\u00e1t v\u00e0 s\u1ea1ch s\u1ebd.<\/p>","protected":false},"featured_media":17652,"comment_status":"open","ping_status":"closed","template":"","meta":{"_acf_changed":false},"product_brand":[],"product_cat":[116],"product_tag":[],"class_list":{"0":"post-4285","1":"product","2":"type-product","3":"status-publish","4":"has-post-thumbnail","6":"product_cat-duong-toc","8":"first","9":"instock","10":"featured","11":"shipping-taxable","12":"product-type-external"},"acf":[],"_links":{"self":[{"href":"https:\/\/thorakao.com\/en\/wp-json\/wp\/v2\/product\/4285","targetHints":{"allow":["GET"]}}],"collection":[{"href":"https:\/\/thorakao.com\/en\/wp-json\/wp\/v2\/product"}],"about":[{"href":"https:\/\/thorakao.com\/en\/wp-json\/wp\/v2\/types\/product"}],"replies":[{"embeddable":true,"href":"https:\/\/thorakao.com\/en\/wp-json\/wp\/v2\/comments?post=4285"}],"wp:featuredmedia":[{"embeddable":true,"href":"https:\/\/thorakao.com\/en\/wp-json\/wp\/v2\/media\/17652"}],"wp:attachment":[{"href":"https:\/\/thorakao.com\/en\/wp-json\/wp\/v2\/media?parent=4285"}],"wp:term":[{"taxonomy":"product_brand","embeddable":true,"href":"https:\/\/thorakao.com\/en\/wp-json\/wp\/v2\/product_brand?post=4285"},{"taxonomy":"product_cat","embeddable":true,"href":"https:\/\/thorakao.com\/en\/wp-json\/wp\/v2\/product_cat?post=4285"},{"taxonomy":"product_tag","embeddable":true,"href":"https:\/\/thorakao.com\/en\/wp-json\/wp\/v2\/product_tag?post=4285"}],"curies":[{"name":"wp","href":"https:\/\/api.w.org\/{rel}","templated":true}]}}