{"id":4286,"date":"2024-02-28T21:53:28","date_gmt":"2024-02-28T14:53:28","guid":{"rendered":"https:\/\/thorakao.com\/?post_type=product&#038;p=4286"},"modified":"2025-12-12T09:05:29","modified_gmt":"2025-12-12T02:05:29","slug":"nuoc-hoa-hong-thorakao","status":"publish","type":"product","link":"https:\/\/thorakao.com\/en\/nuoc-hoa-hong-thorakao\/","title":{"rendered":"N\u01b0\u1edbc Hoa H\u1ed3ng 150ml"},"content":{"rendered":"<p><strong>TH\u00c0NH PH\u1ea6N S\u1ea2N PH\u1ea8M<\/strong><strong>: <\/strong><\/p>\n<ul>\n<li>Chi\u1ebft xu\u1ea5t tinh ch\u1ea5t hoa h\u1ed3ng gi\u1eef \u1ea9m, gi\u00fap l\u00e0n da lu\u00f4n s\u1ea1ch s\u1ebd, m\u1ec1m m\u1ea1i v\u00e0 c\u00e2n b\u1eb1ng \u0111\u1ed9 \u1ea9m t\u1ef1 nhi\u00ean cho da.<\/li>\n<li>Chi\u1ebft xu\u1ea5t c\u00e2y ph\u1ec9 gi\u00fap ng\u1eeba m\u1ee5n, kh\u00e1ng vi\u00eam, se kh\u00edt l\u1ed7 ch\u00e2n l\u00f4ng v\u00e0 b\u1ea3o v\u1ec7 da kh\u1ecfi c\u00e1c t\u00e1c nh\u00e2n g\u00e2y h\u1ea1i, c\u00e2n b\u1eb1ng l\u01b0\u1ee3ng d\u1ea7u th\u1eeba tr\u00ean b\u1ec1 m\u1eb7t da.<\/li>\n<\/ul>\n<p><strong>C\u00d4NG D\u1ee4NG S\u1ea2N PH\u1ea8M<\/strong><strong>: <\/strong><\/p>\n<ul>\n<li>Gi\u00fap l\u00e0m m\u1edd c\u00e1c v\u1ebft th\u00e2m, ch\u1eefa l\u00e0nh s\u1eb9o do m\u1ee5n,l\u00e0m k\u00edch th\u00edch t\u00e1i t\u1ea1o da, c\u1ea3i thi\u1ec7n s\u1eafc t\u1ed1 da.<\/li>\n<li>C\u00e2n b\u1eb1ng \u0111\u1ed9 \u1ea9m t\u1ef1 nhi\u00ean cho da, h\u1ea1n ch\u1ebf t\u00ecnh tr\u1ea1ng k\u00edch \u1ee9ng da<\/li>\n<li>Se kh\u00edt l\u1ed7 ch\u00e2n l\u00f4ng, gi\u00fap da lu\u00f4n th\u00f4ng tho\u00e1ng, t\u01b0\u01a1i m\u00e1t.<\/li>\n<\/ul>\n<ul>\n<li>Ch\u1ee9a \u0111\u1ed9 PH c\u00e2n b\u1eb1ng, gi\u00fap l\u00e0m s\u1ea1ch da t\u1ed1i \u01b0u, l\u1ea5y \u0111i b\u1ee5i b\u1ea9n, b\u00e3 nh\u1eddn.<\/li>\n<\/ul>\n<p><strong>\u0110\u1ed0I T\u01af\u1ee2NG S\u1eec D\u1ee4NG<\/strong><\/p>\n<ul>\n<li>Ph\u00f9 h\u1ee3p m\u1ecdi lo\u1ea1i da<\/li>\n<\/ul>\n<p><strong>C\u00c1CH S\u1eec D\u1ee4NG:<br \/>\n<\/strong><strong>B\u01b0\u1edbc 1:<\/strong> Sau khi l\u00e0m s\u1ea1ch da, th\u1ea5m m\u1ed9t l\u01b0\u1ee3ng n\u01b0\u1edbc hoa h\u1ed3ng v\u1eeba \u0111\u1ee7 v\u00e0o b\u00f4ng t\u1ea9y trang.<br \/>\n<strong>B\u01b0\u1edbc 2:<\/strong><br \/>\n&#8211; Lau nh\u1eb9 nh\u00e0ng kh\u1eafp m\u1eb7t theo chi\u1ec1u t\u1eeb trong ra ngo\u00e0i, t\u1eeb d\u01b0\u1edbi l\u00ean tr\u00ean.<br \/>\n&#8211; Ho\u1eb7c c\u00f3 th\u1ec3 \u0111\u1ed5 m\u1ed9t l\u01b0\u1ee3ng dung d\u1ecbch v\u1eeba \u0111\u1ee7 ra tay sach. Sau \u0111\u00f3 v\u1ed7 nh\u1eb9 nh\u00e0ng \u0111\u1ec1u kh\u1eafp l\u00ean b\u1ec1 m\u1eb7t da \u0111\u1ec3 d\u01b0\u1ee1ng ch\u1ea5t nhanh th\u1ea5m v\u00e0o da.<\/p>\n<p>\ud83d\udccc Ti\u1ebfp t\u1ee5c c\u00e1c b\u01b0\u1edbc d\u01b0\u1ee1ng da ti\u1ebfp theo nh\u01b0 kem d\u01b0\u1ee1ng ho\u1eb7c kem ch\u1ed1ng n\u1eafng (n\u1ebfu d\u00f9ng ban ng\u00e0y).<\/p>\n<p>\u2705<strong> L\u01b0u \u00fd:<\/strong><br \/>\n\u2013 D\u00f9ng m\u1ed7i ng\u00e0y 2 l\u1ea7n s\u00e1ng v\u00e0 t\u1ed1i \u0111\u1ec3 l\u00e0n da lu\u00f4n s\u1ea1ch tho\u00e1ng, t\u01b0\u01a1i t\u1eafn.<br \/>\n\u2013 B\u1ea3o qu\u1ea3n s\u1ea3n ph\u1ea9m n\u01a1i kh\u00f4 r\u00e1o, tho\u00e1ng m\u00e1t, tr\u00e1nh \u00e1nh n\u1eafng tr\u1ef1c ti\u1ebfp.<\/p>\n<p><strong>B\u1ea2O QU\u1ea2N<\/strong><\/p>\n<ul>\n<li>B\u1ea3o qu\u1ea3n n\u01a1i kh\u00f4 r\u00e1o, tho\u00e1ng m\u00e1t, tr\u00e1nh \u00e1nh n\u1eafng tr\u1ef1c ti\u1ebfp t\u1eeb m\u1eb7t tr\u1eddi.<\/li>\n<li>\u0110\u1ec3 xa t\u1ea7m tay tr\u1ebb em.<\/li>\n<\/ul>","protected":false},"excerpt":{"rendered":"<p><strong>Th\u1ec3 t\u00edch:<\/strong> 150ml<br \/>\n<strong>Ph\u00f9 h\u1ee3p:<\/strong> M\u1ecdi lo\u1ea1i da, \u0111\u1eb7c bi\u1ec7t da c\u1ea7n l\u00e0m s\u1ea1ch th\u00eam sau b\u01b0\u1edbc r\u1eeda m\u1eb7t, c\u00e2n b\u1eb1ng \u0111\u1ed9 pH, se kh\u00edt l\u1ed7 ch\u00e2n l\u00f4ng v\u00e0 c\u1ea5p \u1ea9m t\u1ee9c th\u00ec.<br \/>\n<strong>Uses:<\/strong> V\u1edbi chi\u1ebft xu\u1ea5t t\u1eeb hoa h\u1ed3ng thi\u00ean nhi\u00ean v\u00e0 tinh ch\u1ea5t c\u00e2y ph\u1ec9, N\u01b0\u1edbc hoa h\u1ed3ng Thorakao kh\u00f4ng ch\u1ec9 gi\u00fap c\u00e2n b\u1eb1ng da, m\u00e0 c\u00f2n d\u01b0\u1ee1ng \u1ea9m s\u00e2u, se kh\u00edt l\u1ed7 ch\u00e2n l\u00f4ng hi\u1ec7u qu\u1ea3. S\u1ea3n ph\u1ea9m c\u00f2n t\u0103ng c\u01b0\u1eddng s\u1ee9c \u0111\u1ec1 kh\u00e1ng cho l\u00e0n da lu\u00f4n kh\u1ecfe m\u1ea1nh, mang \u0111\u1ebfn v\u1ebb m\u1ecbn m\u00e0ng v\u00e0 t\u01b0\u01a1i tr\u1ebb.<\/p>","protected":false},"featured_media":17605,"comment_status":"open","ping_status":"closed","template":"","meta":{"_acf_changed":false},"product_brand":[],"product_cat":[106,122,124,123],"product_tag":[],"class_list":{"0":"post-4286","1":"product","2":"type-product","3":"status-publish","4":"has-post-thumbnail","6":"product_cat-duong-da","7":"product_cat-khuyen-mai","8":"product_cat-san-pham-moi","9":"product_cat-san-pham-noi-bat","11":"first","12":"instock","13":"shipping-taxable","14":"product-type-external"},"acf":[],"_links":{"self":[{"href":"https:\/\/thorakao.com\/en\/wp-json\/wp\/v2\/product\/4286","targetHints":{"allow":["GET"]}}],"collection":[{"href":"https:\/\/thorakao.com\/en\/wp-json\/wp\/v2\/product"}],"about":[{"href":"https:\/\/thorakao.com\/en\/wp-json\/wp\/v2\/types\/product"}],"replies":[{"embeddable":true,"href":"https:\/\/thorakao.com\/en\/wp-json\/wp\/v2\/comments?post=4286"}],"wp:featuredmedia":[{"embeddable":true,"href":"https:\/\/thorakao.com\/en\/wp-json\/wp\/v2\/media\/17605"}],"wp:attachment":[{"href":"https:\/\/thorakao.com\/en\/wp-json\/wp\/v2\/media?parent=4286"}],"wp:term":[{"taxonomy":"product_brand","embeddable":true,"href":"https:\/\/thorakao.com\/en\/wp-json\/wp\/v2\/product_brand?post=4286"},{"taxonomy":"product_cat","embeddable":true,"href":"https:\/\/thorakao.com\/en\/wp-json\/wp\/v2\/product_cat?post=4286"},{"taxonomy":"product_tag","embeddable":true,"href":"https:\/\/thorakao.com\/en\/wp-json\/wp\/v2\/product_tag?post=4286"}],"curies":[{"name":"wp","href":"https:\/\/api.w.org\/{rel}","templated":true}]}}