{"id":4310,"date":"2024-02-28T21:53:53","date_gmt":"2024-02-28T14:53:53","guid":{"rendered":"https:\/\/thorakao.com\/?post_type=product&#038;p=4310"},"modified":"2025-12-12T09:05:22","modified_gmt":"2025-12-12T02:05:22","slug":"kem-duong-da-oc-sen-ban-ngay-thorakao","status":"publish","type":"product","link":"https:\/\/thorakao.com\/en\/kem-duong-da-oc-sen-ban-ngay-thorakao\/","title":{"rendered":"Kem D\u01b0\u1ee1ng Da \u1ed0c S\u00ean &#8211; Ng\u00e0y 30g"},"content":{"rendered":"<p><strong>TH\u00c0NH PH\u1ea6N CH\u00cdNH:<\/strong><\/p>\n<ul>\n<li>Ch\u1ea5t d\u1ecbch nh\u1ea7y \u1ed1c s\u00ean gi\u00fap l\u00e0m m\u1edd c\u00e1c v\u1ebft th\u00e2m n\u00e1m, t\u00e1i t\u1ea1o c\u00e1c m\u00f4 b\u1ecb t\u1ed5n th\u01b0\u01a1ng, c\u1ea3i thi\u1ec7n t\u00ednh \u0111\u00e0n h\u1ed3i cho da, gi\u1ea3m n\u1ebfp nh\u0103n v\u00e0 v\u1ebft r\u1ea1n da do mang thai.<\/li>\n<\/ul>\n<p><strong>C\u00d4NG D\u1ee4NG S\u1ea2N PH\u1ea8M:<\/strong><\/p>\n<ul>\n<li>B\u1ea3o v\u1ec7 da tr\u01b0\u1edbc \u00e1nh n\u1eafng m\u1eb7t tr\u1eddi.<\/li>\n<li>L\u00e0m tr\u1eafng, m\u1ecbn da.<\/li>\n<li>D\u01b0\u1ee1ng \u1ea9m, t\u0103ng t\u00ednh \u0111\u00e0n h\u1ed3i cho da.<\/li>\n<li>Gi\u1ea3m v\u1ebft nh\u0103n hi\u1ec7u qu\u1ea3.<\/li>\n<\/ul>\n<p><strong>\u01afU \u0110I\u1ec2M S\u1ea2N PH\u1ea8M:<\/strong><\/p>\n<ul>\n<li>Th\u00e0nh ph\u1ea7n thi\u00ean nhi\u00ean an to\u00e0n, l\u00e0nh t\u00ednh.<\/li>\n<li>M\u00f9i th\u01a1m d\u1ec5 ch\u1ecbu, d\u1ec5 s\u1eed d\u1ee5ng.<\/li>\n<\/ul>\n<p><strong>\u0110\u1ed0I T\u01af\u1ee2NG S\u1eec D\u1ee4NG:<\/strong><\/p>\n<ul>\n<li>Ph\u00f9 h\u1ee3p v\u1edbi m\u1ecdi lo\u1ea1i da.<\/li>\n<\/ul>\n<p><strong>C\u00c1CH S\u1eec D\u1ee4NG:<\/strong><br \/>\n<strong>B\u01b0\u1edbc 1:<\/strong> L\u1ea5y m\u1ed9t l\u01b0\u1ee3ng kem v\u1eeba \u0111\u1ee7, thoa \u0111\u1ec1u l\u00ean v\u00f9ng da m\u1eb7t v\u00e0 c\u1ed5.<br \/>\n<strong>B\u01b0\u1edbc 2:<\/strong> Massage nh\u1eb9 nh\u00e0ng theo chuy\u1ec3n \u0111\u1ed9ng v\u00f2ng tr\u00f2n \u0111\u1ec3 kem th\u1ea9m th\u1ea5u t\u1ed1t v\u00e0o da.<br \/>\n<strong>B\u01b0\u1edbc 3:<\/strong> Ch\u1edd kho\u1ea3ng 1\u20132 ph\u00fat cho kem th\u1ea5m ho\u00e0n to\u00e0n, sau \u0111\u00f3 ti\u1ebfp t\u1ee5c c\u00e1c b\u01b0\u1edbc trang \u0111i\u1ec3m ho\u1eb7c thoa kem ch\u1ed1ng n\u1eafng (n\u1ebfu c\u1ea7n).<\/p>\n<p>\ud83d\udccc D\u00f9ng v\u00e0o m\u1ed7i bu\u1ed5i s\u00e1ng, sau b\u01b0\u1edbc r\u1eeda m\u1eb7t v\u00e0 toner\/n\u01b0\u1edbc hoa h\u1ed3ng.<\/p>\n<p><strong>B\u1ea2O QU\u1ea2N:<\/strong><\/p>\n<ul>\n<li>B\u1ea3o qu\u1ea3n s\u1ea3n ph\u1ea9m \u1edf n\u01a1i kh\u00f4 r\u00e1o v\u00e0 tho\u00e1ng m\u00e1t, nhi\u1ec7t \u0111\u1ed9 kh\u00f4ng qu\u00e1 30 \u0111\u1ed9 C.<\/li>\n<li>\u0110\u1ec3 xa t\u1ea7m tay c\u1ee7a tr\u1ebb em.<\/li>\n<\/ul>","protected":false},"excerpt":{"rendered":"<p><strong>Contents:<\/strong> 30g<br \/>\n<strong>Ph\u00f9 h\u1ee3p:<\/strong> M\u1ecdi lo\u1ea1i da, \u0111\u1eb7c bi\u1ec7t da c\u1ea7n d\u01b0\u1ee1ng tr\u1eafng, ch\u1ed1ng l\u00e3o h\u00f3a, gi\u1eef \u1ea9m v\u00e0 ph\u1ee5c h\u1ed3i.<br \/>\n<strong>Uses:<\/strong> Kem D\u01b0\u1ee1ng Da \u1ed0c S\u00ean Ban Ng\u00e0y Thorakao 30g ch\u1ee9a chi\u1ebft xu\u1ea5t t\u1eeb d\u1ecbch nh\u1ea7y \u1ed1c s\u00ean, gi\u00fap t\u00e1i t\u1ea1o da, l\u00e0m m\u1edd th\u00e2m n\u00e1m v\u00e0 gi\u1ea3m n\u1ebfp nh\u0103n hi\u1ec7u qu\u1ea3. V\u1edbi c\u00f4ng th\u1ee9c gi\u00e0u d\u01b0\u1ee1ng ch\u1ea5t, kem cung c\u1ea5p \u0111\u1ed9 \u1ea9m su\u1ed1t c\u1ea3 ng\u00e0y, mang l\u1ea1i l\u00e0n da m\u1ecbn m\u00e0ng, t\u01b0\u01a1i tr\u1ebb. S\u1ea3n ph\u1ea9m c\u00f2n b\u1ea3o v\u1ec7 da kh\u1ecfi t\u00e1c h\u1ea1i c\u1ee7a m\u00f4i tr\u01b0\u1eddng v\u00e0 \u00e1nh n\u1eafng m\u1eb7t tr\u1eddi, ph\u00f9 h\u1ee3p cho m\u1ecdi lo\u1ea1i da.<\/p>","protected":false},"featured_media":17769,"comment_status":"open","ping_status":"closed","template":"","meta":{"_acf_changed":false},"product_brand":[],"product_cat":[106],"product_tag":[],"class_list":{"0":"post-4310","1":"product","2":"type-product","3":"status-publish","4":"has-post-thumbnail","6":"product_cat-duong-da","8":"first","9":"instock","10":"shipping-taxable","11":"product-type-external"},"acf":[],"_links":{"self":[{"href":"https:\/\/thorakao.com\/en\/wp-json\/wp\/v2\/product\/4310","targetHints":{"allow":["GET"]}}],"collection":[{"href":"https:\/\/thorakao.com\/en\/wp-json\/wp\/v2\/product"}],"about":[{"href":"https:\/\/thorakao.com\/en\/wp-json\/wp\/v2\/types\/product"}],"replies":[{"embeddable":true,"href":"https:\/\/thorakao.com\/en\/wp-json\/wp\/v2\/comments?post=4310"}],"wp:featuredmedia":[{"embeddable":true,"href":"https:\/\/thorakao.com\/en\/wp-json\/wp\/v2\/media\/17769"}],"wp:attachment":[{"href":"https:\/\/thorakao.com\/en\/wp-json\/wp\/v2\/media?parent=4310"}],"wp:term":[{"taxonomy":"product_brand","embeddable":true,"href":"https:\/\/thorakao.com\/en\/wp-json\/wp\/v2\/product_brand?post=4310"},{"taxonomy":"product_cat","embeddable":true,"href":"https:\/\/thorakao.com\/en\/wp-json\/wp\/v2\/product_cat?post=4310"},{"taxonomy":"product_tag","embeddable":true,"href":"https:\/\/thorakao.com\/en\/wp-json\/wp\/v2\/product_tag?post=4310"}],"curies":[{"name":"wp","href":"https:\/\/api.w.org\/{rel}","templated":true}]}}