{"id":4311,"date":"2024-02-28T21:53:53","date_gmt":"2024-02-28T14:53:53","guid":{"rendered":"https:\/\/thorakao.com\/?post_type=product&#038;p=4311"},"modified":"2025-12-12T09:05:04","modified_gmt":"2025-12-12T02:05:04","slug":"kem-duong-da-oc-sen-ban-dem-thorakao","status":"publish","type":"product","link":"https:\/\/thorakao.com\/en\/kem-duong-da-oc-sen-ban-dem-thorakao\/","title":{"rendered":"Kem D\u01b0\u1ee1ng Da \u1ed0c S\u00ean &#8211; \u0110\u00eam 30g"},"content":{"rendered":"<p><strong>TH\u00c0NH PH\u1ea6N CH\u00cdNH:<\/strong><\/p>\n<ul>\n<li>Ch\u1ea5t d\u1ecbch nh\u1ea7y \u1ed1c s\u00ean gi\u00fap l\u00e0m m\u1edd c\u00e1c v\u1ebft th\u00e2m n\u00e1m, t\u00e1i t\u1ea1o c\u00e1c m\u00f4 b\u1ecb t\u1ed5n th\u01b0\u01a1ng, c\u1ea3i thi\u1ec7n t\u00ednh \u0111\u00e0n h\u1ed3i cho da, gi\u1ea3m n\u1ebfp nh\u0103n v\u00e0 v\u1ebft r\u1ea1n da do mang thai.<\/li>\n<\/ul>\n<p><strong>C\u00d4NG D\u1ee4NG S\u1ea2N PH\u1ea8M:<\/strong><\/p>\n<ul>\n<li>L\u00e0m tr\u1eafng da v\u00e0 ng\u1eeba m\u1ee5n hi\u1ec7u qu\u1ea3.<\/li>\n<li>L\u00e0m m\u1edd th\u00e2m n\u00e1m, t\u00e1i t\u1ea1o l\u00e0n da.<\/li>\n<li>L\u00e0m s\u1ea1ch t\u1ebf b\u00e0o ch\u1ebft, gi\u00fap da s\u0103n ch\u1eafc.<\/li>\n<li>D\u01b0\u1ee1ng \u1ea9m da, cho da m\u1ecbn m\u00e0ng v\u00e0 t\u01b0\u01a1i tr\u1ebb.<\/li>\n<\/ul>\n<p><strong>\u01afU \u0110I\u1ec2M S\u1ea2N PH\u1ea8M:<\/strong><\/p>\n<ul>\n<li>Th\u00e0nh ph\u1ea7n thi\u00ean nhi\u00ean an to\u00e0n, l\u00e0nh t\u00ednh.<\/li>\n<li>M\u00f9i th\u01a1m d\u1ec5 ch\u1ecbu, d\u1ec5 s\u1eed d\u1ee5ng.<\/li>\n<\/ul>\n<p><strong>\u0110\u1ed0I T\u01af\u1ee2NG S\u1eec D\u1ee4NG:<\/strong><\/p>\n<ul>\n<li>Ph\u00f9 h\u1ee3p cho m\u1ecdi lo\u1ea1i da.<\/li>\n<\/ul>\n<p><strong>C\u00c1CH S\u1eec D\u1ee4NG:<\/strong><br \/>\n<strong>B\u01b0\u1edbc 1:<\/strong> L\u1ea5y m\u1ed9t l\u01b0\u1ee3ng kem v\u1eeba \u0111\u1ee7, thoa \u0111\u1ec1u l\u00ean v\u00f9ng da m\u1eb7t v\u00e0 c\u1ed5.<br \/>\n<strong>B\u01b0\u1edbc 2:<\/strong> Massage nh\u1eb9 nh\u00e0ng theo chuy\u1ec3n \u0111\u1ed9ng v\u00f2ng tr\u00f2n \u0111\u1ec3 kem th\u1ea9m th\u1ea5u t\u1ed1t v\u00e0o da.<br \/>\n<strong>B\u01b0\u1edbc 3:<\/strong> Ch\u1edd kho\u1ea3ng 1\u20132 ph\u00fat cho kem th\u1ea5m ho\u00e0n to\u00e0n, sau \u0111\u00f3 ti\u1ebfp t\u1ee5c c\u00e1c b\u01b0\u1edbc trang \u0111i\u1ec3m ho\u1eb7c thoa kem ch\u1ed1ng n\u1eafng (n\u1ebfu c\u1ea7n).<\/p>\n<p>\ud83d\udccc D\u00f9ng v\u00e0o m\u1ed7i bu\u1ed5i s\u00e1ng, sau b\u01b0\u1edbc r\u1eeda m\u1eb7t v\u00e0 toner\/n\u01b0\u1edbc hoa h\u1ed3ng.<\/p>\n<p><strong>B\u1ea2O QU\u1ea2N:<\/strong><\/p>\n<ul>\n<li>B\u1ea3o qu\u1ea3n s\u1ea3n ph\u1ea9m \u1edf n\u01a1i kh\u00f4 r\u00e1o, tho\u00e1ng m\u00e1t, nhi\u1ec7t \u0111\u1ed9 kh\u00f4ng qu\u00e1 30 \u0111\u1ed9 C.<\/li>\n<li>\u0110\u1ec3 xa t\u1ea7m tay tr\u1ebb em.<\/li>\n<\/ul>","protected":false},"excerpt":{"rendered":"<p><strong>Contents:<\/strong> 30g<br \/>\n<strong>Ph\u00f9 h\u1ee3p:<\/strong> M\u1ecdi lo\u1ea1i da, \u0111\u1eb7c bi\u1ec7t l\u00e0 da c\u1ea7n c\u1ea3i thi\u1ec7n \u0111\u1ed9 s\u00e1ng, da c\u00f3 d\u1ea5u hi\u1ec7u l\u00e3o h\u00f3a, ho\u1eb7c da kh\u00f4 thi\u1ebfu \u1ea9m.<br \/>\n<strong>Uses:<\/strong> Kem D\u01b0\u1ee1ng Da \u1ed0c S\u00ean Ban \u0110\u00eam Thorakao gi\u00fap t\u00e1i t\u1ea1o v\u00e0 nu\u00f4i d\u01b0\u1ee1ng l\u00e0n da su\u1ed1t \u0111\u00eam. Chi\u1ebft xu\u1ea5t t\u1eeb d\u1ecbch nh\u1ea7y \u1ed1c s\u00ean, s\u1ea3n ph\u1ea9m n\u00e0y kh\u00f4ng ch\u1ec9 gi\u00fap gi\u1ea3m n\u1ebfp nh\u0103n m\u00e0 c\u00f2n l\u00e0m m\u1edd v\u1ebft th\u00e2m v\u00e0 cung c\u1ea5p \u0111\u1ed9 \u1ea9m s\u00e2u, mang l\u1ea1i l\u00e0n da m\u1ec1m m\u1ecbn v\u00e0 t\u01b0\u01a1i s\u00e1ng. V\u1edbi k\u1ebft c\u1ea5u nh\u1eb9 nh\u00e0ng, kem d\u1ec5 d\u00e0ng th\u1ea9m th\u1ea5u v\u00e0o da, ph\u00f9 h\u1ee3p cho m\u1ecdi lo\u1ea1i da, \u0111\u1eb7c bi\u1ec7t l\u00e0 da kh\u00f4 v\u00e0 l\u00e3o h\u00f3a.<\/p>","protected":false},"featured_media":17630,"comment_status":"open","ping_status":"closed","template":"","meta":{"_acf_changed":false},"product_brand":[],"product_cat":[106],"product_tag":[],"class_list":{"0":"post-4311","1":"product","2":"type-product","3":"status-publish","4":"has-post-thumbnail","6":"product_cat-duong-da","8":"first","9":"instock","10":"shipping-taxable","11":"product-type-external"},"acf":[],"_links":{"self":[{"href":"https:\/\/thorakao.com\/en\/wp-json\/wp\/v2\/product\/4311","targetHints":{"allow":["GET"]}}],"collection":[{"href":"https:\/\/thorakao.com\/en\/wp-json\/wp\/v2\/product"}],"about":[{"href":"https:\/\/thorakao.com\/en\/wp-json\/wp\/v2\/types\/product"}],"replies":[{"embeddable":true,"href":"https:\/\/thorakao.com\/en\/wp-json\/wp\/v2\/comments?post=4311"}],"wp:featuredmedia":[{"embeddable":true,"href":"https:\/\/thorakao.com\/en\/wp-json\/wp\/v2\/media\/17630"}],"wp:attachment":[{"href":"https:\/\/thorakao.com\/en\/wp-json\/wp\/v2\/media?parent=4311"}],"wp:term":[{"taxonomy":"product_brand","embeddable":true,"href":"https:\/\/thorakao.com\/en\/wp-json\/wp\/v2\/product_brand?post=4311"},{"taxonomy":"product_cat","embeddable":true,"href":"https:\/\/thorakao.com\/en\/wp-json\/wp\/v2\/product_cat?post=4311"},{"taxonomy":"product_tag","embeddable":true,"href":"https:\/\/thorakao.com\/en\/wp-json\/wp\/v2\/product_tag?post=4311"}],"curies":[{"name":"wp","href":"https:\/\/api.w.org\/{rel}","templated":true}]}}