{"id":4367,"date":"2024-02-28T21:55:01","date_gmt":"2024-02-28T14:55:01","guid":{"rendered":"https:\/\/thorakao.com\/?post_type=product&#038;p=4367"},"modified":"2026-05-05T16:02:33","modified_gmt":"2026-05-05T09:02:33","slug":"dau-goi-dau-bo-ket-750ml","status":"publish","type":"product","link":"https:\/\/thorakao.com\/en\/dau-goi-dau-bo-ket-750ml\/","title":{"rendered":"SOAPBERRY SHAMPOO 750ml"},"content":{"rendered":"<p><strong>TH\u00c0NH PH\u1ea6N S\u1ea2N PH\u1ea8M:<\/strong><\/p>\n<ul>\n<li><strong>Chi\u1ebft xu\u1ea5t b\u1ed3 k\u1ebft thi\u00ean nhi\u00ean:<\/strong> Gi\u00fap t\u00f3c m\u1ec1m m\u01b0\u1ee3t, gi\u1ea3m kh\u00f4 x\u01a1 v\u00e0 t\u00ecnh tr\u1ea1ng r\u1ed1i, mang l\u1ea1i \u0111\u1ed9 b\u00f3ng m\u01b0\u1ee3t t\u1ef1 nhi\u00ean cho t\u00f3c, l\u00e0m s\u1ea1ch g\u00e0u v\u00e0 gi\u00fap t\u00f3c \u0111en b\u00f3ng.<\/li>\n<li><strong>Ch\u1ea5t ch\u1ed1ng oxy h\u00f3a:<\/strong> B\u1ed3 k\u1ebft ch\u1ee9a flavonoid v\u00e0 tanin, gi\u00fap ch\u1eafc kh\u1ecfe, gi\u1ea3m g\u00e3y r\u1ee5ng, v\u00e0 k\u00edch th\u00edch m\u1ecdc t\u00f3c hi\u1ec7u qu\u1ea3.<\/li>\n<\/ul>\n<p><strong>C\u00d4NG D\u1ee4NG S\u1ea2N PH\u1ea8M:<\/strong><\/p>\n<ul>\n<li>D\u01b0\u1ee1ng \u1ea9m, ng\u0103n ng\u1eeba kh\u00f4 x\u01a1 v\u00e0 r\u1ed1i t\u00f3c.<\/li>\n<li>B\u1ea3o v\u1ec7 t\u00f3c lu\u00f4n kh\u1ecfe \u0111\u1eb9p v\u00e0 \u00f3ng m\u01b0\u1ee3t h\u00e0ng ng\u00e0y.<\/li>\n<li>Ng\u0103n ng\u1eeba g\u00e0u hi\u1ec7u qu\u1ea3.<\/li>\n<li>K\u00edch th\u00edch s\u1ef1 ph\u00e1t tri\u1ec3n c\u1ee7a ch\u00e2n t\u00f3c, gi\u00fap t\u00f3c d\u00e0y v\u00e0 kh\u1ecfe m\u1ea1nh.<\/li>\n<li>Gi\u00fap t\u00f3c m\u1ec1m m\u01b0\u1ee3t, d\u1ec5 ch\u1ea3i.<\/li>\n<li>M\u00f9i th\u01a1m d\u1ec5 ch\u1ecbu, l\u01b0u h\u01b0\u01a1ng l\u00e2u cho t\u00f3c.<\/li>\n<li>An to\u00e0n v\u00e0 l\u00e0nh t\u00ednh cho da \u0111\u1ea7u.<\/li>\n<\/ul>\n<p><strong>\u0110\u1ed0I T\u01af\u1ee2NG S\u1eec D\u1ee4NG:<\/strong><\/p>\n<ul>\n<li>D\u00e0nh cho t\u00f3c y\u1ebfu, d\u1ec5 g\u00e3y r\u1ee5ng.<\/li>\n<li>Ph\u00f9 h\u1ee3p cho t\u00f3c th\u01b0a, m\u1ecfng, v\u00e0 d\u1ec5 b\u1ebft d\u00ednh.<\/li>\n<\/ul>\n<p><strong>H\u01af\u1edaNG D\u1eaaN S\u1eec D\u1ee4NG:<\/strong><\/p>\n<ol>\n<li>L\u00e0m \u01b0\u1edbt t\u00f3c, l\u1ea5y m\u1ed9t l\u01b0\u1ee3ng d\u1ea7u g\u1ed9i v\u1eeba \u0111\u1ee7 thoa l\u00ean t\u00f3c.<\/li>\n<li>Massage nh\u1eb9 nh\u00e0ng tr\u00ean da \u0111\u1ea7u trong 2-3 ph\u00fat.<\/li>\n<li>X\u1ea3 l\u1ea1i k\u1ef9 b\u1eb1ng n\u01b0\u1edbc s\u1ea1ch.<\/li>\n<\/ol>\n<p><strong>NOTES:<\/strong><\/p>\n<ul>\n<li>For external use only. Keep out of reach of children. If contact with eyes occurs, rinse thoroughly with water.<\/li>\n<\/ul>\n<p><strong>B\u1ea2O QU\u1ea2N:<\/strong><\/p>\n<ul>\n<li>B\u1ea3o qu\u1ea3n n\u01a1i kh\u00f4 r\u00e1o, tho\u00e1ng m\u00e1t, tr\u00e1nh \u00e1nh n\u1eafng tr\u1ef1c ti\u1ebfp t\u1eeb m\u1eb7t tr\u1eddi.<\/li>\n<li>\u0110\u1ec3 xa t\u1ea7m tay tr\u1ebb em.<\/li>\n<\/ul>","protected":false},"excerpt":{"rendered":"<p><strong>Dung t\u00edch:<\/strong> 750ml<br \/>\n<strong>Ph\u00f9 h\u1ee3p: T<\/strong>h\u00edch h\u1ee3p cho m\u1ecdi lo\u1ea1i t\u00f3c<br \/>\n<strong>Uses:<\/strong> D\u1ea7u g\u1ed9i b\u1ed3 k\u1ebft Thorakao 750ml, v\u1edbi c\u00f4ng th\u1ee9c ti\u00ean ti\u1ebfn k\u1ebft h\u1ee3p tinh d\u1ea7u b\u1ed3 k\u1ebft thi\u00ean nhi\u00ean, gi\u00fap t\u00f3c m\u1ec1m m\u01b0\u1ee3t, gi\u1ea3m kh\u00f4 x\u01a1 v\u00e0 r\u1ed1i. S\u1ea3n ph\u1ea9m mang l\u1ea1i m\u00e1i t\u00f3c \u0111en \u00f3ng t\u1ef1 nhi\u00ean m\u1ed7i ng\u00e0y. S\u1ef1 tinh t\u00fay t\u1eeb thi\u00ean nhi\u00ean l\u00e0nh t\u00ednh trong d\u1ea7u g\u1ed9i b\u1ed3 k\u1ebft \u0111em \u0111\u1ebfn gi\u1ea3i ph\u00e1p ch\u0103m s\u00f3c t\u00f3c hi\u1ec7u qu\u1ea3 v\u00e0 an to\u00e0n.<\/p>","protected":false},"featured_media":17644,"comment_status":"open","ping_status":"closed","template":"","meta":{"_acf_changed":false},"product_brand":[],"product_cat":[116],"product_tag":[],"class_list":{"0":"post-4367","1":"product","2":"type-product","3":"status-publish","4":"has-post-thumbnail","6":"product_cat-duong-toc","8":"first","9":"instock","10":"shipping-taxable","11":"product-type-external"},"acf":[],"_links":{"self":[{"href":"https:\/\/thorakao.com\/en\/wp-json\/wp\/v2\/product\/4367","targetHints":{"allow":["GET"]}}],"collection":[{"href":"https:\/\/thorakao.com\/en\/wp-json\/wp\/v2\/product"}],"about":[{"href":"https:\/\/thorakao.com\/en\/wp-json\/wp\/v2\/types\/product"}],"replies":[{"embeddable":true,"href":"https:\/\/thorakao.com\/en\/wp-json\/wp\/v2\/comments?post=4367"}],"wp:featuredmedia":[{"embeddable":true,"href":"https:\/\/thorakao.com\/en\/wp-json\/wp\/v2\/media\/17644"}],"wp:attachment":[{"href":"https:\/\/thorakao.com\/en\/wp-json\/wp\/v2\/media?parent=4367"}],"wp:term":[{"taxonomy":"product_brand","embeddable":true,"href":"https:\/\/thorakao.com\/en\/wp-json\/wp\/v2\/product_brand?post=4367"},{"taxonomy":"product_cat","embeddable":true,"href":"https:\/\/thorakao.com\/en\/wp-json\/wp\/v2\/product_cat?post=4367"},{"taxonomy":"product_tag","embeddable":true,"href":"https:\/\/thorakao.com\/en\/wp-json\/wp\/v2\/product_tag?post=4367"}],"curies":[{"name":"wp","href":"https:\/\/api.w.org\/{rel}","templated":true}]}}