{"id":4368,"date":"2024-02-28T21:55:02","date_gmt":"2024-02-28T14:55:02","guid":{"rendered":"https:\/\/thorakao.com\/?post_type=product&#038;p=4368"},"modified":"2025-12-13T14:20:13","modified_gmt":"2025-12-13T07:20:13","slug":"dau-go%cc%a3i-dau-hoa-buo%cc%89i-500ml","status":"publish","type":"product","link":"https:\/\/thorakao.com\/en\/dau-go%cc%a3i-dau-hoa-buo%cc%89i-500ml\/","title":{"rendered":"GRAPEFRUIT BLOSSOM SHAMPOO 500ml"},"content":{"rendered":"<p>Gross Weight: 550g<br \/>\nPh\u00f9 h\u1ee3p: Th\u00edch h\u1ee3p cho m\u1ecdi lo<\/p>\n<p><strong>TH\u00c0NH PH\u1ea6N S\u1ea2N PH\u1ea8M:<\/strong><\/p>\n<ul>\n<li>Tinh d\u1ea7u v\u1ecf b\u01b0\u1edfi thi\u00ean nhi\u00ean gi\u00fap l\u00e0m s\u1ea1ch t\u00f3c v\u00e0 da \u0111\u1ea7u, ng\u0103n ng\u1eeba r\u1ee5ng t\u00f3c, \u0111\u1ed3ng th\u1eddi mang \u0111\u1ebfn m\u00e1i t\u00f3c \u00f3ng m\u01b0\u1ee3t v\u00e0 \u0111en huy\u1ec1n t\u1ef1 nhi\u00ean.<\/li>\n<li>Tinh d\u1ea7u hoa b\u01b0\u1edfi gi\u00fap k\u00edch th\u00edch m\u1ecdc t\u00f3c, gi\u1ea3m g\u00e3y r\u1ee5ng, v\u00e0 nu\u00f4i d\u01b0\u1ee1ng t\u00f3c ch\u1eafc kh\u1ecfe, m\u1ec1m m\u01b0\u1ee3t.<\/li>\n<\/ul>\n<p><strong>C\u00d4NG D\u1ee4NG S\u1ea2N PH\u1ea8M:<\/strong><\/p>\n<ul>\n<li>L\u00e0m s\u1ea1ch t\u00f3c v\u00e0 da \u0111\u1ea7u hi\u1ec7u qu\u1ea3.<\/li>\n<li>Ng\u0103n ng\u1eeba r\u1ee5ng t\u00f3c, gi\u00fap t\u00f3c d\u00e0y v\u00e0 \u00f3ng m\u01b0\u1ee3t t\u1ef1 nhi\u00ean.<\/li>\n<li>\u0110\u1ed9 pH c\u00e2n b\u1eb1ng, ng\u0103n ng\u1eeba g\u00e0u h\u1eefu hi\u1ec7u.<\/li>\n<li>M\u00f9i h\u01b0\u01a1ng d\u1ec5 ch\u1ecbu, gi\u1eef cho t\u00f3c b\u1ed3ng b\u1ec1nh v\u00e0 m\u01b0\u1ee3t m\u00e0.<\/li>\n<li>Ph\u00f9 h\u1ee3p v\u1edbi m\u1ecdi lo\u1ea1i da d\u1ea7u, gi\u00fap da \u0111\u1ea7u kh\u00f4 tho\u00e1ng.<\/li>\n<\/ul>\n<p><strong>H\u01af\u1edaNG D\u1eaaN S\u1eec D\u1ee4NG:<\/strong><\/p>\n<ul>\n<li>L\u00e0m \u01b0\u1edbt t\u00f3c, l\u1ea5y m\u1ed9t l\u01b0\u1ee3ng v\u1eeba \u0111\u1ee7 d\u1ea7u g\u1ed9i hoa b\u01b0\u1edfi 500ml, t\u1ea1o b\u1ecdt v\u00e0 massage nh\u1eb9 nh\u00e0ng tr\u00ean da \u0111\u1ea7u, x\u1ea3 l\u1ea1i k\u1ef9 b\u1eb1ng n\u01b0\u1edbc s\u1ea1ch.<\/li>\n<li>Sau khi g\u1ed9i, th\u1ea5m kh\u00f4 t\u00f3c v\u00e0 hong t\u00f3c tho\u00e1ng, tr\u00e1nh \u0111\u1ec3 t\u00f3c h\u1ea7m b\u00ed d\u1ec5 g\u00e2y ra g\u00e0u ng\u1ee9a kh\u00f3 ch\u1ecbu.<\/li>\n<li>N\u00ean g\u1ed9i \u0111\u1ea7u \u0111\u1ec1u \u0111\u1eb7n 2-3 l\u1ea7n\/tu\u1ea7n \u0111\u1ec3 duy tr\u00ec m\u00e1i t\u00f3c s\u1ea1ch kh\u1ecfe, \u0111\u01b0\u1ee3c ch\u0103m s\u00f3c t\u1ed1t nh\u1ea5t.<\/li>\n<\/ul>\n<p><strong>B\u1ea2O QU\u1ea2N:<\/strong><\/p>\n<ul>\n<li>B\u1ea3o qu\u1ea3n n\u01a1i kh\u00f4 r\u00e1o, tho\u00e1ng m\u00e1t, tr\u00e1nh \u00e1nh n\u1eafng tr\u1ef1c ti\u1ebfp t\u1eeb m\u1eb7t tr\u1eddi.<\/li>\n<li>\u0110\u1ec3 xa t\u1ea7m tay tr\u1ebb em.<\/li>\n<\/ul>\n<p>\u1ea1i t\u00f3c<\/p>","protected":false},"excerpt":{"rendered":"<p><strong>Dung t\u00edch:<\/strong> 500ml<br \/>\n<strong>Ph\u00f9 h\u1ee3p:<\/strong> Th\u00edch h\u1ee3p cho m\u1ecdi lo\u1ea1i t\u00f3c<br \/>\n<strong>Uses:<\/strong> D\u1ea7u G\u1ed9i Hoa B\u01b0\u1edfi Thorakao 500ml chi\u1ebft xu\u1ea5t t\u1eeb hoa b\u01b0\u1edfi t\u1ef1 nhi\u00ean, gi\u00fap nu\u00f4i d\u01b0\u1ee1ng v\u00e0 ph\u1ee5c h\u1ed3i t\u00f3c h\u01b0 t\u1ed5n, mang l\u1ea1i m\u00e1i t\u00f3c m\u1ec1m m\u01b0\u1ee3t v\u00e0 b\u00f3ng kh\u1ecfe. Tinh d\u1ea7u hoa b\u01b0\u1edfi kh\u00f4ng ch\u1ec9 gi\u00fap k\u00edch th\u00edch m\u1ecdc t\u00f3c m\u00e0 c\u00f2n ng\u0103n ng\u1eeba r\u1ee5ng t\u00f3c hi\u1ec7u qu\u1ea3. H\u01b0\u01a1ng th\u01a1m d\u1ecbu nh\u1eb9 t\u1eeb hoa b\u01b0\u1edfi s\u1ebd \u0111em l\u1ea1i c\u1ea3m gi\u00e1c th\u01b0 gi\u00e3n v\u00e0 d\u1ec5 ch\u1ecbu trong m\u1ed7i l\u1ea7n g\u1ed9i \u0111\u1ea7u.<\/p>","protected":false},"featured_media":17645,"comment_status":"open","ping_status":"closed","template":"","meta":{"_acf_changed":false},"product_brand":[],"product_cat":[116],"product_tag":[],"class_list":{"0":"post-4368","1":"product","2":"type-product","3":"status-publish","4":"has-post-thumbnail","6":"product_cat-duong-toc","8":"first","9":"instock","10":"shipping-taxable","11":"product-type-external"},"acf":[],"_links":{"self":[{"href":"https:\/\/thorakao.com\/en\/wp-json\/wp\/v2\/product\/4368","targetHints":{"allow":["GET"]}}],"collection":[{"href":"https:\/\/thorakao.com\/en\/wp-json\/wp\/v2\/product"}],"about":[{"href":"https:\/\/thorakao.com\/en\/wp-json\/wp\/v2\/types\/product"}],"replies":[{"embeddable":true,"href":"https:\/\/thorakao.com\/en\/wp-json\/wp\/v2\/comments?post=4368"}],"wp:featuredmedia":[{"embeddable":true,"href":"https:\/\/thorakao.com\/en\/wp-json\/wp\/v2\/media\/17645"}],"wp:attachment":[{"href":"https:\/\/thorakao.com\/en\/wp-json\/wp\/v2\/media?parent=4368"}],"wp:term":[{"taxonomy":"product_brand","embeddable":true,"href":"https:\/\/thorakao.com\/en\/wp-json\/wp\/v2\/product_brand?post=4368"},{"taxonomy":"product_cat","embeddable":true,"href":"https:\/\/thorakao.com\/en\/wp-json\/wp\/v2\/product_cat?post=4368"},{"taxonomy":"product_tag","embeddable":true,"href":"https:\/\/thorakao.com\/en\/wp-json\/wp\/v2\/product_tag?post=4368"}],"curies":[{"name":"wp","href":"https:\/\/api.w.org\/{rel}","templated":true}]}}