{"id":4370,"date":"2024-02-28T21:55:03","date_gmt":"2024-02-28T14:55:03","guid":{"rendered":"https:\/\/thorakao.com\/?post_type=product&#038;p=4370"},"modified":"2026-04-24T07:54:03","modified_gmt":"2026-04-24T00:54:03","slug":"kem-giam-vet-nhan-thorakao","status":"publish","type":"product","link":"https:\/\/thorakao.com\/en\/kem-giam-vet-nhan-thorakao\/","title":{"rendered":"Thorakao Anti-Wrinkle Cream"},"content":{"rendered":"<p><strong>TH\u00c0NH PH\u1ea6N S\u1ea2N PH\u1ea8M:<\/strong><\/p>\n<ul>\n<li>Chi\u1ebft xu\u1ea5t t\u1eeb t\u1ea3o n\u00e2u Laminaria, c\u00f3 ho\u1ea1t t\u00ednh l\u00e0m d\u1ecbu m\u00e1t da, ng\u0103n ng\u1eeba l\u00e3o h\u00f3a v\u00e0 gi\u1ea3m v\u1ebft nh\u0103n, mang l\u1ea1i l\u00e0n da s\u0103n ch\u1eafc v\u00e0 m\u1ecbn m\u00e0ng.<\/li>\n<\/ul>\n<p><strong>C\u00d4NG D\u1ee4NG S\u1ea2N PH\u1ea8M:<\/strong><\/p>\n<ul>\n<li>Gi\u00fap gi\u1ea3m hi\u1ec7u qu\u1ea3 c\u00e1c v\u1ebft nh\u0103n.<\/li>\n<li>D\u01b0\u1ee1ng da s\u0103n ch\u1eafc, t\u0103ng c\u01b0\u1eddng \u0111\u1ed9 \u0111\u00e0n h\u1ed3i cho da.<\/li>\n<li>L\u00e0m ch\u1eadm qu\u00e1 tr\u00ecnh l\u00e3o h\u00f3a, gi\u1eef cho da lu\u00f4n t\u01b0\u01a1i tr\u1ebb.<\/li>\n<li>T\u00e1i sinh collagen t\u1ef1 nhi\u00ean.<\/li>\n<li>T\u0103ng c\u01b0\u1eddng \u0111\u1ed9 \u0111\u00e0n h\u1ed3i gi\u1eefa c\u00e1c s\u1ee3i m\u00f4 da.<\/li>\n<\/ul>\n<p><strong>\u0110\u1ed0I T\u01af\u1ee2NG S\u1eec D\u1ee4NG:<\/strong><\/p>\n<ul>\n<li>Ph\u00f9 h\u1ee3p v\u1edbi m\u1ecdi lo\u1ea1i da, \u0111\u1eb7c bi\u1ec7t l\u00e0 nh\u1eefng ng\u01b0\u1eddi b\u1eaft \u0111\u1ea7u xu\u1ea5t hi\u1ec7n c\u00e1c d\u1ea5u hi\u1ec7u l\u00e3o h\u00f3a nh\u01b0 v\u1ebft nh\u0103n, da ch\u00f9ng nh\u00e3o ho\u1eb7c ch\u1ea3y x\u1ec7.<\/li>\n<\/ul>\n<p><strong>C\u00c1CH S\u1eec D\u1ee4NG:<\/strong><\/p>\n<ul>\n<li>B\u01b0\u1edbc 1: Sau b\u01b0\u1edbc l\u00e0m s\u1ea1ch v\u00e0 c\u00e2n b\u1eb1ng da b\u1eb1ng toner\/n\u01b0\u1edbc hoa h\u1ed3ng, l\u1ea5y m\u1ed9t l\u01b0\u1ee3ng kem v\u1eeba \u0111\u1ee7.<\/li>\n<li>B\u01b0\u1edbc 2: Thoa nh\u1eb9 nh\u00e0ng kem l\u00ean da.<\/li>\n<li>B\u01b0\u1edbc 3: Massage nh\u1eb9 nh\u00e0ng theo chuy\u1ec3n \u0111\u1ed9ng tr\u00f2n \u0111\u1ec3 kem th\u1ea9m th\u1ea5u s\u00e2u v\u00e0o da.<\/li>\n<\/ul>\n<p><strong>\ud83d\udccc T\u1ea7n su\u1ea5t s\u1eed d\u1ee5ng:<\/strong><br \/>\n\u2013 S\u1eed d\u1ee5ng kem \u0111\u1ec1u \u0111\u1eb7n ng\u00e0y 2 l\u1ea7n s\u00e1ng v\u00e0 t\u1ed1i.<br \/>\n\u2013 Kem thoa qua \u0111\u00eam, kh\u00f4ng r\u1eeda l\u1ea1i \u0111\u1ec3 t\u0103ng hi\u1ec7u qu\u1ea3 ph\u1ee5c h\u1ed3i v\u00e0 b\u1ed5 sung d\u01b0\u1ee1ng ch\u1ea5t cho da trong th\u1eddi gian ngh\u1ec9 ng\u01a1i.<\/p>\n<p>\u2705<strong> L\u01b0u \u00fd:<\/strong><br \/>\n\u2013 Th\u00edch h\u1ee3p cho m\u1ecdi lo\u1ea1i da, \u0111\u1eb7c bi\u1ec7t da c\u00f3 d\u1ea5u hi\u1ec7u l\u00e3o h\u00f3a.<br \/>\n\u2013 S\u1eed d\u1ee5ng \u0111\u1ec1u \u0111\u1eb7n m\u1ed7i ng\u00e0y \u0111\u1ec3 \u0111\u1ea1t hi\u1ec7u qu\u1ea3 t\u1ed1i \u01b0u.<\/p>\n<p><strong>B\u1ea2O QU\u1ea2N:<\/strong><\/p>\n<ul>\n<li>B\u1ea3o qu\u1ea3n s\u1ea3n ph\u1ea9m \u1edf n\u01a1i kh\u00f4 r\u00e1o, tho\u00e1ng m\u00e1t, nhi\u1ec7t \u0111\u1ed9 kh\u00f4ng qu\u00e1 30 \u0111\u1ed9 C.<\/li>\n<li>\u0110\u1ec3 xa t\u1ea7m tay tr\u1ebb em.<\/li>\n<\/ul>","protected":false},"excerpt":{"rendered":"<p><strong>Tr\u1ecdng l\u01b0\u1ee3ng<\/strong>: 30g<br \/>\n<strong>Ph\u00f9 h\u1ee3p:<\/strong> M\u1ecdi lo\u1ea1i da, k\u1ec3 c\u1ea3 da nh\u1ea1y c\u1ea3m<br \/>\n<strong>C\u00f4ng d\u1ee5ng<\/strong>: Kem Gi\u1ea3m V\u1ebft Nh\u0103n Thorakao 30g l\u00e0 gi\u1ea3i ph\u00e1p gi\u1ea3m d\u1ea5u hi\u1ec7u l\u00e3o h\u00f3a v\u01b0\u1ee3t tr\u1ed9i, gi\u00fap c\u1ea3i thi\u1ec7n v\u00e0 ng\u0103n ng\u1eeba s\u1ef1 h\u00ecnh th\u00e0nh c\u1ee7a n\u1ebfp nh\u0103n m\u1edbi,\u00a0\u0111\u1eb7c bi\u1ec7t l\u00e0 v\u00f9ng da kh\u00f3e mi\u1ec7ng v\u00e0 tr\u00e1n.. S\u1ea3n ph\u1ea9m cung c\u1ea5p \u0111\u1ed9 \u1ea9m s\u00e2u cho da, gi\u00fap da tr\u1edf n\u00ean m\u1ecbn m\u00e0ng, \u0111\u00e0n h\u1ed3i v\u00e0 tr\u00e0n \u0111\u1ea7y s\u1ee9c s\u1ed1ng. Sau th\u1eddi gian s\u1eed d\u1ee5ng, b\u1ea1n s\u1ebd c\u1ea3m nh\u1eadn l\u00e0n da t\u01b0\u01a1i tr\u1ebb v\u00e0 r\u1ea1ng r\u1ee1 h\u01a1n.<\/p>","protected":false},"featured_media":17628,"comment_status":"open","ping_status":"closed","template":"","meta":{"_acf_changed":false},"product_brand":[],"product_cat":[106],"product_tag":[],"class_list":{"0":"post-4370","1":"product","2":"type-product","3":"status-publish","4":"has-post-thumbnail","6":"product_cat-duong-da","8":"first","9":"instock","10":"shipping-taxable","11":"product-type-external"},"acf":[],"_links":{"self":[{"href":"https:\/\/thorakao.com\/en\/wp-json\/wp\/v2\/product\/4370","targetHints":{"allow":["GET"]}}],"collection":[{"href":"https:\/\/thorakao.com\/en\/wp-json\/wp\/v2\/product"}],"about":[{"href":"https:\/\/thorakao.com\/en\/wp-json\/wp\/v2\/types\/product"}],"replies":[{"embeddable":true,"href":"https:\/\/thorakao.com\/en\/wp-json\/wp\/v2\/comments?post=4370"}],"wp:featuredmedia":[{"embeddable":true,"href":"https:\/\/thorakao.com\/en\/wp-json\/wp\/v2\/media\/17628"}],"wp:attachment":[{"href":"https:\/\/thorakao.com\/en\/wp-json\/wp\/v2\/media?parent=4370"}],"wp:term":[{"taxonomy":"product_brand","embeddable":true,"href":"https:\/\/thorakao.com\/en\/wp-json\/wp\/v2\/product_brand?post=4370"},{"taxonomy":"product_cat","embeddable":true,"href":"https:\/\/thorakao.com\/en\/wp-json\/wp\/v2\/product_cat?post=4370"},{"taxonomy":"product_tag","embeddable":true,"href":"https:\/\/thorakao.com\/en\/wp-json\/wp\/v2\/product_tag?post=4370"}],"curies":[{"name":"wp","href":"https:\/\/api.w.org\/{rel}","templated":true}]}}