{"id":4389,"date":"2024-02-28T21:55:28","date_gmt":"2024-02-28T14:55:28","guid":{"rendered":"https:\/\/thorakao.com\/?post_type=product&#038;p=4389"},"modified":"2025-12-12T09:04:07","modified_gmt":"2025-12-12T02:04:07","slug":"kem-nghe-tube","status":"publish","type":"product","link":"https:\/\/thorakao.com\/en\/kem-nghe-tube\/","title":{"rendered":"Kem Ngh\u1ec7 Tube 10g"},"content":{"rendered":"<p><strong>TH\u00c0NH PH\u1ea6N S\u1ea2N PH\u1ea8M<\/strong>:<\/p>\n<p>Chi\u1ebft xu\u1ea5t t\u1eeb Ngh\u1ec7 thi\u00ean nhi\u00ean, c\u00f3 \u0111\u1eb7c t\u00ednh ch\u1ed1ng oxy h\u00f3a, kh\u00e1ng vi\u00eam, v\u00e0 ch\u1ed1ng l\u00e3o h\u00f3a.<\/p>\n<p><strong>C\u00d4NG D\u1ee4NG S\u1ea2N PH\u1ea8M:<\/strong><\/p>\n<ul>\n<li>Ng\u0103n ng\u1eeba v\u00e0 h\u1ed7 tr\u1ee3 \u0111i\u1ec1u tr\u1ecb m\u1ee5n.<\/li>\n<li>L\u00e0m m\u1edd s\u1eb9o, v\u1ebft th\u00e2m hi\u1ec7u qu\u1ea3.<\/li>\n<li>D\u01b0\u1ee1ng tr\u1eafng, c\u1ea5p \u1ea9m v\u00e0 l\u00e0m m\u1ec1m da.<\/li>\n<li>Th\u00e0nh ph\u1ea7n thi\u00ean nhi\u00ean, an to\u00e0n cho m\u1ecdi lo\u1ea1i da.<\/li>\n<\/ul>\n<p><strong>\u0110\u1ed0I T\u01af\u1ee2NG S\u1eec D\u1ee4NG<\/strong>:<br \/>\nPh\u00f9 h\u1ee3p v\u1edbi m\u1ecdi lo\u1ea1i da, \u0111\u1eb7c bi\u1ec7t l\u00e0 da c\u00f3 m\u1ee5n, s\u1eb9o v\u00e0 v\u1ebft th\u00e2m.<\/p>\n<p><strong>C\u00c1CH S\u1eec D\u1ee4NG:<\/strong><\/p>\n<ul>\n<li><strong>B\u01b0\u1edbc 1:<\/strong> R\u1eeda m\u1eb7t s\u1ea1ch v\u00e0 lau kh\u00f4 nh\u1eb9 nh\u00e0ng b\u1eb1ng kh\u0103n m\u1ec1m.<\/li>\n<li><strong>B\u01b0\u1edbc 2:<\/strong> D\u00f9ng tay s\u1ea1ch ch\u1ea5m m\u1ed9t l\u01b0\u1ee3ng kem v\u1eeba \u0111\u1ee7 l\u00ean n\u1ed1t th\u00e2m m\u1ee5n, v\u1ebft th\u01b0\u01a1ng th\u00e2m l\u00e2u ho\u1eb7c v\u1ebft c\u00f4n tr\u00f9ng \u0111\u1ed1t.<\/li>\n<li><strong>B\u01b0\u1edbc 3:<\/strong> Sau 2 ti\u1ebfng, r\u1eeda s\u1ea1ch v\u00f9ng da \u0111\u00e3 thoa kem b\u1eb1ng n\u01b0\u1edbc \u1ea5m ho\u1eb7c s\u1eefa r\u1eeda m\u1eb7t d\u1ecbu nh\u1eb9.<\/li>\n<\/ul>\n<p><strong>\ud83d\udccc L\u01b0u \u00fd:<\/strong><br \/>\n\u2013 Kh\u00f4ng \u0111\u1ec3 kem qua \u0111\u00eam.<br \/>\n\u2013 N\u00ean s\u1eed d\u1ee5ng 1\u20132 l\u1ea7n\/ng\u00e0y, v\u00e0o ban ng\u00e0y ho\u1eb7c bu\u1ed5i t\u1ed1i tr\u01b0\u1edbc khi \u0111i ng\u1ee7 (v\u00e0 r\u1eeda s\u1ea1ch \u0111\u00fang th\u1eddi gian).<br \/>\n\u2013 Tr\u00e1nh d\u00f9ng tr\u00ean v\u00f9ng da h\u1edf, \u0111ang vi\u00eam nhi\u1ec5m n\u1eb7ng.<\/p>\n<ul>\n<li>\u0110\u1ec3 n\u01a1i kh\u00f4 r\u00e1o, tho\u00e1ng m\u00e1t, d\u01b0\u1edbi 30\u00b0C.<\/li>\n<li>Tr\u00e1nh xa t\u1ea7m tay tr\u1ebb em.<\/li>\n<\/ul>","protected":false},"excerpt":{"rendered":"<p><strong>Contents:<\/strong> 10g<br \/>\n<strong>Ph\u00f9 h\u1ee3p:<\/strong> M\u1ecdi lo\u1ea1i da, \u0111\u1eb7c bi\u1ec7t l\u00e0 da m\u1ee5n, s\u1eb9o v\u00e0 th\u00e2m<br \/>\n<strong>Uses: <\/strong>Kem Ngh\u1ec7 Tube Thorakao 10g l\u00e0 gi\u1ea3i ph\u00e1p ch\u0103m s\u00f3c da ho\u00e0n h\u1ea3o t\u1eeb chi\u1ebft xu\u1ea5t ngh\u1ec7 t\u1ef1 nhi\u00ean, n\u1ed5i b\u1eadt v\u1edbi c\u00f4ng d\u1ee5ng tr\u1ecb m\u1ee5n, m\u1edd th\u00e2m v\u00e0 l\u00e0m d\u1ecbu c\u00e1c v\u1ebft m\u1ee5n. S\u1ea3n ph\u1ea9m th\u1ea5m nhanh v\u00e0o da, kh\u00f4ng g\u00e2y nh\u1eddn, mang l\u1ea1i l\u00e0n da \u0111\u1ec1u m\u00e0u v\u00e0 m\u1ecbn m\u00e0ng. Thi\u1ebft k\u1ebf nh\u1ecf g\u1ecdn, ti\u1ec7n l\u1ee3i gi\u00fap b\u1ea1n d\u1ec5 d\u00e0ng mang theo v\u00e0 s\u1eed d\u1ee5ng m\u1ecdi l\u00fac, m\u1ecdi n\u01a1i. L\u1ef1a ch\u1ecdn l\u00fd t\u01b0\u1edfng \u0111\u1ec3 ch\u0103m s\u00f3c da m\u1ee5n, s\u1eb9o, th\u00e2m m\u1ed7i ng\u00e0y.<\/p>","protected":false},"featured_media":17621,"comment_status":"open","ping_status":"closed","template":"","meta":{"_acf_changed":false},"product_brand":[],"product_cat":[120,106],"product_tag":[],"class_list":{"0":"post-4389","1":"product","2":"type-product","3":"status-publish","4":"has-post-thumbnail","6":"product_cat-best-selling","7":"product_cat-duong-da","9":"first","10":"instock","11":"featured","12":"shipping-taxable","13":"product-type-external"},"acf":[],"_links":{"self":[{"href":"https:\/\/thorakao.com\/en\/wp-json\/wp\/v2\/product\/4389","targetHints":{"allow":["GET"]}}],"collection":[{"href":"https:\/\/thorakao.com\/en\/wp-json\/wp\/v2\/product"}],"about":[{"href":"https:\/\/thorakao.com\/en\/wp-json\/wp\/v2\/types\/product"}],"replies":[{"embeddable":true,"href":"https:\/\/thorakao.com\/en\/wp-json\/wp\/v2\/comments?post=4389"}],"wp:featuredmedia":[{"embeddable":true,"href":"https:\/\/thorakao.com\/en\/wp-json\/wp\/v2\/media\/17621"}],"wp:attachment":[{"href":"https:\/\/thorakao.com\/en\/wp-json\/wp\/v2\/media?parent=4389"}],"wp:term":[{"taxonomy":"product_brand","embeddable":true,"href":"https:\/\/thorakao.com\/en\/wp-json\/wp\/v2\/product_brand?post=4389"},{"taxonomy":"product_cat","embeddable":true,"href":"https:\/\/thorakao.com\/en\/wp-json\/wp\/v2\/product_cat?post=4389"},{"taxonomy":"product_tag","embeddable":true,"href":"https:\/\/thorakao.com\/en\/wp-json\/wp\/v2\/product_tag?post=4389"}],"curies":[{"name":"wp","href":"https:\/\/api.w.org\/{rel}","templated":true}]}}