{"id":4407,"date":"2024-02-28T21:55:51","date_gmt":"2024-02-28T14:55:51","guid":{"rendered":"https:\/\/thorakao.com\/?post_type=product&#038;p=4407"},"modified":"2026-04-22T14:58:47","modified_gmt":"2026-04-22T07:58:47","slug":"kem-trang-diem-bb-alpha","status":"publish","type":"product","link":"https:\/\/thorakao.com\/en\/kem-trang-diem-bb-alpha\/","title":{"rendered":"Kem Trang \u0110i\u1ec3m BB Alpha 30g"},"content":{"rendered":"<p><strong>TH\u00c0NH PH\u1ea6N CH\u00cdNH:<\/strong><\/p>\n<ul>\n<li>Aqua, Cyclopentasiloxane, Titanium Dioxide, Dimethicone, Hydrogenated Polyisobutene, Caprylyl Methicone, Cyclome-thicone, Glycerin, Propanediol, Malachite Extract, Polymethyl-silsesquioxane, Cl 77891, Acrylates Copolymer, C30-45 Alkyl Dimethicone, PEG-10 Dimethicone, Polysilicone-11, Ethylhexy! Methoxycinnamate, Cetyl PEG\/PPG-10\/1 Dimethicone, Caprylic\/Capric Triglyceride, Butyl Methoxydibenzoy|methane, Butylene Glycol, Alpha Arbutin, Fragrance, Phenoxyethanol, Sodium Chloride, Benzophe- none-3, Aluminum hydroxide, Stearic Acid, Allantoin, Cellulose Acetate, Isohexadecane, Acrylates\/ Ammonium Methacry-late Copolymer, Behenyl Alcohol, Glyceryl stearate, Phospholipids, Propylene Glycol Stearate, Polysorbate 80, Aminoethylphos- phinic Acid, Ammonium Polyacry-loyldimethyl Taurate, Ethylhexyl- glycerin, Lecithin, Tocopheryl Acetate, Phaseolus Radiatus Seed Extract, Hydrogen Dimethicone, Polysorbate 20, Avena Sativa Meal Extract, Citric Acid, Magnesium Stearate, Sorbic Acid, Cl 77492, CI 77491, Cl 42090.<\/li>\n<\/ul>\n<p><strong>C\u00d4NG D\u1ee4NG TH\u00c0NH PH\u1ea6N:<\/strong><\/p>\n<ul>\n<li><strong>Chi\u1ebft xu\u1ea5t \u0111\u00e1 malachite<\/strong> trong kem trang \u0111i\u1ec3m c\u00f3 nhi\u1ec1u c\u00f4ng d\u1ee5ng n\u1ed5i b\u1eadt nh\u1edd v\u00e0o th\u00e0nh ph\u1ea7n gi\u00e0u kho\u00e1ng ch\u1ea5t v\u00e0 \u0111\u1eb7c t\u00ednh ch\u1ed1ng oxy h\u00f3a m\u1ea1nh m\u1ebd. Th\u00e0nh ph\u1ea7n c\u00f3 c\u00f3 kh\u1ea3 n\u0103ng thanh l\u1ecdc v\u00e0 l\u00e0m s\u1ea1ch da, lo\u1ea1i b\u1ecf \u0111\u1ed9c t\u1ed1 v\u00e0 b\u1ea3o v\u1ec7 da kh\u1ecfi \u00f4 nhi\u1ec5m m\u00f4i tr\u01b0\u1eddng.<\/li>\n<li>T\u0103ng c\u01b0\u1eddng h\u00e0ng r\u00e0o b\u1ea3o v\u1ec7 da: Gi\u00fap da th\u00eam kh\u1ecfe m\u1ea1nh, \u0111\u00e0n h\u1ed3i v\u00e0 kh\u00e1ng l\u1ea1i c\u00e1c t\u00e1c nh\u00e2n g\u00e2y h\u1ea1i t\u1eeb b\u00ean ngo\u00e0i.<\/li>\n<\/ul>\n<p><strong>C\u00d4NG D\u1ee4NG N\u1ed4I B\u1eacT C\u1ee6A S\u1ea2N PH\u1ea8M:<\/strong><\/p>\n<ul>\n<li>D\u00f9ng trang \u0111i\u1ec3m, ho\u1eb7c l\u00e0m kem l\u00f3t<\/li>\n<li>Gi\u00fap d\u01b0\u1ee1ng tr\u0103ng da m\u1eb7t.<\/li>\n<li>Ch\u1ed1ng n\u0103ng da m\u1eb7t gi\u00fap b\u1ea3o v\u1ec1 \u0111a tr\u01b0\u1edbc t\u00e1c h\u1ea1i c\u1ee7a \u00e1nh s\u00e1ng m\u1eb7t tr\u1eddi.<\/li>\n<\/ul>\n<p><strong>\u01afU \u0110I\u1ec2M S\u1ea2N PH\u1ea8M:<\/strong><\/p>\n<ul>\n<li>Kem c\u00f3 m\u00e0u xanh t\u1ef1 nhi\u00ean c\u1ee7a chi\u1ebft xu\u1ea5t thi\u00ean nhi\u00ean<\/li>\n<li>Kh\u00f4ng tr\u00f4i khi ti\u1ebfp x\u00fac v\u1edbi n\u01b0\u1edbc<\/li>\n<li>Kh\u00f4ng g\u00e2y nh\u1eddn d\u00ednh, da th\u00f4ng tho\u00e1ng t\u1ef1 nhi\u00ean khi trang \u0111i\u1ec3m.<\/li>\n<\/ul>\n<p><strong>\u0110\u1ed0I T\u01af\u1ee2NG S\u1eec D\u1ee4NG:<\/strong><\/p>\n<ul>\n<li>Ph\u00f9 h\u1ee3p m\u1ecdi lo\u1ea1i da<\/li>\n<\/ul>\n<p><strong>H\u01af\u1edaNG D\u1eaaN S\u1eec D\u1ee4NG:<\/strong><\/p>\n<ul>\n<li>Sau khi r\u1eeda m\u1eb7t s\u1ea1ch, d\u00f9ng m\u1ed9t l\u01b0\u1ee3ng kem v\u1eeba \u0111\u00f9, ch\u1ea5m \u0111\u1ec1u kh\u1eafp v\u00f9ng da m\u1eb7t, thoa 2 \u0111\u1ebfn 3 v\u00f2ng cho c\u00e1c h\u1ea1t m\u00e0u v\u1ee1 ra.<\/li>\n<li>Nh\u1eefng v\u00f9ng c\u1ea7n che khuy\u1ebft \u0111i\u1ec3m th\u00eam 1 l\u1edbp n\u1eefa.<\/li>\n<li>\u0110\u1ec3 t\u1ea1o l\u1edbp n\u1ec1n r\u1ea1ng r\u1ee1 su\u1ed1t c\u1ea3 ng\u00e0y, ph\u1ee7 th\u00eam m\u1ed9t l\u1edbp ph\u1ea7n trang \u0111i\u1ec3m.<\/li>\n<\/ul>\n<p><strong>B\u1ea2O QU\u1ea2N:<\/strong><\/p>\n<ul>\n<li>B\u1ea3o qu\u1ea3n s\u1ea3n ph\u1ea9m \u1edf n\u01a1i kh\u00f4 r\u00e1o v\u00e0 tho\u00e1ng m\u00e1t, nhi\u1ec7t \u0111\u1ed9 kh\u00f4ng qu\u00e1 30 \u0111\u1ed9 C. \u0110\u1ec3 xa t\u1ea7m tay c\u1ee7a tr\u1ebb em.<\/li>\n<\/ul>","protected":false},"excerpt":{"rendered":"<p><strong>TH\u00d4NG TIN S\u1ea2N PH\u1ea8M<\/strong><\/p>\n<p><strong>T\u00ean:<\/strong> Kem trang \u0111i\u1ec3m BB Alpha d\u01b0\u1ee1ng tr\u1eafng da Thorakao<br \/>\n<strong>Ph\u00e2n lo\u1ea1i:<\/strong> 1 tone m\u00e0u<br \/>\n<strong>Contents: <\/strong>30 g<br \/>\n<strong>H\u1ea1n s\u1eed d\u1ee5ng: <\/strong>36 th\u00e1ng<\/p>\n<p>Kem trang \u0111i\u1ec3m BB Alpha d\u01b0\u1ee1ng tr\u1eafng da Thorakao 30g l\u00e0 gi\u1ea3i ph\u00e1p ch\u0103m s\u00f3c l\u00e0n da h\u1eefu hi\u1ec7u. S\u1ea3n ph\u1ea9m v\u1edbi nhi\u1ec1u d\u01b0\u1ee1ng ch\u1ea5t c\u00f3 c\u00f4ng d\u1ee5ng gi\u00fap da tr\u1eafng s\u00e1ng m\u1ecbn m\u00e0ng, b\u1ea3o v\u1ec7 da d\u01b0\u1edbi \u00e1nh n\u1eafng m\u1eb7t tr\u1eddi, ki\u1ec3m so\u00e1t \u0111\u1ed9 nh\u1eddn gi\u00fap da th\u00f4ng tho\u00e1ng t\u1ef1 nhi\u00ean khi trang \u0111i\u1ec3m. B\u1ea1n c\u00f3 th\u1ec3 s\u1eed d\u1ee5ng l\u00e0m kem l\u00f3t khi trang \u0111i\u1ec3m.<\/p>","protected":false},"featured_media":18362,"comment_status":"open","ping_status":"closed","template":"","meta":{"_acf_changed":false},"product_brand":[],"product_cat":[106,122,124,123],"product_tag":[],"class_list":{"0":"post-4407","1":"product","2":"type-product","3":"status-publish","4":"has-post-thumbnail","6":"product_cat-duong-da","7":"product_cat-khuyen-mai","8":"product_cat-san-pham-moi","9":"product_cat-san-pham-noi-bat","11":"first","12":"instock","13":"shipping-taxable","14":"product-type-external"},"acf":[],"_links":{"self":[{"href":"https:\/\/thorakao.com\/en\/wp-json\/wp\/v2\/product\/4407","targetHints":{"allow":["GET"]}}],"collection":[{"href":"https:\/\/thorakao.com\/en\/wp-json\/wp\/v2\/product"}],"about":[{"href":"https:\/\/thorakao.com\/en\/wp-json\/wp\/v2\/types\/product"}],"replies":[{"embeddable":true,"href":"https:\/\/thorakao.com\/en\/wp-json\/wp\/v2\/comments?post=4407"}],"wp:featuredmedia":[{"embeddable":true,"href":"https:\/\/thorakao.com\/en\/wp-json\/wp\/v2\/media\/18362"}],"wp:attachment":[{"href":"https:\/\/thorakao.com\/en\/wp-json\/wp\/v2\/media?parent=4407"}],"wp:term":[{"taxonomy":"product_brand","embeddable":true,"href":"https:\/\/thorakao.com\/en\/wp-json\/wp\/v2\/product_brand?post=4407"},{"taxonomy":"product_cat","embeddable":true,"href":"https:\/\/thorakao.com\/en\/wp-json\/wp\/v2\/product_cat?post=4407"},{"taxonomy":"product_tag","embeddable":true,"href":"https:\/\/thorakao.com\/en\/wp-json\/wp\/v2\/product_tag?post=4407"}],"curies":[{"name":"wp","href":"https:\/\/api.w.org\/{rel}","templated":true}]}}