{"id":4409,"date":"2024-02-28T21:55:51","date_gmt":"2024-02-28T14:55:51","guid":{"rendered":"https:\/\/thorakao.com\/?post_type=product&#038;p=4409"},"modified":"2025-12-12T09:03:43","modified_gmt":"2025-12-12T02:03:43","slug":"kem-lam-sach-tbc","status":"publish","type":"product","link":"https:\/\/thorakao.com\/en\/kem-lam-sach-tbc\/","title":{"rendered":"Exfoliating cream"},"content":{"rendered":"<p><strong>TH\u00c0NH PH\u1ea6N S\u1ea2N PH\u1ea8M:<\/strong><\/p>\n<ul>\n<li><strong>-Wheat seed extract:<\/strong> Cung c\u1ea5p d\u01b0\u1ee1ng ch\u1ea5t, \u0111\u1ed9 \u1ea9m, gi\u00fap t\u00e1i t\u1ea1o da, ng\u0103n l\u00e3o h\u00f3a v\u00e0 b\u1ea3o v\u1ec7 da sau khi t\u1ea9y t\u1ebf b\u00e0o ch\u1ebft.<\/li>\n<li><strong>-Chamomile extract:<\/strong> Gi\u00fap l\u00e0m d\u1ecbu da, gi\u1ea3m vi\u00eam, kh\u00e1ng khu\u1ea9n v\u00e0 h\u1ed7 tr\u1ee3 t\u00e1i t\u1ea1o da, mang l\u1ea1i l\u00e0n da m\u1ec1m m\u1ecbn sau khi t\u1ea9y t\u1ebf b\u00e0o ch\u1ebft.<\/li>\n<li><strong>-Marigold flower extract:<\/strong> C\u00f3 \u0111\u1eb7c t\u00ednh kh\u00e1ng vi\u00eam, kh\u00e1ng khu\u1ea9n, gi\u00fap l\u00e0m d\u1ecbu da, gi\u1ea3m k\u00edch \u1ee9ng v\u00e0 h\u1ed7 tr\u1ee3 qu\u00e1 tr\u00ecnh l\u00e0m l\u00e0nh da hi\u1ec7u qu\u1ea3.<\/li>\n<li><strong>-Brown seaweed extract:<\/strong> Gi\u00e0u kho\u00e1ng ch\u1ea5t v\u00e0 ch\u1ea5t ch\u1ed1ng oxy h\u00f3a, gi\u00fap d\u01b0\u1ee1ng \u1ea9m, l\u00e0m m\u1ec1m da, ng\u0103n ng\u1eeba l\u00e3o h\u00f3a v\u00e0 b\u1ea3o v\u1ec7 da kh\u1ecfi t\u00e1c h\u1ea1i c\u1ee7a m\u00f4i tr\u01b0\u1eddng.<\/li>\n<li><strong>K\u1ebft h\u1ee3p th\u00eam th\u1ea3o m\u1ed9c nh\u01b0 Jojoba oil, Avocado oil, Soybean oil, Macadamia seed oil.<\/strong><\/li>\n<\/ul>\n<p><strong>C\u00d4NG D\u1ee4NG S\u1ea2N PH\u1ea8M:<\/strong><\/p>\n<ul>\n<li>L\u00e0m s\u1ea1ch t\u1ebf b\u00e0o ch\u1ebft, c\u1ea5p \u1ea9m d\u1ecbu nh\u1eb9.<\/li>\n<li>Kh\u00e1ng khu\u1ea9n, h\u1ed7 tr\u1ee3 gi\u1ea3m k\u00edch \u1ee9ng.<\/li>\n<li>Lo\u1ea1i b\u1ecf c\u00e1c t\u1ebf b\u00e0o da b\u1ecb l\u00e3o h\u00f3a, ch\u1ed1ng oxy h\u00f3a.<\/li>\n<li>Nu\u00f4i d\u01b0\u1ee1ng l\u00e0n da s\u00e1ng \u0111\u1eb9p m\u1ecbn m\u00e0ng.<\/li>\n<li>B\u1ea3o v\u1ec7 da kh\u1ecfi t\u00e1c h\u1ea1i c\u1ee7a m\u00f4i tr\u01b0\u1eddng.<\/li>\n<\/ul>\n<p><strong>\u0110\u1ed0I T\u01af\u1ee2NG S\u1eec D\u1ee4NG:<\/strong><\/p>\n<ul>\n<li>Ph\u00f9 h\u1ee3p v\u1edbi m\u1ecdi lo\u1ea1i da.<\/li>\n<\/ul>\n<p><strong>C\u00c1CH S\u1eec D\u1ee4NG:<\/strong><br \/>\n<strong>B\u01b0\u1edbc 1:<\/strong> L\u00e0m \u01b0\u1edbt da m\u1eb7t, sau \u0111\u00f3 d\u00f9ng kh\u0103n th\u1ea5m kh\u00f4 kho\u1ea3ng 80% \u0111\u1ec3 da c\u00f2n h\u01a1i \u1ea9m.<br \/>\n<strong>B\u01b0\u1edbc 2:<\/strong> L\u1ea5y m\u1ed9t l\u01b0\u1ee3ng kem v\u1eeba \u0111\u1ee7, thoa \u0111\u1ec1u v\u00e0 massage nh\u1eb9 nh\u00e0ng trong 2\u20133 ph\u00fat, \u0111\u1ebfn khi kem v\u00f3n l\u1ea1i th\u00e0nh t\u1eebng v\u1ee5n gi\u1ed1ng g\u00f4m t\u1ea9y.<br \/>\n<strong>B\u01b0\u1edbc 3:<\/strong> R\u1eeda l\u1ea1i m\u1eb7t b\u1eb1ng n\u01b0\u1edbc s\u1ea1ch, lau kh\u00f4 b\u1eb1ng kh\u0103n m\u1ec1m.<\/p>\n<p>\ud83d\udccc Khuy\u1ebfn ngh\u1ecb s\u1eed d\u1ee5ng 2\u20133 l\u1ea7n\/tu\u1ea7n \u0111\u1ec3 duy tr\u00ec hi\u1ec7u qu\u1ea3 l\u00e0m s\u1ea1ch t\u1ebf b\u00e0o ch\u1ebft.<\/p>\n<p><strong>B\u1ea2O QU\u1ea2N:<\/strong><\/p>\n<ul>\n<li>B\u1ea3o qu\u1ea3n s\u1ea3n ph\u1ea9m \u1edf n\u01a1i kh\u00f4 r\u00e1o v\u00e0 tho\u00e1ng m\u00e1t, nhi\u1ec7t \u0111\u1ed9 kh\u00f4ng qu\u00e1 30 \u0111\u1ed9.<\/li>\n<li>\u0110\u1ec3 xa t\u1ea7m tay c\u1ee7a tr\u1ebb em.<\/li>\n<\/ul>","protected":false},"excerpt":{"rendered":"<p><strong>Contents:<\/strong> 45g<br \/>\n<strong>Ph\u00f9 h\u1ee3p:<\/strong> M\u1ecdi lo\u1ea1i da, \u0111\u1eb7c bi\u1ec7t l\u00e0 da x\u1ec9n m\u00e0u, da l\u00e3o h\u00f3a s\u1edbm<br \/>\n<strong>Uses: <\/strong>Kem L\u00e0m S\u1ea1ch T\u1ebf B\u00e0o Ch\u1ebft Thorakao 45g gi\u00fap nh\u1eb9 nh\u00e0ng lo\u1ea1i b\u1ecf l\u1edbp t\u1ebf b\u00e0o ch\u1ebft, b\u1ee5i b\u1ea9n v\u00e0 b\u00e3 nh\u1eddn, mang l\u1ea1i l\u00e0n da t\u01b0\u01a1i s\u00e1ng v\u00e0 m\u1ecbn m\u00e0ng. V\u1edbi chi\u1ebft xu\u1ea5t t\u1ef1 nhi\u00ean t\u1eeb c\u00e1c th\u00e0nh ph\u1ea7n l\u00e0nh t\u00ednh, s\u1ea3n ph\u1ea9m an to\u00e0n cho m\u1ecdi lo\u1ea1i da, l\u00e0m s\u1ea1ch s\u00e2u m\u00e0 kh\u00f4ng g\u00e2y k\u00edch \u1ee9ng. S\u1ea3n ph\u1ea9m gi\u00fap da h\u1ea5p thu t\u1ed1t h\u01a1n c\u00e1c d\u01b0\u1ee1ng ch\u1ea5t t\u1eeb c\u00e1c b\u01b0\u1edbc ch\u0103m s\u00f3c ti\u1ebfp theo, mang l\u1ea1i l\u00e0n da kh\u1ecfe m\u1ea1nh v\u00e0 r\u1ea1ng r\u1ee1.<\/p>","protected":false},"featured_media":17696,"comment_status":"open","ping_status":"closed","template":"","meta":{"_acf_changed":false},"product_brand":[],"product_cat":[120,106],"product_tag":[],"class_list":{"0":"post-4409","1":"product","2":"type-product","3":"status-publish","4":"has-post-thumbnail","6":"product_cat-best-selling","7":"product_cat-duong-da","9":"first","10":"instock","11":"shipping-taxable","12":"product-type-external"},"acf":[],"_links":{"self":[{"href":"https:\/\/thorakao.com\/en\/wp-json\/wp\/v2\/product\/4409","targetHints":{"allow":["GET"]}}],"collection":[{"href":"https:\/\/thorakao.com\/en\/wp-json\/wp\/v2\/product"}],"about":[{"href":"https:\/\/thorakao.com\/en\/wp-json\/wp\/v2\/types\/product"}],"replies":[{"embeddable":true,"href":"https:\/\/thorakao.com\/en\/wp-json\/wp\/v2\/comments?post=4409"}],"wp:featuredmedia":[{"embeddable":true,"href":"https:\/\/thorakao.com\/en\/wp-json\/wp\/v2\/media\/17696"}],"wp:attachment":[{"href":"https:\/\/thorakao.com\/en\/wp-json\/wp\/v2\/media?parent=4409"}],"wp:term":[{"taxonomy":"product_brand","embeddable":true,"href":"https:\/\/thorakao.com\/en\/wp-json\/wp\/v2\/product_brand?post=4409"},{"taxonomy":"product_cat","embeddable":true,"href":"https:\/\/thorakao.com\/en\/wp-json\/wp\/v2\/product_cat?post=4409"},{"taxonomy":"product_tag","embeddable":true,"href":"https:\/\/thorakao.com\/en\/wp-json\/wp\/v2\/product_tag?post=4409"}],"curies":[{"name":"wp","href":"https:\/\/api.w.org\/{rel}","templated":true}]}}