{"id":4430,"date":"2024-02-28T21:56:15","date_gmt":"2024-02-28T14:56:15","guid":{"rendered":"https:\/\/thorakao.com\/?post_type=product&#038;p=4430"},"modified":"2026-05-14T16:07:09","modified_gmt":"2026-05-14T09:07:09","slug":"combo-dau-goi-xa-hoa-buoi-lotion-buoi-thorakao-150ml","status":"publish","type":"product","link":"https:\/\/thorakao.com\/en\/combo-dau-goi-xa-hoa-buoi-lotion-buoi-thorakao-150ml\/","title":{"rendered":"Combo Grapefruit Shampoo Conditioner + Thorakao Grapefruit Lotion 150ml"},"content":{"rendered":"<p><strong>TH\u00c0NH PH\u1ea6N S\u1ea2N PH\u1ea8M: <\/strong><strong><br \/>\n<\/strong>Chi\u1ebft xu\u1ea5t tinh d\u1ea7u hoa b\u01b0\u1edfi th\u1ea9m th\u1ea5u s\u00e2u, nu\u00f4i d\u01b0\u1ee1ng t\u00f3c ch\u1eafc kh\u1ecfe, ng\u0103n ng\u1eeba r\u1ee5ng t\u00f3c, duy tr\u00ec \u0111\u1ed9 \u1ea9m t\u1ef1 nhi\u00ean, gi\u00fap t\u00f3c \u00f3ng \u1ea3, m\u01b0\u1ee3t m\u00e0.<\/p>\n<p><strong>C\u00d4NG D\u1ee4NG S\u1ea2N PH\u1ea8M:<\/strong><br \/>\n\u2022 Gi\u1ea3m r\u1ee5ng t\u00f3c, ch\u1ed1ng h\u00f3i, nu\u00f4i d\u01b0\u1ee1ng ch\u00e2n t\u00f3c m\u1ecdc d\u00e0y.<br \/>\n\u2022 K\u00edch th\u00edch m\u1ecdc t\u00f3c d\u00e0i v\u00e0 d\u00e0y h\u01a1n, ph\u1ee5c h\u1ed3i t\u00f3c ch\u1ebb ng\u1ecdn.<br \/>\n\u2022 L\u00e0m s\u1ea1ch da \u0111\u1ea7u, ng\u0103n ng\u1eeba g\u00e0u, gi\u00fap t\u00f3c b\u1ed3ng b\u1ec1nh, su\u00f4n m\u01b0\u1ee3t.<br \/>\n\u2022 An to\u00e0n, l\u00e0nh t\u00ednh, c\u00e2n b\u1eb1ng \u0111\u1ed9 pH cho da \u0111\u1ea7u.<br \/>\n\u2022 L\u01b0u gi\u1eef h\u01b0\u01a1ng th\u01a1m l\u00e2u d\u00e0i.<\/p>\n<p><strong>\u0110\u1ed0I T\u01af\u1ee2NG S\u1eec D\u1ee4NG:<\/strong><br \/>\n\u2022 Ng\u01b0\u1eddi c\u00f3 t\u00f3c g\u00e3y r\u1ee5ng, t\u00f3c y\u1ebfu, m\u1ecfng.<br \/>\n\u2022 Ng\u01b0\u1eddi mu\u1ed1n l\u00e0m s\u1ea1ch da \u0111\u1ea7u, ng\u0103n g\u00e0u v\u00e0 ph\u1ee5c h\u1ed3i t\u00f3c h\u01b0 t\u1ed5n.<\/p>\n<p><strong>H\u01af\u1edaNG D\u1eaaN S\u1eec D\u1ee4NG:<\/strong><br \/>\n&#8211; D\u1ea7u g\u1ed9i Hoa B\u01b0\u1edfi 400ml:<\/p>\n<ul>\n<li>L\u00e0m \u01b0\u1edbt t\u00f3c, l\u1ea5y l\u01b0\u1ee3ng d\u1ea7u g\u1ed9i v\u1eeba \u0111\u1ee7 thoa \u0111\u1ec1u.<\/li>\n<li>Massage nh\u1eb9 nh\u00e0ng da \u0111\u1ea7u trong 2-3 ph\u00fat.<\/li>\n<li>X\u1ea3 s\u1ea1ch v\u1edbi n\u01b0\u1edbc cho \u0111\u1ebfn khi h\u1ebft b\u1ecdt.<\/li>\n<\/ul>\n<p>&#8211; Lotion tinh d\u1ea7u B\u01b0\u1edfi 120ml:<\/p>\n<ul>\n<li><span data-sheets-root=\"1\">B\u01b0\u1edbc 1: L\u1eafc \u0111\u1ec1u chai tr\u01b0\u1edbc khi s\u1eed d\u1ee5ng \u0111\u1ec3 dung d\u1ecbch \u0111\u01b0\u1ee3c tr\u1ed9n \u0111\u1ec1u c\u00e1c d\u01b0\u1ee1ng ch\u1ea5t.<\/span><\/li>\n<li><span data-sheets-root=\"1\">B\u01b0\u1edbc 2: X\u1ecbt m\u1ed9t l\u01b0\u1ee3ng serum v\u1eeba \u0111\u1ee7 l\u00ean ch\u00e2n t\u00f3c v\u00e0 \u0111u\u00f4i t\u00f3c. Tr\u00e1nh x\u1ecbt tr\u1ef1c ti\u1ebfp l\u00ean da \u0111\u1ea7u \u0111\u1ec3 h\u1ea1n ch\u1ebf b\u1ebft t\u00f3c.<\/span><\/li>\n<li><span data-sheets-root=\"1\">B\u01b0\u1edbc 3: Massage nh\u1eb9 nh\u00e0ng \u0111\u1ec3 d\u01b0\u1ee1ng ch\u1ea5t th\u1ea9m th\u1ea5u s\u00e2u, gi\u00fap nu\u00f4i d\u01b0\u1ee1ng v\u00e0 ph\u1ee5c h\u1ed3i t\u00f3c hi\u1ec7u qu\u1ea3.<\/span>\ud83d\udccc C\u00f3 th\u1ec3 s\u1eed d\u1ee5ng sau khi g\u1ed9i \u0111\u1ea7u khi t\u00f3c c\u00f2n h\u01a1i \u1ea9m, ho\u1eb7c d\u00f9ng m\u1ed7i ng\u00e0y \u0111\u1ec3 t\u00f3c lu\u00f4n m\u1ec1m m\u1ea1i, b\u00f3ng kh\u1ecfe.<\/li>\n<\/ul>\n<p>\u2022 L\u1eafc \u0111\u1ec1u, x\u1ecbt v\u00e0o ch\u00e2n t\u00f3c, massage da \u0111\u1ea7u \u0111\u1ec3 d\u01b0\u1ee1ng ch\u1ea5t th\u1ea5m s\u00e2u.<\/p>\n<p>&nbsp;<\/p>","protected":false},"excerpt":{"rendered":"<p><strong>Dung t\u00edch:<\/strong> 400ml + 150ml<br \/>\n<strong>Ph\u00f9 h\u1ee3p:<\/strong> Th\u00edch h\u1ee3p cho m\u1ecdi lo\u1ea1i t\u00f3c<br \/>\n<strong>Uses:<\/strong> Combo Ng\u0103n R\u1ee5ng T\u00f3c D\u1ea7u G\u1ed9i X\u1ea3 Hoa B\u01b0\u1edfi + Lotion B\u01b0\u1edfi Thorakao 120ml gi\u00fap gi\u1ea3m r\u1ee5ng t\u00f3c, k\u00edch th\u00edch m\u1ecdc t\u00f3c, nu\u00f4i d\u01b0\u1ee1ng t\u1eeb g\u1ed1c \u0111\u1ebfn ng\u1ecdn. Chi\u1ebft xu\u1ea5t hoa b\u01b0\u1edfi t\u1ef1 nhi\u00ean gi\u00fap t\u00f3c th\u01a1m m\u00e1t, d\u01b0\u1ee1ng t\u00f3c b\u00f3ng kh\u1ecfe, su\u00f4n m\u01b0\u1ee3t v\u00e0 cung c\u1ea5p \u0111\u1ed9 \u1ea9m cho t\u00f3c m\u1ec1m m\u1ea1i.<\/p>","protected":false},"featured_media":17768,"comment_status":"open","ping_status":"closed","template":"","meta":{"_acf_changed":false},"product_brand":[],"product_cat":[120,117],"product_tag":[],"class_list":{"0":"post-4430","1":"product","2":"type-product","3":"status-publish","4":"has-post-thumbnail","6":"product_cat-best-selling","7":"product_cat-combo","9":"first","10":"instock","11":"shipping-taxable","12":"product-type-external"},"acf":[],"_links":{"self":[{"href":"https:\/\/thorakao.com\/en\/wp-json\/wp\/v2\/product\/4430","targetHints":{"allow":["GET"]}}],"collection":[{"href":"https:\/\/thorakao.com\/en\/wp-json\/wp\/v2\/product"}],"about":[{"href":"https:\/\/thorakao.com\/en\/wp-json\/wp\/v2\/types\/product"}],"replies":[{"embeddable":true,"href":"https:\/\/thorakao.com\/en\/wp-json\/wp\/v2\/comments?post=4430"}],"wp:featuredmedia":[{"embeddable":true,"href":"https:\/\/thorakao.com\/en\/wp-json\/wp\/v2\/media\/17768"}],"wp:attachment":[{"href":"https:\/\/thorakao.com\/en\/wp-json\/wp\/v2\/media?parent=4430"}],"wp:term":[{"taxonomy":"product_brand","embeddable":true,"href":"https:\/\/thorakao.com\/en\/wp-json\/wp\/v2\/product_brand?post=4430"},{"taxonomy":"product_cat","embeddable":true,"href":"https:\/\/thorakao.com\/en\/wp-json\/wp\/v2\/product_cat?post=4430"},{"taxonomy":"product_tag","embeddable":true,"href":"https:\/\/thorakao.com\/en\/wp-json\/wp\/v2\/product_tag?post=4430"}],"curies":[{"name":"wp","href":"https:\/\/api.w.org\/{rel}","templated":true}]}}